{"id":742561,"date":"2025-03-03T18:22:27","date_gmt":"2025-03-03T17:22:27","guid":{"rendered":"https:\/\/stoic-curie.212-227-153-4.plesk.page\/producto\/hladnjak-vitrifrigo-dw75rfx-75lt-12-24v\/"},"modified":"2026-02-25T00:01:01","modified_gmt":"2026-02-25T00:01:01","slug":"hladnjak-vitrifrigo-dw75rfx-75lt-12-24v","status":"publish","type":"product","link":"https:\/\/stoic-curie.212-227-153-4.plesk.page\/hr\/product\/hladnjak-vitrifrigo-dw75rfx-75lt-12-24v\/","title":{"rendered":"Hladnjak Vitrifrigo DW75L"},"content":{"rendered":"<p>Hladnjak Vitrifrigo DW75L &#8211; <\/p>\n<p style=\"color: rgb(34, 34, 34); font-family: Arial, Helvetica, sans-serif; font-size: small;\">Predstavljamo Vitrifrigo DW75L OCX2, hladnjak-zamrziva\u010d od nehr\u0111aju\u0107eg \u010delika s ladicom, dizajniran za u\u010dinkovitost i prakti\u010dnost. Ovaj model ima ukupni kapacitet od 75 litara, pri \u010demu je 10,2 litara namijenjeno opcionalnom odjeljku za zamrzavanje. Opremljen je vanjskom Danfoss rashladnom jedinicom, \u0161to ga \u010dini idealnim izborom za one koji tra\u017ee pouzdana rje\u0161enja za hla\u0111enje.<\/p>\n<p style=\"color: rgb(34, 34, 34); font-family: Arial, Helvetica, sans-serif; font-size: small;\">DW75L OCX2 isti\u010de se pozitivnom bravom sa zaskokom, koja u\u010dinkovito sprje\u010dava slu\u010dajno otvaranje ladice. Uz to, vrata su dizajnirana s inovativnim sustavom &#8220;ventilacijske pozicije&#8221; integriranim u ru\u010dku. To omogu\u0107uje djelomi\u010dno otvaranje kada se hladnjak ne koristi, poma\u017eu\u0107i u sprje\u010davanju rasta plijesni i neugodnih mirisa, dok pobolj\u0161ava o\u010duvanje hrane.<\/p>\n<p style=\"color: rgb(34, 34, 34); font-family: Arial, Helvetica, sans-serif; font-size: small;\"><strong>Specifikacije proizvoda:<\/strong><\/p>\n<ul style=\"color: rgb(34, 34, 34); font-family: Arial, Helvetica, sans-serif; font-size: small;\">\n<li><strong>Zavr\u0161etak vrata:<\/strong>\u00a0Nehr\u0111aju\u0107i \u010delik<\/li>\n<li><strong>Ukupni kapacitet:<\/strong>\u00a075 litara<\/li>\n<li><strong>Visina:<\/strong>\u00a0635 mm<\/li>\n<li><strong>Duljina:<\/strong>\u00a0533 mm<\/li>\n<li><strong>Dubina:<\/strong>\u00a0456 mm<\/li>\n<li><strong>Serija:<\/strong>\u00a0DW OCX2<\/li>\n<li><strong>Obrnuta vrata:<\/strong>\u00a0Ne<\/li>\n<li><strong>Termostat:<\/strong>\u00a0Mehani\u010dki<\/li>\n<li><strong>Tehnologija hla\u0111enja:<\/strong>\u00a0Kompressor<\/li>\n<li><strong>Rashladna jedinica:<\/strong>\u00a0Vanjska<\/li>\n<li><strong>Otvor vrata:<\/strong>\u00a0Otvor ladice<\/li>\n<li><strong>Napon:<\/strong>\u00a012\/24 VDC<\/li>\n<\/ul>\n<p style=\"color: rgb(34, 34, 34); font-family: Arial, Helvetica, sans-serif; font-size: small;\">Ovaj hladnjak-zamrziva\u010d optimalno je rje\u0161enje za vlasnike \u010damaca koji tra\u017ee visokokvalitetnu i pouzdanu opremu za hla\u0111enje.<\/p>\n","protected":false},"excerpt":{"rendered":"<p>Hladnjak Vitrifrigo DW75L &#8211; Predstavljamo Vitrifrigo DW75L OCX2, hladnjak-zamrziva\u010d od nehr\u0111aju\u0107eg \u010delika s ladicom, dizajniran za u\u010dinkovitost i prakti\u010dnost. Ovaj<\/p>\n","protected":false},"featured_media":5943893,"comment_status":"open","ping_status":"closed","template":"","meta":[],"product_brand":[3526],"product_cat":[1751],"product_tag":[],"class_list":{"0":"post-742561","1":"product","2":"type-product","3":"status-publish","4":"has-post-thumbnail","6":"product_brand-vitrifrigo-hr","7":"product_cat-hladnjaci-i-zamrzivaci","9":"first","10":"instock","11":"shipping-taxable","12":"purchasable","13":"product-type-simple"},"_links":{"self":[{"href":"https:\/\/stoic-curie.212-227-153-4.plesk.page\/hr\/wp-json\/wp\/v2\/product\/742561","targetHints":{"allow":["GET"]}}],"collection":[{"href":"https:\/\/stoic-curie.212-227-153-4.plesk.page\/hr\/wp-json\/wp\/v2\/product"}],"about":[{"href":"https:\/\/stoic-curie.212-227-153-4.plesk.page\/hr\/wp-json\/wp\/v2\/types\/product"}],"replies":[{"embeddable":true,"href":"https:\/\/stoic-curie.212-227-153-4.plesk.page\/hr\/wp-json\/wp\/v2\/comments?post=742561"}],"version-history":[{"count":0,"href":"https:\/\/stoic-curie.212-227-153-4.plesk.page\/hr\/wp-json\/wp\/v2\/product\/742561\/revisions"}],"wp:featuredmedia":[{"embeddable":true,"href":"https:\/\/stoic-curie.212-227-153-4.plesk.page\/hr\/wp-json\/wp\/v2\/media\/5943893"}],"wp:attachment":[{"href":"https:\/\/stoic-curie.212-227-153-4.plesk.page\/hr\/wp-json\/wp\/v2\/media?parent=742561"}],"wp:term":[{"taxonomy":"product_brand","embeddable":true,"href":"https:\/\/stoic-curie.212-227-153-4.plesk.page\/hr\/wp-json\/wp\/v2\/product_brand?post=742561"},{"taxonomy":"product_cat","embeddable":true,"href":"https:\/\/stoic-curie.212-227-153-4.plesk.page\/hr\/wp-json\/wp\/v2\/product_cat?post=742561"},{"taxonomy":"product_tag","embeddable":true,"href":"https:\/\/stoic-curie.212-227-153-4.plesk.page\/hr\/wp-json\/wp\/v2\/product_tag?post=742561"}],"curies":[{"name":"wp","href":"https:\/\/api.w.org\/{rel}","templated":true}]}}