{"id":742562,"date":"2025-03-03T18:22:27","date_gmt":"2025-03-03T17:22:27","guid":{"rendered":"https:\/\/stoic-curie.212-227-153-4.plesk.page\/producto\/hladnjak-vitririgo-dw90rfx-12-24v-90lt\/"},"modified":"2026-02-25T00:01:01","modified_gmt":"2026-02-25T00:01:01","slug":"hladnjak-vitririgo-dw90rfx-12-24v-90lt","status":"publish","type":"product","link":"https:\/\/stoic-curie.212-227-153-4.plesk.page\/hr\/product\/hladnjak-vitririgo-dw90rfx-12-24v-90lt\/","title":{"rendered":"Hladnjak Vitririgo DW90i"},"content":{"rendered":"<p>Hladnjak Vitririgo DW90i &#8211; <\/p>\n<p style=\"color: rgb(34, 34, 34); font-family: Arial, Helvetica, sans-serif; font-size: small;\">Predstavljamo DW90i OCX2 hladnjak-zamrziva\u010d s ladicom od nehr\u0111aju\u0107eg \u010delika od Vitrifriga, vrhunski izbor za vlasnike brodova koji tra\u017ee pouzdana rje\u0161enja za hla\u0111enje. Ovaj model ima robusnu nehr\u0111aju\u0107u \u010deli\u010dnu vanj\u0161tinu i dizajniran je s unutarnjom Danfoss hla\u0111enjem od 12\/24V, osiguravaju\u0107i u\u010dinkovito djelovanje. Otvor ladice uklju\u010duje ventilacijsku poziciju, idealnu za razdoblja neaktivnosti, omogu\u0107uju\u0107i optimalnu cirkulaciju zraka.<\/p>\n<p style=\"color: rgb(34, 34, 34); font-family: Arial, Helvetica, sans-serif; font-size: small;\">S ukupnim kapacitetom od 90 litara, DW90i OCX2 nudi 9,8 litara posve\u0107enih odjeljku za zamrzavanje, \u0161to ga \u010dini svestranim za razne potrebe pohrane. Hladnjak je opremljen unutarnjom hla\u0111enjem, osiguravaju\u0107i konzistentnu kontrolu temperature.<\/p>\n<p style=\"color: rgb(34, 34, 34); font-family: Arial, Helvetica, sans-serif; font-size: small;\">Jedna od istaknutih zna\u010dajki ovog modela je pozitivno zaklju\u010davanje ladice, koja je pomno konstruirana kako bi se sprije\u010dila slu\u010dajna otvaranja, pru\u017eaju\u0107i vam miran san dok ste na vodi.<\/p>\n<p style=\"color: rgb(34, 34, 34); font-family: Arial, Helvetica, sans-serif; font-size: small;\">Osim toga, vrata sadr\u017ee inovativni mehanizam &#8220;Vent pozicija&#8221; unutar ru\u010dke, koji omogu\u0107uje djelomi\u010dno otvaranje tijekom neaktivnosti. Ova funkcija ne samo da poma\u017ee u sprje\u010davanju plijesni i neugodnih mirisa, ve\u0107 tako\u0111er pobolj\u0161ava o\u010duvanje hrane.<\/p>\n<p style=\"color: rgb(34, 34, 34); font-family: Arial, Helvetica, sans-serif; font-size: small;\"><strong>Specifikacije:<\/strong><\/p>\n<ul style=\"color: rgb(34, 34, 34); font-family: Arial, Helvetica, sans-serif; font-size: small;\">\n<li><strong>Zavr\u0161na obrada vrata:<\/strong>\u00a0Nehr\u0111aju\u0107i \u010delik<\/li>\n<li><strong>Kapacitet:<\/strong>\u00a090,00 litara<\/li>\n<li><strong>Visina:<\/strong>\u00a0635,00 mm<\/li>\n<li><strong>Duljina:<\/strong>\u00a0533,00 mm<\/li>\n<li><strong>Dubina:<\/strong>\u00a0543,00 mm<\/li>\n<li><strong>Serija:<\/strong>\u00a0DW OCX2<\/li>\n<li><strong>Reverzibilna vrata:<\/strong>\u00a0Ne<\/li>\n<li><strong>Termostat:<\/strong>\u00a0Mehani\u010dki<\/li>\n<li><strong>Tehnologija hla\u0111enja:<\/strong>\u00a0Kompresor<\/li>\n<li><strong>Hladna jedinica:<\/strong>\u00a0Unutarnja<\/li>\n<li><strong>Otvor vrata:<\/strong>\u00a0Otvor ladice<\/li>\n<li><strong>Napon:<\/strong>\u00a012\/24 VDC<\/li>\n<\/ul>\n<p style=\"color: rgb(34, 34, 34); font-family: Arial, Helvetica, sans-serif; font-size: small;\">Ovaj hladnjak-zamrziva\u010d je izvrstan dodatak svakom brodu, kombiniraju\u0107i funkcionalnost s elegantnim dizajnom, osiguravaju\u0107i da va\u0161a hrana i pi\u0107a ostanu svje\u017ea tijekom va\u0161ih pomorskih avantura.<\/p>\n","protected":false},"excerpt":{"rendered":"<p>Hladnjak Vitririgo DW90i &#8211; Predstavljamo DW90i OCX2 hladnjak-zamrziva\u010d s ladicom od nehr\u0111aju\u0107eg \u010delika od Vitrifriga, vrhunski izbor za vlasnike brodova<\/p>\n","protected":false},"featured_media":5943894,"comment_status":"open","ping_status":"closed","template":"","meta":[],"product_brand":[3526],"product_cat":[1751],"product_tag":[],"class_list":{"0":"post-742562","1":"product","2":"type-product","3":"status-publish","4":"has-post-thumbnail","6":"product_brand-vitrifrigo-hr","7":"product_cat-hladnjaci-i-zamrzivaci","9":"first","10":"instock","11":"shipping-taxable","12":"purchasable","13":"product-type-simple"},"_links":{"self":[{"href":"https:\/\/stoic-curie.212-227-153-4.plesk.page\/hr\/wp-json\/wp\/v2\/product\/742562","targetHints":{"allow":["GET"]}}],"collection":[{"href":"https:\/\/stoic-curie.212-227-153-4.plesk.page\/hr\/wp-json\/wp\/v2\/product"}],"about":[{"href":"https:\/\/stoic-curie.212-227-153-4.plesk.page\/hr\/wp-json\/wp\/v2\/types\/product"}],"replies":[{"embeddable":true,"href":"https:\/\/stoic-curie.212-227-153-4.plesk.page\/hr\/wp-json\/wp\/v2\/comments?post=742562"}],"version-history":[{"count":0,"href":"https:\/\/stoic-curie.212-227-153-4.plesk.page\/hr\/wp-json\/wp\/v2\/product\/742562\/revisions"}],"wp:featuredmedia":[{"embeddable":true,"href":"https:\/\/stoic-curie.212-227-153-4.plesk.page\/hr\/wp-json\/wp\/v2\/media\/5943894"}],"wp:attachment":[{"href":"https:\/\/stoic-curie.212-227-153-4.plesk.page\/hr\/wp-json\/wp\/v2\/media?parent=742562"}],"wp:term":[{"taxonomy":"product_brand","embeddable":true,"href":"https:\/\/stoic-curie.212-227-153-4.plesk.page\/hr\/wp-json\/wp\/v2\/product_brand?post=742562"},{"taxonomy":"product_cat","embeddable":true,"href":"https:\/\/stoic-curie.212-227-153-4.plesk.page\/hr\/wp-json\/wp\/v2\/product_cat?post=742562"},{"taxonomy":"product_tag","embeddable":true,"href":"https:\/\/stoic-curie.212-227-153-4.plesk.page\/hr\/wp-json\/wp\/v2\/product_tag?post=742562"}],"curies":[{"name":"wp","href":"https:\/\/api.w.org\/{rel}","templated":true}]}}