{"id":742564,"date":"2025-03-03T18:22:28","date_gmt":"2025-03-03T17:22:28","guid":{"rendered":"https:\/\/stoic-curie.212-227-153-4.plesk.page\/producto\/vitrifrigo-hladnjak-c42dw-42lt-12-24lt\/"},"modified":"2026-02-25T00:01:01","modified_gmt":"2026-02-25T00:01:01","slug":"vitrifrigo-hladnjak-c42dw-42lt-12-24lt","status":"publish","type":"product","link":"https:\/\/stoic-curie.212-227-153-4.plesk.page\/hr\/product\/vitrifrigo-hladnjak-c42dw-42lt-12-24lt\/","title":{"rendered":"Vitrifrigo hladnjak C42DWLP"},"content":{"rendered":"<p>Vitrifrigo hladnjak C42DWLP &#8211; <\/p>\n<p style=\"color: rgb(34, 34, 34); font-family: Arial, Helvetica, sans-serif; font-size: small;\">Vitrifrigo C42DWLP CHR hladnjak-zamrziva\u010d s ladicom izvrstan je izbor za va\u0161e nauti\u010dke potrebe, nude\u0107i ukupni kapacitet od 42 litre. Ovaj model ima vanjsku Danfossovu jedinicu za hla\u0111enje koja se mo\u017ee postaviti do 1,5 metra daleko, osiguravaju\u0107i u\u010dinkovito hla\u0111enje. Tako\u0111er uklju\u010duje otvaranje ladice s ventilacijskom pozicijom za vrijeme kada hladnjak nije u upotrebi. Ure\u0111aj je opremljen LED svjetlom i mehani\u010dkim termostatom za jednostavno upravljanje.<\/p>\n<p style=\"color: rgb(34, 34, 34); font-family: Arial, Helvetica, sans-serif; font-size: small;\">Klju\u010dna zna\u010dajka C42DWLP CHR-a je njegova siva panelna ladica koja ima mehanizam za zaklju\u010davanje na klik. Ovaj dizajn poma\u017ee u sprje\u010davanju nenamjernih otvaranja, dr\u017ee\u0107i va\u0161e stvari sigurnima.<\/p>\n<p style=\"color: rgb(34, 34, 34); font-family: Arial, Helvetica, sans-serif; font-size: small;\">Dr\u0161ka vrata uklju\u010duje inovativni sustav &#8220;ventilacijska pozicija&#8221;, koji omogu\u0107uje djelomi\u010dno otvaranje tijekom razdoblja neaktivnosti. Ova funkcija poma\u017ee u sprje\u010davanju plijesni i neugodnih mirisa dok odr\u017eava va\u0161u hranu svje\u017eom.<\/p>\n<p style=\"color: rgb(34, 34, 34); font-family: Arial, Helvetica, sans-serif; font-size: small;\"><strong>Specifikacija zna\u010dajki<\/strong><\/p>\n<ul style=\"color: rgb(34, 34, 34); font-family: Arial, Helvetica, sans-serif; font-size: small;\">\n<li><strong>Zavr\u0161na obrada vrata:<\/strong>\u00a0Laminat<\/li>\n<li><strong>Kapacitet (litara):<\/strong>\u00a042.00<\/li>\n<li><strong>Visina (mm):<\/strong>\u00a0532.00<\/li>\n<li><strong>Duljina (mm):<\/strong>\u00a0380.00<\/li>\n<li><strong>Dubina (mm):<\/strong>\u00a0342.00<\/li>\n<li><strong>Serija:<\/strong>\u00a0CHROMELOCK<\/li>\n<li><strong>Obrnuta vrata:<\/strong>\u00a0Ne<\/li>\n<li><strong>Termostat:<\/strong>\u00a0Mehani\u010dki<\/li>\n<li><strong>Tehnologija hla\u0111enja:<\/strong>\u00a0Kompresor<\/li>\n<li><strong>Hladnja\u010dka jedinica:<\/strong>\u00a0Vanjska<\/li>\n<li><strong>Otvor vrata:<\/strong>\u00a0Otvor s ladicom<\/li>\n<li><strong>Napon:<\/strong>\u00a012\/24 VDC<\/li>\n<\/ul>\n","protected":false},"excerpt":{"rendered":"<p>Vitrifrigo hladnjak C42DWLP &#8211; Vitrifrigo C42DWLP CHR hladnjak-zamrziva\u010d s ladicom izvrstan je izbor za va\u0161e nauti\u010dke potrebe, nude\u0107i ukupni kapacitet<\/p>\n","protected":false},"featured_media":5943898,"comment_status":"open","ping_status":"closed","template":"","meta":[],"product_brand":[3526],"product_cat":[1751],"product_tag":[],"class_list":{"0":"post-742564","1":"product","2":"type-product","3":"status-publish","4":"has-post-thumbnail","6":"product_brand-vitrifrigo-hr","7":"product_cat-hladnjaci-i-zamrzivaci","9":"first","10":"instock","11":"shipping-taxable","12":"purchasable","13":"product-type-simple"},"_links":{"self":[{"href":"https:\/\/stoic-curie.212-227-153-4.plesk.page\/hr\/wp-json\/wp\/v2\/product\/742564","targetHints":{"allow":["GET"]}}],"collection":[{"href":"https:\/\/stoic-curie.212-227-153-4.plesk.page\/hr\/wp-json\/wp\/v2\/product"}],"about":[{"href":"https:\/\/stoic-curie.212-227-153-4.plesk.page\/hr\/wp-json\/wp\/v2\/types\/product"}],"replies":[{"embeddable":true,"href":"https:\/\/stoic-curie.212-227-153-4.plesk.page\/hr\/wp-json\/wp\/v2\/comments?post=742564"}],"version-history":[{"count":0,"href":"https:\/\/stoic-curie.212-227-153-4.plesk.page\/hr\/wp-json\/wp\/v2\/product\/742564\/revisions"}],"wp:featuredmedia":[{"embeddable":true,"href":"https:\/\/stoic-curie.212-227-153-4.plesk.page\/hr\/wp-json\/wp\/v2\/media\/5943898"}],"wp:attachment":[{"href":"https:\/\/stoic-curie.212-227-153-4.plesk.page\/hr\/wp-json\/wp\/v2\/media?parent=742564"}],"wp:term":[{"taxonomy":"product_brand","embeddable":true,"href":"https:\/\/stoic-curie.212-227-153-4.plesk.page\/hr\/wp-json\/wp\/v2\/product_brand?post=742564"},{"taxonomy":"product_cat","embeddable":true,"href":"https:\/\/stoic-curie.212-227-153-4.plesk.page\/hr\/wp-json\/wp\/v2\/product_cat?post=742564"},{"taxonomy":"product_tag","embeddable":true,"href":"https:\/\/stoic-curie.212-227-153-4.plesk.page\/hr\/wp-json\/wp\/v2\/product_tag?post=742564"}],"curies":[{"name":"wp","href":"https:\/\/api.w.org\/{rel}","templated":true}]}}