{"id":742565,"date":"2025-03-03T18:22:28","date_gmt":"2025-03-03T17:22:28","guid":{"rendered":"https:\/\/stoic-curie.212-227-153-4.plesk.page\/producto\/brodski-hladnjak-vitrifrigo-slim-150-140lt-12-24v\/"},"modified":"2026-02-25T00:01:01","modified_gmt":"2026-02-25T00:01:01","slug":"brodski-hladnjak-vitrifrigo-slim-150-140lt-12-24v","status":"publish","type":"product","link":"https:\/\/stoic-curie.212-227-153-4.plesk.page\/hr\/product\/brodski-hladnjak-vitrifrigo-slim-150-140lt-12-24v\/","title":{"rendered":"Brodski hladnjak Vitrifrigo DP150iD"},"content":{"rendered":"<p>Brodski hladnjak Vitrifrigo DP150iD &#8211; <\/p>\n<p style=\"\"><strong style=\"color: rgb(34, 34, 34); font-family: Arial, Helvetica, sans-serif; font-size: small;\">Hladnjak-smetnjak\u00a0<\/strong><span style=\"color: rgb(34, 34, 34); font-family: Arial, Helvetica, sans-serif; font-size: small; font-weight: 700;\">Vitrifrigo\u00a0<\/span><strong style=\"color: rgb(34, 34, 34); font-family: Arial, Helvetica, sans-serif; font-size: small;\">DP150iD CHR, Crna, Vitrifrigo<\/strong><\/p>\n<p style=\"color: rgb(34, 34, 34); font-family: Arial, Helvetica, sans-serif; font-size: small;\">DP150i DGT CHR, dio Chromelock serije, je hladnjak-smetnjak dizajniran za pohranu do 150 litara, podijeljen u dva razli\u010dita odjeljka. Uklju\u010duje internu jedinicu za hla\u0111enje radi u\u010dinkovite uporabe.<\/p>\n<p style=\"color: rgb(34, 34, 34); font-family: Arial, Helvetica, sans-serif; font-size: small;\">Klju\u010dne zna\u010dajke ovog modela uklju\u010duju snapp-lock zatvaranje koje sprje\u010dava slu\u010dajna otvaranja i inovativni sustav &#8220;ventilativna pozicija&#8221; u ru\u010dki. Ovaj sustav omogu\u0107ava lagano otvaranje, \u0161to poma\u017ee u inhibiciji rasta plijesni i eliminuje neugodne mirise unutar jedinice.<\/p>\n<p style=\"color: rgb(34, 34, 34); font-family: Arial, Helvetica, sans-serif; font-size: small;\">Osim toga, hladnjak-smetnjak opremljen je reverzibilnim crnim panelom, \u0161to osigurava fleksibilnost instalacije.<\/p>\n<p style=\"color: rgb(34, 34, 34); font-family: Arial, Helvetica, sans-serif; font-size: small;\">Jo\u0161 jedna zna\u010dajna zna\u010dajka je digitalni termostat, koji omogu\u0107uje precizniju kontrolu temperature u usporedbi s tradicionalnim mehani\u010dkim termostatima.<\/p>\n<p style=\"color: rgb(34, 34, 34); font-family: Arial, Helvetica, sans-serif; font-size: small;\"><strong>Specifikacije:<\/strong><\/p>\n<ul style=\"color: rgb(34, 34, 34); font-family: Arial, Helvetica, sans-serif; font-size: small;\">\n<li><strong>Zavr\u0161na obrada vrata:<\/strong>\u00a0Laminat<\/li>\n<li><strong>Kapacitet:<\/strong>\u00a0150 litara<\/li>\n<li><strong>Visina:<\/strong>\u00a01.095 mm<\/li>\n<li><strong>Duljina:<\/strong>\u00a0525 mm<\/li>\n<li><strong>Dubina:<\/strong>\u00a0530 mm<\/li>\n<li><strong>Serija:<\/strong>\u00a0Chromelock<\/li>\n<li><strong>Reverzibilna vrata:<\/strong>\u00a0Da<\/li>\n<li><strong>Termostat:<\/strong>\u00a0Digitalni<\/li>\n<li><strong>Tehnologija hla\u0111enja:<\/strong>\u00a0Kompresor<\/li>\n<li><strong>Hladnja\u010dka jedinica:<\/strong>\u00a0Unutarnja<\/li>\n<li><strong>Otvaranje vrata:<\/strong>\u00a0Dvoja prednja vrata<\/li>\n<li><strong>Napon:<\/strong>\u00a012\/24 VDC<\/li>\n<\/ul>\n","protected":false},"excerpt":{"rendered":"<p>Brodski hladnjak Vitrifrigo DP150iD &#8211; Hladnjak-smetnjak\u00a0Vitrifrigo\u00a0DP150iD CHR, Crna, Vitrifrigo DP150i DGT CHR, dio Chromelock serije, je hladnjak-smetnjak dizajniran za pohranu<\/p>\n","protected":false},"featured_media":5943902,"comment_status":"open","ping_status":"closed","template":"","meta":[],"product_brand":[3526],"product_cat":[1751],"product_tag":[],"class_list":{"0":"post-742565","1":"product","2":"type-product","3":"status-publish","4":"has-post-thumbnail","6":"product_brand-vitrifrigo-hr","7":"product_cat-hladnjaci-i-zamrzivaci","9":"first","10":"instock","11":"shipping-taxable","12":"purchasable","13":"product-type-simple"},"_links":{"self":[{"href":"https:\/\/stoic-curie.212-227-153-4.plesk.page\/hr\/wp-json\/wp\/v2\/product\/742565","targetHints":{"allow":["GET"]}}],"collection":[{"href":"https:\/\/stoic-curie.212-227-153-4.plesk.page\/hr\/wp-json\/wp\/v2\/product"}],"about":[{"href":"https:\/\/stoic-curie.212-227-153-4.plesk.page\/hr\/wp-json\/wp\/v2\/types\/product"}],"replies":[{"embeddable":true,"href":"https:\/\/stoic-curie.212-227-153-4.plesk.page\/hr\/wp-json\/wp\/v2\/comments?post=742565"}],"version-history":[{"count":0,"href":"https:\/\/stoic-curie.212-227-153-4.plesk.page\/hr\/wp-json\/wp\/v2\/product\/742565\/revisions"}],"wp:featuredmedia":[{"embeddable":true,"href":"https:\/\/stoic-curie.212-227-153-4.plesk.page\/hr\/wp-json\/wp\/v2\/media\/5943902"}],"wp:attachment":[{"href":"https:\/\/stoic-curie.212-227-153-4.plesk.page\/hr\/wp-json\/wp\/v2\/media?parent=742565"}],"wp:term":[{"taxonomy":"product_brand","embeddable":true,"href":"https:\/\/stoic-curie.212-227-153-4.plesk.page\/hr\/wp-json\/wp\/v2\/product_brand?post=742565"},{"taxonomy":"product_cat","embeddable":true,"href":"https:\/\/stoic-curie.212-227-153-4.plesk.page\/hr\/wp-json\/wp\/v2\/product_cat?post=742565"},{"taxonomy":"product_tag","embeddable":true,"href":"https:\/\/stoic-curie.212-227-153-4.plesk.page\/hr\/wp-json\/wp\/v2\/product_tag?post=742565"}],"curies":[{"name":"wp","href":"https:\/\/api.w.org\/{rel}","templated":true}]}}