{"id":742566,"date":"2025-03-03T18:22:28","date_gmt":"2025-03-03T17:22:28","guid":{"rendered":"https:\/\/stoic-curie.212-227-153-4.plesk.page\/producto\/vitifrigo-hladnjak-c75dw-75lt-12-24v\/"},"modified":"2026-02-25T00:01:01","modified_gmt":"2026-02-25T00:01:01","slug":"vitifrigo-hladnjak-c75dw-75lt-12-24v","status":"publish","type":"product","link":"https:\/\/stoic-curie.212-227-153-4.plesk.page\/hr\/product\/vitifrigo-hladnjak-c75dw-75lt-12-24v\/","title":{"rendered":"Vitifrigo hladnjak C75DWL"},"content":{"rendered":"<p>Vitifrigo hladnjak C75DWL &#8211; <\/p>\n<p style=\"color: rgb(34, 34, 34); font-family: Arial, Helvetica, sans-serif; font-size: small;\">Predstavljamo Vitrifrigo C75DWL CHR hladnjak-samostalni zamrziva\u010d u sivoj boji. Ovaj ladi\u010dni hladnjak radi s vanjskom Danfoss jedinicom za hla\u0111enje 12\/24V, koja se mo\u017ee staviti do 1,5 metara daleko. Ima ladicu koja se otvara u ventilacijskoj poziciji, savr\u0161ena u trenucima kada se ne koristi. Jedinica je opremljena LED svjetlom i mehani\u010dkim termostatom za jednostavno rukovanje.<\/p>\n<p style=\"color: rgb(34, 34, 34); font-family: Arial, Helvetica, sans-serif; font-size: small;\">C75DWL CHR je dio Chromelock serije i nudi ukupni kapacitet od 75 litara, \u0161to ga \u010dini izvrsnim izborom za va\u0161e potrebe hla\u0111enja. Vanjska jedinica za hla\u0111enje poma\u017ee maksimizirati prostor unutar ladice.<\/p>\n<p style=\"color: rgb(34, 34, 34); font-family: Arial, Helvetica, sans-serif; font-size: small;\">Jedna od istaknutih zna\u010dajki je siva ladica koja se mo\u017ee panelirati i uklju\u010duje mehanizam za zaklju\u010davanje na klik, dizajniran za sprje\u010davanje slu\u010dajnih otvaranja.<\/p>\n<p style=\"color: rgb(34, 34, 34); font-family: Arial, Helvetica, sans-serif; font-size: small;\">Ru\u010dno hvati\u0161te vratima tako\u0111er posjeduje inovativni integrirani sustav &#8220;ventilacijske pozicije&#8221;, koji omogu\u0107ava djelomi\u010dno otvaranje tijekom razdoblja neaktivnosti. Ova funkcija poma\u017ee u spre\u010davanju plijesni i neugodnih mirisa dok osigurava da va\u0161a hrana ostane svje\u017ea.<\/p>\n<p style=\"color: rgb(34, 34, 34); font-family: Arial, Helvetica, sans-serif; font-size: small;\"><strong>Specifikacije:<\/strong><\/p>\n<ul style=\"color: rgb(34, 34, 34); font-family: Arial, Helvetica, sans-serif; font-size: small;\">\n<li><strong>Zavr\u0161na obrada vrata:<\/strong>\u00a0Laminat<\/li>\n<li><strong>Kapacitet:<\/strong>\u00a075 litara<\/li>\n<li><strong>Visina:<\/strong>\u00a0622 mm<\/li>\n<li><strong>Duljina:<\/strong>\u00a0470 mm<\/li>\n<li><strong>Dubina:<\/strong>\u00a0460 mm<\/li>\n<li><strong>Te\u017eina:<\/strong>\u00a021,60 kg<\/li>\n<li><strong>Serija:<\/strong>\u00a0Chromelock<\/li>\n<li><strong>Povratna vrata:<\/strong>\u00a0Ne<\/li>\n<li><strong>Termostat:<\/strong>\u00a0Mehani\u010dki<\/li>\n<li><strong>Tehnologija hla\u0111enja:<\/strong>\u00a0Kompresor<\/li>\n<li><strong>Hladnja\u010dka jedinica:<\/strong>\u00a0Vanjska<\/li>\n<li><strong>Otvor vrata:<\/strong>\u00a0Otvor ladice<\/li>\n<li><strong>Napon:<\/strong>\u00a012\/24 VDC<\/li>\n<\/ul>\n<p style=\"color: rgb(34, 34, 34); font-family: Arial, Helvetica, sans-serif; font-size: small;\">Ovaj hladnjak-zamrziva\u010d je pouzdano i u\u010dinkovito rje\u0161enje za odr\u017eavanje va\u0161e hrane i pi\u0107a svje\u017eima dok ste u pokretu.<\/p>\n","protected":false},"excerpt":{"rendered":"<p>Vitifrigo hladnjak C75DWL &#8211; Predstavljamo Vitrifrigo C75DWL CHR hladnjak-samostalni zamrziva\u010d u sivoj boji. Ovaj ladi\u010dni hladnjak radi s vanjskom Danfoss<\/p>\n","protected":false},"featured_media":5943903,"comment_status":"open","ping_status":"closed","template":"","meta":[],"product_brand":[3526],"product_cat":[1751],"product_tag":[],"class_list":{"0":"post-742566","1":"product","2":"type-product","3":"status-publish","4":"has-post-thumbnail","6":"product_brand-vitrifrigo-hr","7":"product_cat-hladnjaci-i-zamrzivaci","9":"first","10":"instock","11":"shipping-taxable","12":"purchasable","13":"product-type-simple"},"_links":{"self":[{"href":"https:\/\/stoic-curie.212-227-153-4.plesk.page\/hr\/wp-json\/wp\/v2\/product\/742566","targetHints":{"allow":["GET"]}}],"collection":[{"href":"https:\/\/stoic-curie.212-227-153-4.plesk.page\/hr\/wp-json\/wp\/v2\/product"}],"about":[{"href":"https:\/\/stoic-curie.212-227-153-4.plesk.page\/hr\/wp-json\/wp\/v2\/types\/product"}],"replies":[{"embeddable":true,"href":"https:\/\/stoic-curie.212-227-153-4.plesk.page\/hr\/wp-json\/wp\/v2\/comments?post=742566"}],"version-history":[{"count":0,"href":"https:\/\/stoic-curie.212-227-153-4.plesk.page\/hr\/wp-json\/wp\/v2\/product\/742566\/revisions"}],"wp:featuredmedia":[{"embeddable":true,"href":"https:\/\/stoic-curie.212-227-153-4.plesk.page\/hr\/wp-json\/wp\/v2\/media\/5943903"}],"wp:attachment":[{"href":"https:\/\/stoic-curie.212-227-153-4.plesk.page\/hr\/wp-json\/wp\/v2\/media?parent=742566"}],"wp:term":[{"taxonomy":"product_brand","embeddable":true,"href":"https:\/\/stoic-curie.212-227-153-4.plesk.page\/hr\/wp-json\/wp\/v2\/product_brand?post=742566"},{"taxonomy":"product_cat","embeddable":true,"href":"https:\/\/stoic-curie.212-227-153-4.plesk.page\/hr\/wp-json\/wp\/v2\/product_cat?post=742566"},{"taxonomy":"product_tag","embeddable":true,"href":"https:\/\/stoic-curie.212-227-153-4.plesk.page\/hr\/wp-json\/wp\/v2\/product_tag?post=742566"}],"curies":[{"name":"wp","href":"https:\/\/api.w.org\/{rel}","templated":true}]}}