{"id":742567,"date":"2025-03-03T18:22:28","date_gmt":"2025-03-03T17:22:28","guid":{"rendered":"https:\/\/stoic-curie.212-227-153-4.plesk.page\/producto\/vitrifrigo-hladnjak-c90dw-90lt-12-24v\/"},"modified":"2026-02-25T00:01:01","modified_gmt":"2026-02-25T00:01:01","slug":"vitrifrigo-hladnjak-c90dw-90lt-12-24v","status":"publish","type":"product","link":"https:\/\/stoic-curie.212-227-153-4.plesk.page\/hr\/product\/vitrifrigo-hladnjak-c90dw-90lt-12-24v\/","title":{"rendered":"Vitrifrigo Hladnjak C90DW 90lt 12-24v"},"content":{"rendered":"<p>Vitrifrigo Hladnjak C90DW 90lt 12-24v &#8211; <\/p>\n<p style=\"color: rgb(34, 34, 34); font-family: Arial, Helvetica, sans-serif; font-size: small;\">Predstavljamo Vitrifrigo C90DWi CHR Hladnjak-Zamrziva\u010d u sivoj boji. Ovaj model sadr\u017ei hladnjak u obliku ladice opremljen unutarnjom Danfoss hladnjom na 12\/24V. Uklju\u010duje ventilacijsku poziciju za ladicu koja je korisna tijekom razdoblja neupotrebe. Hladnjak-zamrziva\u010d tako\u0111er je opremljen LED svjetlom i mehani\u010dkim termostatom za jednostavno upravljanje.<\/p>\n<p style=\"color: rgb(34, 34, 34); font-family: Arial, Helvetica, sans-serif; font-size: small;\">C90DWi CHR iz Chromelock serije dizajniran je za pru\u017eanje u\u010dinkovite skladi\u0161ne rje\u0161enja, s ukupnim kapacitetom od 90 litara, od kojih je 9,1 liter dodijeljeno zamrziva\u010du. Hladnjak se nalazi unutar ure\u0111aja.<\/p>\n<p style=\"color: rgb(34, 34, 34); font-family: Arial, Helvetica, sans-serif; font-size: small;\">Klju\u010dne zna\u010dajke uklju\u010duju crnu panelnu ladicu s sigurnim zatvara\u010dem na pritisak kako bi se sprije\u010dilo slu\u010dajno otvaranje. Osim toga, ladica ima inovativni sustav &#8220;ventilacijska pozicija&#8221; ugra\u0111en u ru\u010dku. Ovo omogu\u0107uje djelomi\u010dno otvaranje za vrijeme neaktivnosti, poma\u017eu\u0107i sprije\u010diti plijesan i ne\u017eeljene mirise, dok pobolj\u0161ava o\u010duvanje hrane.<\/p>\n<p style=\"color: rgb(34, 34, 34); font-family: Arial, Helvetica, sans-serif; font-size: small;\">Specifikacije:<\/p>\n<ul style=\"color: rgb(34, 34, 34); font-family: Arial, Helvetica, sans-serif; font-size: small;\">\n<li>Povr\u0161ina vrata: laminat<\/li>\n<li>Kapacitet: 90 litara<\/li>\n<li>Visina: 622 mm<\/li>\n<li>Duljina: 470 mm<\/li>\n<li>Dubina: 547 mm<\/li>\n<li>Te\u017eina: 23,60 kg<\/li>\n<li>Serija: Chromelock<\/li>\n<li>Povratna vrata: Ne<\/li>\n<li>Termostat: Mehani\u010dki<\/li>\n<li>Tehnologija hla\u0111enja: Kompresor<\/li>\n<li>Hladnjak: Unutarnji<\/li>\n<li>Otvaranje vrata: Otvaranje ladice<\/li>\n<li>Napon: 12\/24 VDC<\/li>\n<\/ul>\n<p style=\"color: rgb(34, 34, 34); font-family: Arial, Helvetica, sans-serif; font-size: small;\">Ovaj hladnjak-zamrziva\u010d je izvrstan izbor za one koji tra\u017ee pouzdano i u\u010dinkovito hla\u0111enje za svoje potrebe na plovilu.<\/p>\n","protected":false},"excerpt":{"rendered":"<p>Vitrifrigo Hladnjak C90DW 90lt 12-24v &#8211; Predstavljamo Vitrifrigo C90DWi CHR Hladnjak-Zamrziva\u010d u sivoj boji. Ovaj model sadr\u017ei hladnjak u obliku<\/p>\n","protected":false},"featured_media":5943904,"comment_status":"open","ping_status":"closed","template":"","meta":[],"product_brand":[3526],"product_cat":[1751],"product_tag":[],"class_list":{"0":"post-742567","1":"product","2":"type-product","3":"status-publish","4":"has-post-thumbnail","6":"product_brand-vitrifrigo-hr","7":"product_cat-hladnjaci-i-zamrzivaci","9":"first","10":"instock","11":"shipping-taxable","12":"purchasable","13":"product-type-simple"},"_links":{"self":[{"href":"https:\/\/stoic-curie.212-227-153-4.plesk.page\/hr\/wp-json\/wp\/v2\/product\/742567","targetHints":{"allow":["GET"]}}],"collection":[{"href":"https:\/\/stoic-curie.212-227-153-4.plesk.page\/hr\/wp-json\/wp\/v2\/product"}],"about":[{"href":"https:\/\/stoic-curie.212-227-153-4.plesk.page\/hr\/wp-json\/wp\/v2\/types\/product"}],"replies":[{"embeddable":true,"href":"https:\/\/stoic-curie.212-227-153-4.plesk.page\/hr\/wp-json\/wp\/v2\/comments?post=742567"}],"version-history":[{"count":0,"href":"https:\/\/stoic-curie.212-227-153-4.plesk.page\/hr\/wp-json\/wp\/v2\/product\/742567\/revisions"}],"wp:featuredmedia":[{"embeddable":true,"href":"https:\/\/stoic-curie.212-227-153-4.plesk.page\/hr\/wp-json\/wp\/v2\/media\/5943904"}],"wp:attachment":[{"href":"https:\/\/stoic-curie.212-227-153-4.plesk.page\/hr\/wp-json\/wp\/v2\/media?parent=742567"}],"wp:term":[{"taxonomy":"product_brand","embeddable":true,"href":"https:\/\/stoic-curie.212-227-153-4.plesk.page\/hr\/wp-json\/wp\/v2\/product_brand?post=742567"},{"taxonomy":"product_cat","embeddable":true,"href":"https:\/\/stoic-curie.212-227-153-4.plesk.page\/hr\/wp-json\/wp\/v2\/product_cat?post=742567"},{"taxonomy":"product_tag","embeddable":true,"href":"https:\/\/stoic-curie.212-227-153-4.plesk.page\/hr\/wp-json\/wp\/v2\/product_tag?post=742567"}],"curies":[{"name":"wp","href":"https:\/\/api.w.org\/{rel}","templated":true}]}}