{"id":742568,"date":"2025-03-03T18:22:29","date_gmt":"2025-03-03T17:22:29","guid":{"rendered":"https:\/\/stoic-curie.212-227-153-4.plesk.page\/producto\/vitrifrigo-hladnjak-c51dw-51lt-12-24v\/"},"modified":"2026-02-25T00:01:01","modified_gmt":"2026-02-25T00:01:01","slug":"vitrifrigo-hladnjak-c51dw-51lt-12-24v","status":"publish","type":"product","link":"https:\/\/stoic-curie.212-227-153-4.plesk.page\/hr\/product\/vitrifrigo-hladnjak-c51dw-51lt-12-24v\/","title":{"rendered":"Vitrifrigo hladnjak C51DW"},"content":{"rendered":"<p>Vitrifrigo hladnjak C51DW &#8211; <\/p>\n<p style=\"color: rgb(34, 34, 34); font-family: Arial, Helvetica, sans-serif; font-size: small;\">Predstavljamo C51DWi Airlock hladnjak-zamrziva\u010d u sivoj boji od Vitrifriga. Ovaj inovativni hladnjak s ladicom radi na 12\/24V unutra\u0161njoj Danfoss hladionici i ima ladicu koja se mo\u017ee djelomi\u010dno otvoriti za ventilaciju tijekom vremena kada se ne koristi. Opremljen je LED svjetlom i mehani\u010dkim termostatom za lako upravljanje temperaturom.<\/p>\n<p style=\"color: rgb(34, 34, 34); font-family: Arial, Helvetica, sans-serif; font-size: small;\">C51DWi model nudi ukupni kapacitet od 51 litara, s 3,6 litara dodijeljenih odjeljku za zamrzavanje. Hladionica se prakti\u010dno nalazi unutar ure\u0111aja.<\/p>\n<p style=\"color: rgb(34, 34, 34); font-family: Arial, Helvetica, sans-serif; font-size: small;\">Klju\u010dne zna\u010dajke uklju\u010duju elegantnu sivu ladicu sa sigurnosnim zatvaranjem koje sprje\u010dava slu\u010dajno otvaranje. Uz to, ladica ima jedinstveni sustav &#8220;ventilacijski polo\u017eaj&#8221; ugra\u0111en u ru\u010dku, \u0161to omogu\u0107uje djelomi\u010dno otvaranje. Ova zna\u010dajka poma\u017ee u sprje\u010davanju plijesni i neugodnih mirisa uz pobolj\u0161anje o\u010duvanja hrane.<\/p>\n<p style=\"color: rgb(34, 34, 34); font-family: Arial, Helvetica, sans-serif; font-size: small;\"><strong>Tehni\u010dke specifikacije:<\/strong><\/p>\n<ul style=\"color: rgb(34, 34, 34); font-family: Arial, Helvetica, sans-serif; font-size: small;\">\n<li><strong>Zavr\u0161etak vrata:<\/strong>\u00a0Laminat<\/li>\n<li><strong>Ukupni kapacitet:<\/strong>\u00a051 litara<\/li>\n<li><strong>Visina:<\/strong>\u00a0532 mm<\/li>\n<li><strong>Duljina:<\/strong>\u00a0380 mm<\/li>\n<li><strong>Dubina:<\/strong>\u00a0516 mm<\/li>\n<li><strong>Te\u017eina:<\/strong>\u00a019 kg<\/li>\n<li><strong>Serija:<\/strong>\u00a0AIRLOCK<\/li>\n<li><strong>Obrnuta vrata:<\/strong>\u00a0Ne<\/li>\n<li><strong>Termostat:<\/strong>\u00a0Mehani\u010dki<\/li>\n<li><strong>Tehnologija hla\u0111enja:<\/strong>\u00a0Kompresor<\/li>\n<li><strong>Klimatizacijska jedinica:<\/strong>\u00a0Vanjska<\/li>\n<li><strong>Napon:<\/strong>\u00a012\/24 VDC<\/li>\n<\/ul>\n<p style=\"color: rgb(34, 34, 34); font-family: Arial, Helvetica, sans-serif; font-size: small;\">Ovaj hladnjak-zamrziva\u010d odli\u010dan je izbor za one koji tra\u017ee pouzdana i u\u010dinkovita rje\u0161enja za hla\u0111enje svojih potreba na plovilu.<\/p>\n","protected":false},"excerpt":{"rendered":"<p>Vitrifrigo hladnjak C51DW &#8211; Predstavljamo C51DWi Airlock hladnjak-zamrziva\u010d u sivoj boji od Vitrifriga. Ovaj inovativni hladnjak s ladicom radi na<\/p>\n","protected":false},"featured_media":5943907,"comment_status":"open","ping_status":"closed","template":"","meta":[],"product_brand":[3526],"product_cat":[1751],"product_tag":[],"class_list":{"0":"post-742568","1":"product","2":"type-product","3":"status-publish","4":"has-post-thumbnail","6":"product_brand-vitrifrigo-hr","7":"product_cat-hladnjaci-i-zamrzivaci","9":"first","10":"instock","11":"shipping-taxable","12":"purchasable","13":"product-type-simple"},"_links":{"self":[{"href":"https:\/\/stoic-curie.212-227-153-4.plesk.page\/hr\/wp-json\/wp\/v2\/product\/742568","targetHints":{"allow":["GET"]}}],"collection":[{"href":"https:\/\/stoic-curie.212-227-153-4.plesk.page\/hr\/wp-json\/wp\/v2\/product"}],"about":[{"href":"https:\/\/stoic-curie.212-227-153-4.plesk.page\/hr\/wp-json\/wp\/v2\/types\/product"}],"replies":[{"embeddable":true,"href":"https:\/\/stoic-curie.212-227-153-4.plesk.page\/hr\/wp-json\/wp\/v2\/comments?post=742568"}],"version-history":[{"count":0,"href":"https:\/\/stoic-curie.212-227-153-4.plesk.page\/hr\/wp-json\/wp\/v2\/product\/742568\/revisions"}],"wp:featuredmedia":[{"embeddable":true,"href":"https:\/\/stoic-curie.212-227-153-4.plesk.page\/hr\/wp-json\/wp\/v2\/media\/5943907"}],"wp:attachment":[{"href":"https:\/\/stoic-curie.212-227-153-4.plesk.page\/hr\/wp-json\/wp\/v2\/media?parent=742568"}],"wp:term":[{"taxonomy":"product_brand","embeddable":true,"href":"https:\/\/stoic-curie.212-227-153-4.plesk.page\/hr\/wp-json\/wp\/v2\/product_brand?post=742568"},{"taxonomy":"product_cat","embeddable":true,"href":"https:\/\/stoic-curie.212-227-153-4.plesk.page\/hr\/wp-json\/wp\/v2\/product_cat?post=742568"},{"taxonomy":"product_tag","embeddable":true,"href":"https:\/\/stoic-curie.212-227-153-4.plesk.page\/hr\/wp-json\/wp\/v2\/product_tag?post=742568"}],"curies":[{"name":"wp","href":"https:\/\/api.w.org\/{rel}","templated":true}]}}