{"id":742569,"date":"2025-03-03T18:22:29","date_gmt":"2025-03-03T17:22:29","guid":{"rendered":"https:\/\/stoic-curie.212-227-153-4.plesk.page\/producto\/prijenosni-hladnjak-vitrifrigo-vf65p-65lt-12-24v\/"},"modified":"2026-02-25T00:01:01","modified_gmt":"2026-02-25T00:01:01","slug":"prijenosni-hladnjak-vitrifrigo-vf65p-65lt-12-24v","status":"publish","type":"product","link":"https:\/\/stoic-curie.212-227-153-4.plesk.page\/hr\/product\/prijenosni-hladnjak-vitrifrigo-vf65p-65lt-12-24v\/","title":{"rendered":"Prijenosni hladnjak Vitrifrigo VF65P"},"content":{"rendered":"<p>Prijenosni hladnjak Vitrifrigo VF65P &#8211; <\/p>\n<p><strong>Prijenosni hladnjak i zamrziva\u010d, VF65P, Vitrifrigo<\/strong><\/p>\n<p>VF65P prijenosni hladnjak-zamrziva\u010d idealan je partner za odr\u017eavanje svje\u017ee hrane tijekom putovanja. Ova prilagodljiva jedinica radi na razli\u010ditim naponskim razinama: 12V, 24V i 230V, a opremljena je Danfoss sustavom hla\u0111enja. Ima digitalnu kontrolnu plo\u010du, OLED zaslon, USB uti\u010dnicu za punjenje, odvojivi poklopac, izvadivu ko\u0161aru i unutarnje LED svjetlo. Temperatura se mo\u017ee lako postaviti u rasponu od +10\u00b0C do -20\u00b0C. Te\u017eak samo 23 kg, s kapacitetom od 65 litara podijeljenim u dva odjeljka, nudi u\u010dinkovit na\u010din organizacije va\u0161ih stvari dok ste u pokretu.<\/p>\n<p>LED termostat osigurava precizno upravljanje temperaturom, dr\u017ee\u0107i va\u0161u hranu sa\u010duvanom u najboljem stanju. Nadalje, funkcija &#8220;Hitna preka&#8221; osigurava neprekidno djelovanje, \u010dak i ako do\u0111e do kvara na termostatu.<\/p>\n<p>Ponesite svje\u017einu sa sobom na svim svojim putovanjima s ovim pouzdanim i kompaktnim prijenosnim hladnjakom.<\/p>\n<p><strong>Dodatne informacije<\/strong><\/p>\n<ul>\n<li><strong>Zavr\u0161na obrada vrata:<\/strong> ABS<\/li>\n<li><strong>Kapacitet:<\/strong> 65 litara<\/li>\n<li><strong>Visina:<\/strong> 560 mm<\/li>\n<li><strong>Duljina:<\/strong> 710 mm<\/li>\n<li><strong>Dubina:<\/strong> 455 mm<\/li>\n<li><strong>Te\u017eina:<\/strong> 23 kg<\/li>\n<li><strong>Serija:<\/strong> VFREE<\/li>\n<li><strong>Povratno vrata:<\/strong> Da<\/li>\n<li><strong>Termostat:<\/strong> Digitalni<\/li>\n<li><strong>Tehnologija hla\u0111enja:<\/strong> Kompresor<\/li>\n<li><strong>Hladnja\u010dka jedinica:<\/strong> Unutarnja<\/li>\n<li><strong>Otvaranje vrata:<\/strong> Unutar kabine<\/li>\n<li><strong>Energetska klasifikacija:<\/strong> C<\/li>\n<li><strong>Napon:<\/strong> 12\/24 VDC &#8211; 100\/240 VAC<\/li>\n<\/ul>\n","protected":false},"excerpt":{"rendered":"<p>Prijenosni hladnjak Vitrifrigo VF65P &#8211; Prijenosni hladnjak i zamrziva\u010d, VF65P, Vitrifrigo VF65P prijenosni hladnjak-zamrziva\u010d idealan je partner za odr\u017eavanje svje\u017ee<\/p>\n","protected":false},"featured_media":5943908,"comment_status":"open","ping_status":"closed","template":"","meta":[],"product_brand":[3526],"product_cat":[1646,1751],"product_tag":[],"class_list":{"0":"post-742569","1":"product","2":"type-product","3":"status-publish","4":"has-post-thumbnail","6":"product_brand-vitrifrigo-hr","7":"product_cat-cool-box-hladnjaci","8":"product_cat-hladnjaci-i-zamrzivaci","10":"first","11":"instock","12":"shipping-taxable","13":"purchasable","14":"product-type-simple"},"_links":{"self":[{"href":"https:\/\/stoic-curie.212-227-153-4.plesk.page\/hr\/wp-json\/wp\/v2\/product\/742569","targetHints":{"allow":["GET"]}}],"collection":[{"href":"https:\/\/stoic-curie.212-227-153-4.plesk.page\/hr\/wp-json\/wp\/v2\/product"}],"about":[{"href":"https:\/\/stoic-curie.212-227-153-4.plesk.page\/hr\/wp-json\/wp\/v2\/types\/product"}],"replies":[{"embeddable":true,"href":"https:\/\/stoic-curie.212-227-153-4.plesk.page\/hr\/wp-json\/wp\/v2\/comments?post=742569"}],"version-history":[{"count":0,"href":"https:\/\/stoic-curie.212-227-153-4.plesk.page\/hr\/wp-json\/wp\/v2\/product\/742569\/revisions"}],"wp:featuredmedia":[{"embeddable":true,"href":"https:\/\/stoic-curie.212-227-153-4.plesk.page\/hr\/wp-json\/wp\/v2\/media\/5943908"}],"wp:attachment":[{"href":"https:\/\/stoic-curie.212-227-153-4.plesk.page\/hr\/wp-json\/wp\/v2\/media?parent=742569"}],"wp:term":[{"taxonomy":"product_brand","embeddable":true,"href":"https:\/\/stoic-curie.212-227-153-4.plesk.page\/hr\/wp-json\/wp\/v2\/product_brand?post=742569"},{"taxonomy":"product_cat","embeddable":true,"href":"https:\/\/stoic-curie.212-227-153-4.plesk.page\/hr\/wp-json\/wp\/v2\/product_cat?post=742569"},{"taxonomy":"product_tag","embeddable":true,"href":"https:\/\/stoic-curie.212-227-153-4.plesk.page\/hr\/wp-json\/wp\/v2\/product_tag?post=742569"}],"curies":[{"name":"wp","href":"https:\/\/api.w.org\/{rel}","templated":true}]}}