{"id":742570,"date":"2025-03-03T18:22:29","date_gmt":"2025-03-03T17:22:29","guid":{"rendered":"https:\/\/stoic-curie.212-227-153-4.plesk.page\/producto\/prijenosni-hladnjak-zamrzivac-vitrifrigo-vfree-vf55p-12-24v\/"},"modified":"2026-02-25T00:01:01","modified_gmt":"2026-02-25T00:01:01","slug":"prijenosni-hladnjak-zamrzivac-vitrifrigo-vfree-vf55p-12-24v","status":"publish","type":"product","link":"https:\/\/stoic-curie.212-227-153-4.plesk.page\/hr\/product\/prijenosni-hladnjak-zamrzivac-vitrifrigo-vfree-vf55p-12-24v\/","title":{"rendered":"Prijenosni hladnjak Vitrifrigo VF55P"},"content":{"rendered":"<p>Prijenosni hladnjak Vitrifrigo VF55P &#8211; <\/p>\n<p>Predstavljamo vam prenosivi hladnjak i zamrziva\u010d VF55P marke Vitrifrigo. Ovaj prilagodljivi ure\u0111aj opremljen je vi\u0161efaznom Danfoss hla\u0111enjem koje radi na 12V, 24V ili 230V. Ima digitalnu kontrolnu plo\u010du, LED ekran, USB uti\u010dnicu za punjenje, odvojivi poklopac, uklonjivu ko\u0161aru i unutarnje LED svjetlo. Unutarnju temperaturu mo\u017eete lako postaviti od +10\u00b0C do -20\u00b0C.<\/p>\n<p>Model VF55P je idealan za transport svje\u017eih namirnica i pi\u0107a gdje god va\u0161e avanture vodile. Njegov kompaktni i lagani dizajn, te\u017eak samo 22 kg, nudi ukupni kapacitet od 55 litara, podijeljen u dva odjeljka za u\u010dinkovitu organizaciju.<\/p>\n<p>Regulaciju temperature upravlja LED termostat, koji uklju\u010duje opciju &#8220;Hitno prebacivanje&#8221;. To osigurava da hladnjak nastavi raditi \u010dak i ako termostat do\u017eivi kvar.<\/p>\n<p><strong>Dodatni detalji:<\/strong><\/p>\n<ul>\n<li><strong>Materijal vrata:<\/strong> ABS<\/li>\n<li><strong>Kapacitet:<\/strong> 55 litara<\/li>\n<li><strong>Visina:<\/strong> 500 mm<\/li>\n<li><strong>Duljina:<\/strong> 710 mm<\/li>\n<li><strong>Dubina:<\/strong> 455 mm<\/li>\n<li><strong>Te\u017eina:<\/strong> 22 kg<\/li>\n<li><strong>Serija:<\/strong> VFREE<\/li>\n<li><strong>Obrnuti vrata:<\/strong> Da<\/li>\n<li><strong>Vrsta termostata:<\/strong> Digitalni<\/li>\n<li><strong>Hladnja\u010dka tehnologija:<\/strong> Kompresor<\/li>\n<li><strong>Lokacija hladionika:<\/strong> Unutarnja<\/li>\n<li><strong>Pristup vratima:<\/strong> U kokpitu<\/li>\n<li><strong>Ocjena energetske u\u010dinkovitosti:<\/strong> C<\/li>\n<li><strong>Opcije napajanja:<\/strong> 12\/24 VDC &#8211; 100\/240 VAC<\/li>\n<\/ul>\n<p>Ovaj prenosivi hladnjak-zamrziva\u010d je izvrsna opcija za svakoga tko \u017eeli zadr\u017eati svje\u017einu hrane i pi\u0107a tijekom putovanja.<\/p>\n","protected":false},"excerpt":{"rendered":"<p>Prijenosni hladnjak Vitrifrigo VF55P &#8211; Predstavljamo vam prenosivi hladnjak i zamrziva\u010d VF55P marke Vitrifrigo. Ovaj prilagodljivi ure\u0111aj opremljen je vi\u0161efaznom<\/p>\n","protected":false},"featured_media":5943908,"comment_status":"open","ping_status":"closed","template":"","meta":[],"product_brand":[3526],"product_cat":[1646,1751],"product_tag":[],"class_list":{"0":"post-742570","1":"product","2":"type-product","3":"status-publish","4":"has-post-thumbnail","6":"product_brand-vitrifrigo-hr","7":"product_cat-cool-box-hladnjaci","8":"product_cat-hladnjaci-i-zamrzivaci","10":"first","11":"instock","12":"shipping-taxable","13":"purchasable","14":"product-type-simple"},"_links":{"self":[{"href":"https:\/\/stoic-curie.212-227-153-4.plesk.page\/hr\/wp-json\/wp\/v2\/product\/742570","targetHints":{"allow":["GET"]}}],"collection":[{"href":"https:\/\/stoic-curie.212-227-153-4.plesk.page\/hr\/wp-json\/wp\/v2\/product"}],"about":[{"href":"https:\/\/stoic-curie.212-227-153-4.plesk.page\/hr\/wp-json\/wp\/v2\/types\/product"}],"replies":[{"embeddable":true,"href":"https:\/\/stoic-curie.212-227-153-4.plesk.page\/hr\/wp-json\/wp\/v2\/comments?post=742570"}],"version-history":[{"count":0,"href":"https:\/\/stoic-curie.212-227-153-4.plesk.page\/hr\/wp-json\/wp\/v2\/product\/742570\/revisions"}],"wp:featuredmedia":[{"embeddable":true,"href":"https:\/\/stoic-curie.212-227-153-4.plesk.page\/hr\/wp-json\/wp\/v2\/media\/5943908"}],"wp:attachment":[{"href":"https:\/\/stoic-curie.212-227-153-4.plesk.page\/hr\/wp-json\/wp\/v2\/media?parent=742570"}],"wp:term":[{"taxonomy":"product_brand","embeddable":true,"href":"https:\/\/stoic-curie.212-227-153-4.plesk.page\/hr\/wp-json\/wp\/v2\/product_brand?post=742570"},{"taxonomy":"product_cat","embeddable":true,"href":"https:\/\/stoic-curie.212-227-153-4.plesk.page\/hr\/wp-json\/wp\/v2\/product_cat?post=742570"},{"taxonomy":"product_tag","embeddable":true,"href":"https:\/\/stoic-curie.212-227-153-4.plesk.page\/hr\/wp-json\/wp\/v2\/product_tag?post=742570"}],"curies":[{"name":"wp","href":"https:\/\/api.w.org\/{rel}","templated":true}]}}