{"id":742571,"date":"2025-03-03T18:22:29","date_gmt":"2025-03-03T17:22:29","guid":{"rendered":"https:\/\/stoic-curie.212-227-153-4.plesk.page\/producto\/vitrifrigo-prijenosni-hladnjak-zamrzivac-vf45p-45lt-12-24-230v\/"},"modified":"2026-02-25T00:01:01","modified_gmt":"2026-02-25T00:01:01","slug":"vitrifrigo-prijenosni-hladnjak-zamrzivac-vf45p-45lt-12-24-230v","status":"publish","type":"product","link":"https:\/\/stoic-curie.212-227-153-4.plesk.page\/hr\/product\/vitrifrigo-prijenosni-hladnjak-zamrzivac-vf45p-45lt-12-24-230v\/","title":{"rendered":"Prijenosni Hladnjak Vitrifrigo VF45P"},"content":{"rendered":"<p>Prijenosni Hladnjak Vitrifrigo VF45P &#8211; <\/p>\n<p>Predstavljamo prijenosni hladnjak i zamrziva\u010d VF45P iz Vitrifriga. Ovaj svestrani ure\u0111aj opremljen je multi-naponskim hladilnim sustavom Danfoss koji radi na 12V, 24V ili 230V. Sadr\u017ei digitalnu upravlja\u010dku plo\u010du, LED zaslon, USB priklju\u010dak za punjenje, odvojivi poklopac, uklonjivu ko\u0161aru i unutarnje LED svjetlo. Unutarnju temperaturu mo\u017eete jednostavno postaviti od +10\u00b0C do -20\u00b0C.<\/p>\n<p>VF45P je idealan prijenosni hladnjak-zamrziva\u010d za odr\u017eavanje svje\u017eine va\u0161e hrane i pi\u0107a tijekom bilo kojeg izleta. Te\u017ei samo 20,5 kg, a njegov kompaktni dizajn pru\u017ea ukupni kapacitet od 45 litara, podijeljen u dva odvojena odjeljka za u\u010dinkovitu organizaciju hrane.<\/p>\n<p>Postavljanje temperature je jednostavno s LED termostatom, koji uklju\u010duje funkciju &#8220;Hitna prekomanda&#8221; kako bi osigurao neprekidno, pravilno rada u slu\u010daju kvara.<\/p>\n<p>Otkrijte prakti\u010dnost i pouzdanost VF45P, osmi\u0161ljenog da va\u0161e namirnice ostane svje\u017ee bez obzira na odredi\u0161te!<\/p>\n<p><strong>Tehni\u010dke specifikacije:<\/strong><\/p>\n<ul>\n<li><strong>Zavr\u0161na obrada vrata:<\/strong> ABS<\/li>\n<li><strong>Kapacitet:<\/strong> 45 litara<\/li>\n<li><strong>Visina:<\/strong> 490 mm<\/li>\n<li><strong>Duljina:<\/strong> 680 mm<\/li>\n<li><strong>Dubina:<\/strong> 410 mm<\/li>\n<li><strong>Te\u017eina:<\/strong> 21 kg<\/li>\n<li><strong>Serija:<\/strong> VFREE<\/li>\n<li><strong>Povratna vrata:<\/strong> Da<\/li>\n<li><strong>Termostat:<\/strong> Digitalni<\/li>\n<li><strong>Tehnologija hla\u0111enja:<\/strong> Kompresor<\/li>\n<li><strong>Hladionica:<\/strong> Unutarnja<\/li>\n<li><strong>Otvaranje vrata:<\/strong> U kokpitu<\/li>\n<li><strong>Energetska klasa:<\/strong> D<\/li>\n<li><strong>Napon:<\/strong> 12\/24 VDC &#8211; 100\/240 VAC<\/li>\n<\/ul>\n","protected":false},"excerpt":{"rendered":"<p>Prijenosni Hladnjak Vitrifrigo VF45P &#8211; Predstavljamo prijenosni hladnjak i zamrziva\u010d VF45P iz Vitrifriga. Ovaj svestrani ure\u0111aj opremljen je multi-naponskim hladilnim<\/p>\n","protected":false},"featured_media":5943908,"comment_status":"open","ping_status":"closed","template":"","meta":[],"product_brand":[3526],"product_cat":[1751],"product_tag":[],"class_list":{"0":"post-742571","1":"product","2":"type-product","3":"status-publish","4":"has-post-thumbnail","6":"product_brand-vitrifrigo-hr","7":"product_cat-hladnjaci-i-zamrzivaci","9":"first","10":"instock","11":"shipping-taxable","12":"purchasable","13":"product-type-simple"},"_links":{"self":[{"href":"https:\/\/stoic-curie.212-227-153-4.plesk.page\/hr\/wp-json\/wp\/v2\/product\/742571","targetHints":{"allow":["GET"]}}],"collection":[{"href":"https:\/\/stoic-curie.212-227-153-4.plesk.page\/hr\/wp-json\/wp\/v2\/product"}],"about":[{"href":"https:\/\/stoic-curie.212-227-153-4.plesk.page\/hr\/wp-json\/wp\/v2\/types\/product"}],"replies":[{"embeddable":true,"href":"https:\/\/stoic-curie.212-227-153-4.plesk.page\/hr\/wp-json\/wp\/v2\/comments?post=742571"}],"version-history":[{"count":0,"href":"https:\/\/stoic-curie.212-227-153-4.plesk.page\/hr\/wp-json\/wp\/v2\/product\/742571\/revisions"}],"wp:featuredmedia":[{"embeddable":true,"href":"https:\/\/stoic-curie.212-227-153-4.plesk.page\/hr\/wp-json\/wp\/v2\/media\/5943908"}],"wp:attachment":[{"href":"https:\/\/stoic-curie.212-227-153-4.plesk.page\/hr\/wp-json\/wp\/v2\/media?parent=742571"}],"wp:term":[{"taxonomy":"product_brand","embeddable":true,"href":"https:\/\/stoic-curie.212-227-153-4.plesk.page\/hr\/wp-json\/wp\/v2\/product_brand?post=742571"},{"taxonomy":"product_cat","embeddable":true,"href":"https:\/\/stoic-curie.212-227-153-4.plesk.page\/hr\/wp-json\/wp\/v2\/product_cat?post=742571"},{"taxonomy":"product_tag","embeddable":true,"href":"https:\/\/stoic-curie.212-227-153-4.plesk.page\/hr\/wp-json\/wp\/v2\/product_tag?post=742571"}],"curies":[{"name":"wp","href":"https:\/\/api.w.org\/{rel}","templated":true}]}}