{"id":742572,"date":"2025-03-03T18:22:30","date_gmt":"2025-03-03T17:22:30","guid":{"rendered":"https:\/\/stoic-curie.212-227-153-4.plesk.page\/producto\/prijenosni-hladnjak-i-zamrzivac-vitrifrigo-vf35p-12-24-230v\/"},"modified":"2026-02-25T00:01:01","modified_gmt":"2026-02-25T00:01:01","slug":"prijenosni-hladnjak-i-zamrzivac-vitrifrigo-vf35p-12-24-230v","status":"publish","type":"product","link":"https:\/\/stoic-curie.212-227-153-4.plesk.page\/hr\/product\/prijenosni-hladnjak-i-zamrzivac-vitrifrigo-vf35p-12-24-230v\/","title":{"rendered":"Prijenosni hladnjak Vitrifrigo VF35P"},"content":{"rendered":"<p>Prijenosni hladnjak Vitrifrigo VF35P &#8211; <\/p>\n<p>Predstavljamo Vam prijenosni hladnjak i zamrziva\u010d VF35P marke Vitrifrigo. Ovaj prilagodljivi ure\u0111aj radi na raznim naponima: 12V, 24V i 230V, zahvaljuju\u0107i svom visokoefikasnom Danfoss sustavu hla\u0111enja. Opremljen je digitalnom kontrolnom plo\u010dom sa LED prikazom, USB priklju\u010dkom za punjenje, odvojivim poklopcem, uklonjivom ko\u0161arom i unutarnjom LED svjetlom. Mo\u017eete jednostavno postaviti temperaturu od +10\u00b0C do -20\u00b0C.<\/p>\n<p>VF35P je posebno dizajniran za transport svje\u017ee hrane i pi\u0107a, gdje god da Vas avanture odvedu. Njegov kompaktni i lagani dizajn, koji te\u017ei samo 19,5 kg, pru\u017ea ukupni kapacitet od 35 litara, organiziranih u dva odjeljka za u\u010dinkovito pohranjivanje.<\/p>\n<p>Regulacija temperature vr\u0161i se putem LED termostata, koji uklju\u010duje funkciju &#8220;Hitne Prekida\u010da&#8221;. Ovo osigurava da hladnjak i dalje funkcioni\u0161e \u010dak i ako termostat do\u017eivi kvar.<\/p>\n<p><strong>Tehni\u010dke specifikacije:<\/strong><\/p>\n<ul>\n<li><strong>Kapacitet:<\/strong> 35 litara<\/li>\n<li><strong>Visina:<\/strong> 440 mm<\/li>\n<li><strong>Duljina:<\/strong> 680 mm<\/li>\n<li><strong>Dubina:<\/strong> 410 mm<\/li>\n<li><strong>Te\u017eina:<\/strong> 20 kg<\/li>\n<li><strong>Serija:<\/strong> VFREE<\/li>\n<li><strong>Preklopna vrata:<\/strong> Da<\/li>\n<li><strong>Termostat:<\/strong> Digitalni<\/li>\n<li><strong>Tehnologija hla\u0111enja:<\/strong> Kompresor<\/li>\n<li><strong>Hladnjaka:<\/strong> Unutarnji<\/li>\n<li><strong>Otvaranje vrata:<\/strong> U kokpitu<\/li>\n<li><strong>Energetska klasa:<\/strong> D<\/li>\n<li><strong>Napon:<\/strong> 12\/24 VDC &#8211; 100\/240 VAC<\/li>\n<\/ul>\n<p>Ovaj prijenosni hladnjak-zamrziva\u010d izvanredan je izbor za sve koji \u017eele odr\u017eati svoju hranu i pi\u0107a svje\u017eima tijekom putovanja.<\/p>\n","protected":false},"excerpt":{"rendered":"<p>Prijenosni hladnjak Vitrifrigo VF35P &#8211; Predstavljamo Vam prijenosni hladnjak i zamrziva\u010d VF35P marke Vitrifrigo. Ovaj prilagodljivi ure\u0111aj radi na raznim<\/p>\n","protected":false},"featured_media":5943908,"comment_status":"open","ping_status":"closed","template":"","meta":[],"product_brand":[3526],"product_cat":[1646,1751],"product_tag":[],"class_list":{"0":"post-742572","1":"product","2":"type-product","3":"status-publish","4":"has-post-thumbnail","6":"product_brand-vitrifrigo-hr","7":"product_cat-cool-box-hladnjaci","8":"product_cat-hladnjaci-i-zamrzivaci","10":"first","11":"instock","12":"shipping-taxable","13":"purchasable","14":"product-type-simple"},"_links":{"self":[{"href":"https:\/\/stoic-curie.212-227-153-4.plesk.page\/hr\/wp-json\/wp\/v2\/product\/742572","targetHints":{"allow":["GET"]}}],"collection":[{"href":"https:\/\/stoic-curie.212-227-153-4.plesk.page\/hr\/wp-json\/wp\/v2\/product"}],"about":[{"href":"https:\/\/stoic-curie.212-227-153-4.plesk.page\/hr\/wp-json\/wp\/v2\/types\/product"}],"replies":[{"embeddable":true,"href":"https:\/\/stoic-curie.212-227-153-4.plesk.page\/hr\/wp-json\/wp\/v2\/comments?post=742572"}],"version-history":[{"count":0,"href":"https:\/\/stoic-curie.212-227-153-4.plesk.page\/hr\/wp-json\/wp\/v2\/product\/742572\/revisions"}],"wp:featuredmedia":[{"embeddable":true,"href":"https:\/\/stoic-curie.212-227-153-4.plesk.page\/hr\/wp-json\/wp\/v2\/media\/5943908"}],"wp:attachment":[{"href":"https:\/\/stoic-curie.212-227-153-4.plesk.page\/hr\/wp-json\/wp\/v2\/media?parent=742572"}],"wp:term":[{"taxonomy":"product_brand","embeddable":true,"href":"https:\/\/stoic-curie.212-227-153-4.plesk.page\/hr\/wp-json\/wp\/v2\/product_brand?post=742572"},{"taxonomy":"product_cat","embeddable":true,"href":"https:\/\/stoic-curie.212-227-153-4.plesk.page\/hr\/wp-json\/wp\/v2\/product_cat?post=742572"},{"taxonomy":"product_tag","embeddable":true,"href":"https:\/\/stoic-curie.212-227-153-4.plesk.page\/hr\/wp-json\/wp\/v2\/product_tag?post=742572"}],"curies":[{"name":"wp","href":"https:\/\/api.w.org\/{rel}","templated":true}]}}