{"id":742573,"date":"2025-03-03T18:22:30","date_gmt":"2025-03-03T17:22:30","guid":{"rendered":"https:\/\/stoic-curie.212-227-153-4.plesk.page\/producto\/violinska-kolotura-s-nosacem-master-40mm-za-konop-do-10mm\/"},"modified":"2026-02-25T00:01:01","modified_gmt":"2026-02-25T00:01:01","slug":"violinska-kolotura-s-nosacem-master-40mm-za-konop-do-10mm","status":"publish","type":"product","link":"https:\/\/stoic-curie.212-227-153-4.plesk.page\/hr\/product\/violinska-kolotura-s-nosacem-master-40mm-za-konop-do-10mm\/","title":{"rendered":"Violinska kolotura s nosa\u010dem Master, 40mm za konop do 10mm"},"content":{"rendered":"<p>Violinska kolotura s nosa\u010dem Master, 40mm za konop do 10mm &#8211; <\/p>\n<p>Master kompozitni blokovi sa kugli\u010dnim le\u017eajevima s niskim trenjem dizajnirani su za natjecateljsko jedrenje. Stranice od visokog kompozita osiguravaju vrhunske performanse pri radnim optere\u0107enjima. Prekrasan dizajn i jednostavna upotreba.<br \/> Kugli\u010dni le\u017eajevi: samolubrikantni acetalni kompozit<br \/> Promjer kota\u010da 40 mm: samolubrikantni acetalni kompozit<br \/> Stranice: oja\u010dani kompozit od najlona s vlaknima stakla, UV stabiliziran<br \/> Rotiraju\u0107i okov: kovanog nehr\u0111aju\u0107eg \u010delika razreda 316<br \/> WL: Radno optere\u0107enje<br \/> BL: Optere\u0107enje pucanja<br \/> NAPOMENA: Radno\/pucanja optere\u0107enje blokova s camom temelji se na snazi same came.<\/p>\n","protected":false},"excerpt":{"rendered":"<p>Violinska kolotura s nosa\u010dem Master, 40mm za konop do 10mm &#8211; Master kompozitni blokovi sa kugli\u010dnim le\u017eajevima s niskim trenjem<\/p>\n","protected":false},"featured_media":5943912,"comment_status":"open","ping_status":"closed","template":"","meta":[],"product_brand":[2291,3131],"product_cat":[1770],"product_tag":[],"class_list":{"0":"post-742573","1":"product","2":"type-product","3":"status-publish","4":"has-post-thumbnail","6":"product_brand-master","7":"product_brand-master-hr","8":"product_cat-master-koloture-za-jedrilice","10":"first","11":"instock","12":"shipping-taxable","13":"purchasable","14":"product-type-simple"},"_links":{"self":[{"href":"https:\/\/stoic-curie.212-227-153-4.plesk.page\/hr\/wp-json\/wp\/v2\/product\/742573","targetHints":{"allow":["GET"]}}],"collection":[{"href":"https:\/\/stoic-curie.212-227-153-4.plesk.page\/hr\/wp-json\/wp\/v2\/product"}],"about":[{"href":"https:\/\/stoic-curie.212-227-153-4.plesk.page\/hr\/wp-json\/wp\/v2\/types\/product"}],"replies":[{"embeddable":true,"href":"https:\/\/stoic-curie.212-227-153-4.plesk.page\/hr\/wp-json\/wp\/v2\/comments?post=742573"}],"version-history":[{"count":0,"href":"https:\/\/stoic-curie.212-227-153-4.plesk.page\/hr\/wp-json\/wp\/v2\/product\/742573\/revisions"}],"wp:featuredmedia":[{"embeddable":true,"href":"https:\/\/stoic-curie.212-227-153-4.plesk.page\/hr\/wp-json\/wp\/v2\/media\/5943912"}],"wp:attachment":[{"href":"https:\/\/stoic-curie.212-227-153-4.plesk.page\/hr\/wp-json\/wp\/v2\/media?parent=742573"}],"wp:term":[{"taxonomy":"product_brand","embeddable":true,"href":"https:\/\/stoic-curie.212-227-153-4.plesk.page\/hr\/wp-json\/wp\/v2\/product_brand?post=742573"},{"taxonomy":"product_cat","embeddable":true,"href":"https:\/\/stoic-curie.212-227-153-4.plesk.page\/hr\/wp-json\/wp\/v2\/product_cat?post=742573"},{"taxonomy":"product_tag","embeddable":true,"href":"https:\/\/stoic-curie.212-227-153-4.plesk.page\/hr\/wp-json\/wp\/v2\/product_tag?post=742573"}],"curies":[{"name":"wp","href":"https:\/\/api.w.org\/{rel}","templated":true}]}}