{"id":742574,"date":"2025-03-03T18:22:30","date_gmt":"2025-03-03T17:22:30","guid":{"rendered":"https:\/\/stoic-curie.212-227-153-4.plesk.page\/producto\/violinska-kolotura-master-windrider-57-mm-za-konope-do-10-mm\/"},"modified":"2026-02-25T00:01:01","modified_gmt":"2026-02-25T00:01:01","slug":"violinska-kolotura-master-windrider-57-mm-za-konope-do-10-mm","status":"publish","type":"product","link":"https:\/\/stoic-curie.212-227-153-4.plesk.page\/hr\/product\/violinska-kolotura-master-windrider-57-mm-za-konope-do-10-mm\/","title":{"rendered":"Violinska kolotura Master Windrider 57 mm za konope do 10 mm"},"content":{"rendered":"<p>Violinska kolotura Master Windrider 57 mm za konope do 10 mm &#8211; <\/p>\n<p>Master kompozitni blokovi niskog trenja s kugli\u010dnim le\u017eajevima osmi\u0161ljeni su za natjecateljsko jedrenje. Sna\u017ene kompozitne bo\u010dne plo\u010de osiguravaju vrhunske performanse pri radnim optere\u0107enjima. Predivan dizajn i jednostavna upotreba. Kugli\u010dni le\u017eajevi: samopro\u010di\u0161\u0107avaju\u0107i acetalski kompozit. Promjer kolotura 57 mm: samopro\u010di\u0161\u0107avaju\u0107i acetalski kompozit. \u010celjusti: oja\u010dani kompozit od staklenih vlakana i najlona, UV stabiliziran. Rotiraju\u0107a kuka: kovanog nehr\u0111aju\u0107eg \u010delika razreda 316. WL: Radno optere\u0107enje. BL: Otpornost na pucanje. NAPOMENA: Radno\/prekidno optere\u0107enje blokova s kamerom temelji se na snazi kamere.<\/p>\n","protected":false},"excerpt":{"rendered":"<p>Violinska kolotura Master Windrider 57 mm za konope do 10 mm &#8211; Master kompozitni blokovi niskog trenja s kugli\u010dnim le\u017eajevima<\/p>\n","protected":false},"featured_media":5943913,"comment_status":"open","ping_status":"closed","template":"","meta":[],"product_brand":[3131],"product_cat":[1770],"product_tag":[],"class_list":{"0":"post-742574","1":"product","2":"type-product","3":"status-publish","4":"has-post-thumbnail","6":"product_brand-master-hr","7":"product_cat-master-koloture-za-jedrilice","9":"first","10":"instock","11":"shipping-taxable","12":"purchasable","13":"product-type-simple"},"_links":{"self":[{"href":"https:\/\/stoic-curie.212-227-153-4.plesk.page\/hr\/wp-json\/wp\/v2\/product\/742574","targetHints":{"allow":["GET"]}}],"collection":[{"href":"https:\/\/stoic-curie.212-227-153-4.plesk.page\/hr\/wp-json\/wp\/v2\/product"}],"about":[{"href":"https:\/\/stoic-curie.212-227-153-4.plesk.page\/hr\/wp-json\/wp\/v2\/types\/product"}],"replies":[{"embeddable":true,"href":"https:\/\/stoic-curie.212-227-153-4.plesk.page\/hr\/wp-json\/wp\/v2\/comments?post=742574"}],"version-history":[{"count":0,"href":"https:\/\/stoic-curie.212-227-153-4.plesk.page\/hr\/wp-json\/wp\/v2\/product\/742574\/revisions"}],"wp:featuredmedia":[{"embeddable":true,"href":"https:\/\/stoic-curie.212-227-153-4.plesk.page\/hr\/wp-json\/wp\/v2\/media\/5943913"}],"wp:attachment":[{"href":"https:\/\/stoic-curie.212-227-153-4.plesk.page\/hr\/wp-json\/wp\/v2\/media?parent=742574"}],"wp:term":[{"taxonomy":"product_brand","embeddable":true,"href":"https:\/\/stoic-curie.212-227-153-4.plesk.page\/hr\/wp-json\/wp\/v2\/product_brand?post=742574"},{"taxonomy":"product_cat","embeddable":true,"href":"https:\/\/stoic-curie.212-227-153-4.plesk.page\/hr\/wp-json\/wp\/v2\/product_cat?post=742574"},{"taxonomy":"product_tag","embeddable":true,"href":"https:\/\/stoic-curie.212-227-153-4.plesk.page\/hr\/wp-json\/wp\/v2\/product_tag?post=742574"}],"curies":[{"name":"wp","href":"https:\/\/api.w.org\/{rel}","templated":true}]}}