{"id":742575,"date":"2025-03-03T18:22:31","date_gmt":"2025-03-03T17:22:31","guid":{"rendered":"https:\/\/stoic-curie.212-227-153-4.plesk.page\/producto\/violinska-kolotura-s-nosacem-master-windrider-57-mm-za-linije-do-10-mm\/"},"modified":"2026-02-25T00:01:01","modified_gmt":"2026-02-25T00:01:01","slug":"violinska-kolotura-s-nosacem-master-windrider-57-mm-za-linije-do-10-mm","status":"publish","type":"product","link":"https:\/\/stoic-curie.212-227-153-4.plesk.page\/hr\/product\/violinska-kolotura-s-nosacem-master-windrider-57-mm-za-linije-do-10-mm\/","title":{"rendered":"Violinska kolotura s nosa\u010dem Master Windrider 57 mm za linije do 10 mm"},"content":{"rendered":"<p>Violinska kolotura s nosa\u010dem Master Windrider 57 mm za linije do 10 mm &#8211; <\/p>\n<p>Master kompozitne blokade s niskim trenjem dizajnirane su za natjecateljsko jedrenje. Bo\u010dne plo\u010de od visokotranjenja kompozita osiguravaju vrhunske performanse pod radnim optere\u0107enjima. Prekrasan dizajn i jednostavna upotreba. Kuglasti le\u017eajevi: samolubrikantni acetalni kompozit. Promjer bubnja 57 mm: samolubrikantni acetalni kompozit. Stranice: oja\u010dani kompozitni najlon od staklenih vlakana, UV stabiliziran. Okretnak: kovanog nehr\u0111aju\u0107eg \u010delika razreda 316. WL: Radno optere\u0107enje. BL: Teret za lom. NAPOMENA: Radno\/lomno optere\u0107enje blokova s kamom temelji se na \u010dvrsto\u0107i tame.<\/p>\n","protected":false},"excerpt":{"rendered":"<p>Violinska kolotura s nosa\u010dem Master Windrider 57 mm za linije do 10 mm &#8211; Master kompozitne blokade s niskim trenjem<\/p>\n","protected":false},"featured_media":5943913,"comment_status":"open","ping_status":"closed","template":"","meta":[],"product_brand":[3131],"product_cat":[1770],"product_tag":[],"class_list":{"0":"post-742575","1":"product","2":"type-product","3":"status-publish","4":"has-post-thumbnail","6":"product_brand-master-hr","7":"product_cat-master-koloture-za-jedrilice","9":"first","10":"instock","11":"shipping-taxable","12":"purchasable","13":"product-type-simple"},"_links":{"self":[{"href":"https:\/\/stoic-curie.212-227-153-4.plesk.page\/hr\/wp-json\/wp\/v2\/product\/742575","targetHints":{"allow":["GET"]}}],"collection":[{"href":"https:\/\/stoic-curie.212-227-153-4.plesk.page\/hr\/wp-json\/wp\/v2\/product"}],"about":[{"href":"https:\/\/stoic-curie.212-227-153-4.plesk.page\/hr\/wp-json\/wp\/v2\/types\/product"}],"replies":[{"embeddable":true,"href":"https:\/\/stoic-curie.212-227-153-4.plesk.page\/hr\/wp-json\/wp\/v2\/comments?post=742575"}],"version-history":[{"count":0,"href":"https:\/\/stoic-curie.212-227-153-4.plesk.page\/hr\/wp-json\/wp\/v2\/product\/742575\/revisions"}],"wp:featuredmedia":[{"embeddable":true,"href":"https:\/\/stoic-curie.212-227-153-4.plesk.page\/hr\/wp-json\/wp\/v2\/media\/5943913"}],"wp:attachment":[{"href":"https:\/\/stoic-curie.212-227-153-4.plesk.page\/hr\/wp-json\/wp\/v2\/media?parent=742575"}],"wp:term":[{"taxonomy":"product_brand","embeddable":true,"href":"https:\/\/stoic-curie.212-227-153-4.plesk.page\/hr\/wp-json\/wp\/v2\/product_brand?post=742575"},{"taxonomy":"product_cat","embeddable":true,"href":"https:\/\/stoic-curie.212-227-153-4.plesk.page\/hr\/wp-json\/wp\/v2\/product_cat?post=742575"},{"taxonomy":"product_tag","embeddable":true,"href":"https:\/\/stoic-curie.212-227-153-4.plesk.page\/hr\/wp-json\/wp\/v2\/product_tag?post=742575"}],"curies":[{"name":"wp","href":"https:\/\/api.w.org\/{rel}","templated":true}]}}