{"id":742576,"date":"2025-03-03T18:22:31","date_gmt":"2025-03-03T17:22:31","guid":{"rendered":"https:\/\/stoic-curie.212-227-153-4.plesk.page\/producto\/violinska-kolotura-master-sa-stoperom-i-nosacem-57-mm-za-konope-10-mm\/"},"modified":"2026-02-25T00:01:01","modified_gmt":"2026-02-25T00:01:01","slug":"violinska-kolotura-master-sa-stoperom-i-nosacem-57-mm-za-konope-10-mm","status":"publish","type":"product","link":"https:\/\/stoic-curie.212-227-153-4.plesk.page\/hr\/product\/violinska-kolotura-master-sa-stoperom-i-nosacem-57-mm-za-konope-10-mm\/","title":{"rendered":"Violinska kolotura Master sa \u0161toperom i nosa\u010dem 57 mm za konope 10 mm"},"content":{"rendered":"<p>Violinska kolotura Master sa \u0161toperom i nosa\u010dem 57 mm za konope 10 mm &#8211; <\/p>\n<p>Master kompozitne blokove s niskim trenjem kugli\u010dnih le\u017eajeva osmi\u0161ljeni su za natjecateljsko jedrenje. Bo\u010dne plo\u010de od visokotla\u010dnog kompozita osiguravaju najvi\u0161u u\u010dinkovitost pod radnim optere\u0107enjima. Prekrasan dizajn i jednostavna upotreba.<br \/> Kugli\u010dni le\u017eajevi: samolubrikantni acetalni kompozit<br \/> Promjer kolotura 57 mm: samolubrikantni acetalni kompozit<br \/> \u010celjusti: oja\u010dani kompozitni najlon od staklenih vlakana, UV stabiliziran<br \/> Rotiraju\u0107i okov: kovanog nehr\u0111aju\u0107eg \u010delika razreda 316<br \/> WL: Radno optere\u0107enje<br \/> BL: Ote\u017eano optere\u0107enje<br \/> NAPOMENA: Radno\/rastrgano optere\u0107enje blokova s kukom temelji se na \u010dvrsto\u0107i kuke.<\/p>\n","protected":false},"excerpt":{"rendered":"<p>Violinska kolotura Master sa \u0161toperom i nosa\u010dem 57 mm za konope 10 mm &#8211; Master kompozitne blokove s niskim trenjem<\/p>\n","protected":false},"featured_media":5943914,"comment_status":"open","ping_status":"closed","template":"","meta":[],"product_brand":[3131],"product_cat":[1770],"product_tag":[],"class_list":{"0":"post-742576","1":"product","2":"type-product","3":"status-publish","4":"has-post-thumbnail","6":"product_brand-master-hr","7":"product_cat-master-koloture-za-jedrilice","9":"first","10":"instock","11":"shipping-taxable","12":"purchasable","13":"product-type-simple"},"_links":{"self":[{"href":"https:\/\/stoic-curie.212-227-153-4.plesk.page\/hr\/wp-json\/wp\/v2\/product\/742576","targetHints":{"allow":["GET"]}}],"collection":[{"href":"https:\/\/stoic-curie.212-227-153-4.plesk.page\/hr\/wp-json\/wp\/v2\/product"}],"about":[{"href":"https:\/\/stoic-curie.212-227-153-4.plesk.page\/hr\/wp-json\/wp\/v2\/types\/product"}],"replies":[{"embeddable":true,"href":"https:\/\/stoic-curie.212-227-153-4.plesk.page\/hr\/wp-json\/wp\/v2\/comments?post=742576"}],"version-history":[{"count":0,"href":"https:\/\/stoic-curie.212-227-153-4.plesk.page\/hr\/wp-json\/wp\/v2\/product\/742576\/revisions"}],"wp:featuredmedia":[{"embeddable":true,"href":"https:\/\/stoic-curie.212-227-153-4.plesk.page\/hr\/wp-json\/wp\/v2\/media\/5943914"}],"wp:attachment":[{"href":"https:\/\/stoic-curie.212-227-153-4.plesk.page\/hr\/wp-json\/wp\/v2\/media?parent=742576"}],"wp:term":[{"taxonomy":"product_brand","embeddable":true,"href":"https:\/\/stoic-curie.212-227-153-4.plesk.page\/hr\/wp-json\/wp\/v2\/product_brand?post=742576"},{"taxonomy":"product_cat","embeddable":true,"href":"https:\/\/stoic-curie.212-227-153-4.plesk.page\/hr\/wp-json\/wp\/v2\/product_cat?post=742576"},{"taxonomy":"product_tag","embeddable":true,"href":"https:\/\/stoic-curie.212-227-153-4.plesk.page\/hr\/wp-json\/wp\/v2\/product_tag?post=742576"}],"curies":[{"name":"wp","href":"https:\/\/api.w.org\/{rel}","templated":true}]}}