{"id":742581,"date":"2025-03-03T18:22:32","date_gmt":"2025-03-03T17:22:32","guid":{"rendered":"https:\/\/stoic-curie.212-227-153-4.plesk.page\/producto\/sigurnosna-kutija-marine-350x400x130mm-vsafe-top-otvaranje\/"},"modified":"2026-02-25T00:01:01","modified_gmt":"2026-02-25T00:01:01","slug":"sigurnosna-kutija-marine-350x400x130mm-vsafe-top-otvaranje","status":"publish","type":"product","link":"https:\/\/stoic-curie.212-227-153-4.plesk.page\/hr\/product\/sigurnosna-kutija-marine-350x400x130mm-vsafe-top-otvaranje\/","title":{"rendered":"Sigurnosna kutija Marine 350x400x130mm VSAFE Top Otvaranje"},"content":{"rendered":"<p>Sigurnosna kutija Marine 350x400x130mm VSAFE Top Otvaranje &#8211; <\/p>\n<p>Sef s ladicom za gornje otvaranje s tipkovnicom za korisni\u010dku lozinku, LED prikazom i unutarnjom LED svjetlom. \u0160 = \u0160irina D = Duljina V = Visina<\/p>\n","protected":false},"excerpt":{"rendered":"<p>Sigurnosna kutija Marine 350x400x130mm VSAFE Top Otvaranje &#8211; Sef s ladicom za gornje otvaranje s tipkovnicom za korisni\u010dku lozinku, LED<\/p>\n","protected":false},"featured_media":5943917,"comment_status":"open","ping_status":"closed","template":"","meta":[],"product_brand":[3526],"product_cat":[1644,1647],"product_tag":[],"class_list":{"0":"post-742581","1":"product","2":"type-product","3":"status-publish","4":"has-post-thumbnail","6":"product_brand-vitrifrigo-hr","7":"product_cat-pribor-za-spremista","8":"product_cat-uredaji-za-brodske-kuhinje","10":"first","11":"instock","12":"shipping-taxable","13":"purchasable","14":"product-type-simple"},"_links":{"self":[{"href":"https:\/\/stoic-curie.212-227-153-4.plesk.page\/hr\/wp-json\/wp\/v2\/product\/742581","targetHints":{"allow":["GET"]}}],"collection":[{"href":"https:\/\/stoic-curie.212-227-153-4.plesk.page\/hr\/wp-json\/wp\/v2\/product"}],"about":[{"href":"https:\/\/stoic-curie.212-227-153-4.plesk.page\/hr\/wp-json\/wp\/v2\/types\/product"}],"replies":[{"embeddable":true,"href":"https:\/\/stoic-curie.212-227-153-4.plesk.page\/hr\/wp-json\/wp\/v2\/comments?post=742581"}],"version-history":[{"count":0,"href":"https:\/\/stoic-curie.212-227-153-4.plesk.page\/hr\/wp-json\/wp\/v2\/product\/742581\/revisions"}],"wp:featuredmedia":[{"embeddable":true,"href":"https:\/\/stoic-curie.212-227-153-4.plesk.page\/hr\/wp-json\/wp\/v2\/media\/5943917"}],"wp:attachment":[{"href":"https:\/\/stoic-curie.212-227-153-4.plesk.page\/hr\/wp-json\/wp\/v2\/media?parent=742581"}],"wp:term":[{"taxonomy":"product_brand","embeddable":true,"href":"https:\/\/stoic-curie.212-227-153-4.plesk.page\/hr\/wp-json\/wp\/v2\/product_brand?post=742581"},{"taxonomy":"product_cat","embeddable":true,"href":"https:\/\/stoic-curie.212-227-153-4.plesk.page\/hr\/wp-json\/wp\/v2\/product_cat?post=742581"},{"taxonomy":"product_tag","embeddable":true,"href":"https:\/\/stoic-curie.212-227-153-4.plesk.page\/hr\/wp-json\/wp\/v2\/product_tag?post=742581"}],"curies":[{"name":"wp","href":"https:\/\/api.w.org\/{rel}","templated":true}]}}