{"id":742600,"date":"2025-03-03T18:22:37","date_gmt":"2025-03-03T17:22:37","guid":{"rendered":"https:\/\/stoic-curie.212-227-153-4.plesk.page\/producto\/sklopivi-sidro-od-nehrdajuceg-celika-32-kg\/"},"modified":"2026-02-25T00:01:01","modified_gmt":"2026-02-25T00:01:01","slug":"sklopivi-sidro-od-nehrdajuceg-celika-32-kg","status":"publish","type":"product","link":"https:\/\/stoic-curie.212-227-153-4.plesk.page\/hr\/product\/sklopivi-sidro-od-nehrdajuceg-celika-32-kg\/","title":{"rendered":"Sklopivi sidro od nehr\u0111aju\u0107eg \u010delika 3,2 kg"},"content":{"rendered":"<p>Sklopivi sidro od nehr\u0111aju\u0107eg \u010delika 3,2 kg &#8211; <\/p>\n<p>Sklopiva sidra od nehr\u0111aju\u0107eg \u010delika. Za: stijene &#8211; kamenje &#8211; pijesak. \u010cesto se koristi kao sekundarno sidro.<\/p>\n","protected":false},"excerpt":{"rendered":"<p>Sklopivi sidro od nehr\u0111aju\u0107eg \u010delika 3,2 kg &#8211; Sklopiva sidra od nehr\u0111aju\u0107eg \u010delika. Za: stijene &#8211; kamenje &#8211; pijesak. \u010cesto<\/p>\n","protected":false},"featured_media":5943935,"comment_status":"open","ping_status":"closed","template":"","meta":[],"product_brand":[3121],"product_cat":[1861],"product_tag":[],"class_list":{"0":"post-742600","1":"product","2":"type-product","3":"status-publish","4":"has-post-thumbnail","6":"product_brand-marinetech-hr","7":"product_cat-sklopiva","9":"first","10":"instock","11":"shipping-taxable","12":"purchasable","13":"product-type-simple"},"_links":{"self":[{"href":"https:\/\/stoic-curie.212-227-153-4.plesk.page\/hr\/wp-json\/wp\/v2\/product\/742600","targetHints":{"allow":["GET"]}}],"collection":[{"href":"https:\/\/stoic-curie.212-227-153-4.plesk.page\/hr\/wp-json\/wp\/v2\/product"}],"about":[{"href":"https:\/\/stoic-curie.212-227-153-4.plesk.page\/hr\/wp-json\/wp\/v2\/types\/product"}],"replies":[{"embeddable":true,"href":"https:\/\/stoic-curie.212-227-153-4.plesk.page\/hr\/wp-json\/wp\/v2\/comments?post=742600"}],"version-history":[{"count":0,"href":"https:\/\/stoic-curie.212-227-153-4.plesk.page\/hr\/wp-json\/wp\/v2\/product\/742600\/revisions"}],"wp:featuredmedia":[{"embeddable":true,"href":"https:\/\/stoic-curie.212-227-153-4.plesk.page\/hr\/wp-json\/wp\/v2\/media\/5943935"}],"wp:attachment":[{"href":"https:\/\/stoic-curie.212-227-153-4.plesk.page\/hr\/wp-json\/wp\/v2\/media?parent=742600"}],"wp:term":[{"taxonomy":"product_brand","embeddable":true,"href":"https:\/\/stoic-curie.212-227-153-4.plesk.page\/hr\/wp-json\/wp\/v2\/product_brand?post=742600"},{"taxonomy":"product_cat","embeddable":true,"href":"https:\/\/stoic-curie.212-227-153-4.plesk.page\/hr\/wp-json\/wp\/v2\/product_cat?post=742600"},{"taxonomy":"product_tag","embeddable":true,"href":"https:\/\/stoic-curie.212-227-153-4.plesk.page\/hr\/wp-json\/wp\/v2\/product_tag?post=742600"}],"curies":[{"name":"wp","href":"https:\/\/api.w.org\/{rel}","templated":true}]}}