{"id":742607,"date":"2025-03-03T18:22:39","date_gmt":"2025-03-03T17:22:39","guid":{"rendered":"https:\/\/stoic-curie.212-227-153-4.plesk.page\/producto\/ampermetar-sa-shuntom-ecms-crni-kromirani-12-24v-150150a\/"},"modified":"2026-02-25T00:01:01","modified_gmt":"2026-02-25T00:01:01","slug":"ampermetar-sa-shuntom-ecms-crni-kromirani-12-24v-150150a","status":"publish","type":"product","link":"https:\/\/stoic-curie.212-227-153-4.plesk.page\/hr\/product\/ampermetar-sa-shuntom-ecms-crni-kromirani-12-24v-150150a\/","title":{"rendered":"Ampermetar sa shuntom ECMS crni kromirani 12\/24V -150+150A"},"content":{"rendered":"<p>Ampermetar sa shuntom ECMS crni kromirani 12\/24V -150+150A &#8211; <\/p>\n<p>Ecms Black Chrome 12\/24V mjera\u010di, kompletni s priklju\u010denim Molex konektorom. Polirani inox okvir i crna broj\u010danik. Vodootporna IP67 za\u0161ti\u0107ena kupolasta le\u0107a otporna na maglu. Prilagodljiv multi-boji LED pozadinsko osvjetljenje broj\u010danika. Mjeri se mogu postaviti na bilo koju vrijednost impedancije pomo\u0107u gumba za konfiguraciju na stra\u017enjoj strani. U tvorni\u010dki su postavljeni na standardnu vrijednost 0-190 Ohm. 5 i 10 bar mjera\u010di tlaka ulja su kompatibilni s standardnim senzorima (10-180 Ohm), dok je 30 bar model kompatibilan samo s elektroni\u010dkim senzorima (0,5-4,5V). Ampermetri dolaze s senzorom (shunt) za mjerenje struje.<\/p>\n","protected":false},"excerpt":{"rendered":"<p>Ampermetar sa shuntom ECMS crni kromirani 12\/24V -150+150A &#8211; Ecms Black Chrome 12\/24V mjera\u010di, kompletni s priklju\u010denim Molex konektorom. Polirani<\/p>\n","protected":false},"featured_media":5942305,"comment_status":"open","ping_status":"closed","template":"","meta":[],"product_brand":[2911],"product_cat":[1729,1811],"product_tag":[],"class_list":{"0":"post-742607","1":"product","2":"type-product","3":"status-publish","4":"has-post-thumbnail","6":"product_brand-ecms-marine-hr","7":"product_cat-baterije","8":"product_cat-brodski-mjerni-instrumenti-ecms-a","10":"first","11":"instock","12":"shipping-taxable","13":"purchasable","14":"product-type-simple"},"_links":{"self":[{"href":"https:\/\/stoic-curie.212-227-153-4.plesk.page\/hr\/wp-json\/wp\/v2\/product\/742607","targetHints":{"allow":["GET"]}}],"collection":[{"href":"https:\/\/stoic-curie.212-227-153-4.plesk.page\/hr\/wp-json\/wp\/v2\/product"}],"about":[{"href":"https:\/\/stoic-curie.212-227-153-4.plesk.page\/hr\/wp-json\/wp\/v2\/types\/product"}],"replies":[{"embeddable":true,"href":"https:\/\/stoic-curie.212-227-153-4.plesk.page\/hr\/wp-json\/wp\/v2\/comments?post=742607"}],"version-history":[{"count":0,"href":"https:\/\/stoic-curie.212-227-153-4.plesk.page\/hr\/wp-json\/wp\/v2\/product\/742607\/revisions"}],"wp:featuredmedia":[{"embeddable":true,"href":"https:\/\/stoic-curie.212-227-153-4.plesk.page\/hr\/wp-json\/wp\/v2\/media\/5942305"}],"wp:attachment":[{"href":"https:\/\/stoic-curie.212-227-153-4.plesk.page\/hr\/wp-json\/wp\/v2\/media?parent=742607"}],"wp:term":[{"taxonomy":"product_brand","embeddable":true,"href":"https:\/\/stoic-curie.212-227-153-4.plesk.page\/hr\/wp-json\/wp\/v2\/product_brand?post=742607"},{"taxonomy":"product_cat","embeddable":true,"href":"https:\/\/stoic-curie.212-227-153-4.plesk.page\/hr\/wp-json\/wp\/v2\/product_cat?post=742607"},{"taxonomy":"product_tag","embeddable":true,"href":"https:\/\/stoic-curie.212-227-153-4.plesk.page\/hr\/wp-json\/wp\/v2\/product_tag?post=742607"}],"curies":[{"name":"wp","href":"https:\/\/api.w.org\/{rel}","templated":true}]}}