{"id":742610,"date":"2025-03-03T18:22:40","date_gmt":"2025-03-03T17:22:40","guid":{"rendered":"https:\/\/stoic-curie.212-227-153-4.plesk.page\/producto\/torba-za-pohranu-plava-navishell-za-jedrilice-40-x-20-x-h28cm\/"},"modified":"2026-02-25T00:01:01","modified_gmt":"2026-02-25T00:01:01","slug":"torba-za-pohranu-plava-navishell-za-jedrilice-40-x-20-x-h28cm","status":"publish","type":"product","link":"https:\/\/stoic-curie.212-227-153-4.plesk.page\/hr\/product\/torba-za-pohranu-plava-navishell-za-jedrilice-40-x-20-x-h28cm\/","title":{"rendered":"Torba za pohranu, plava, Navishell za jedrilice 40 x 20 x H28cm"},"content":{"rendered":"<p>Torba za pohranu, plava, Navishell za jedrilice 40 x 20 x H28cm &#8211; <\/p>\n<p>Woven akrilni tkanina za za\u0161titu i torbu za stowbag kokpita. Vodoodbojno i otporno na UV zrake.<br \/> S prednjom d\u017eepom za dodatke i mre\u017eastim dnom za odvodnju.<br \/> \u0160iroko otvaranje s poja\u010danim rubom za udobno i lako punjenje.<br \/> Za pohranu u\u017ee, jarbola, ru\u010dke dizalice, obu\u0107e, pi\u0107a itd.<br \/> Tri opcionalna sustava pri\u010dvr\u0161\u0107ivanja uklju\u010dena: 1) Na za\u0161titnim ogradama, s \u010di\u010dkom za lako i \u010dvrsto pri\u010dvr\u0161\u0107ivanje 2) Na kokpitu, s usisnim \u010da\u0161ama za lako i \u010dvrsto pri\u010dvr\u0161\u0107ivanje bez vijaka 3) Na kokpitu, s kukama za lako i \u010dvrsto pri\u010dvr\u0161\u0107ivanje s vijcima.<\/p>\n","protected":false},"excerpt":{"rendered":"<p>Torba za pohranu, plava, Navishell za jedrilice 40 x 20 x H28cm &#8211; Woven akrilni tkanina za za\u0161titu i torbu<\/p>\n","protected":false},"featured_media":5943948,"comment_status":"open","ping_status":"closed","template":"","meta":[],"product_brand":[3176],"product_cat":[1766,1644],"product_tag":[],"class_list":{"0":"post-742610","1":"product","2":"type-product","3":"status-publish","4":"has-post-thumbnail","6":"product_brand-navishell-hr","7":"product_cat-navlake-i-stitnici-za-jedrilice","8":"product_cat-pribor-za-spremista","10":"first","11":"instock","12":"shipping-taxable","13":"purchasable","14":"product-type-simple"},"_links":{"self":[{"href":"https:\/\/stoic-curie.212-227-153-4.plesk.page\/hr\/wp-json\/wp\/v2\/product\/742610","targetHints":{"allow":["GET"]}}],"collection":[{"href":"https:\/\/stoic-curie.212-227-153-4.plesk.page\/hr\/wp-json\/wp\/v2\/product"}],"about":[{"href":"https:\/\/stoic-curie.212-227-153-4.plesk.page\/hr\/wp-json\/wp\/v2\/types\/product"}],"replies":[{"embeddable":true,"href":"https:\/\/stoic-curie.212-227-153-4.plesk.page\/hr\/wp-json\/wp\/v2\/comments?post=742610"}],"version-history":[{"count":0,"href":"https:\/\/stoic-curie.212-227-153-4.plesk.page\/hr\/wp-json\/wp\/v2\/product\/742610\/revisions"}],"wp:featuredmedia":[{"embeddable":true,"href":"https:\/\/stoic-curie.212-227-153-4.plesk.page\/hr\/wp-json\/wp\/v2\/media\/5943948"}],"wp:attachment":[{"href":"https:\/\/stoic-curie.212-227-153-4.plesk.page\/hr\/wp-json\/wp\/v2\/media?parent=742610"}],"wp:term":[{"taxonomy":"product_brand","embeddable":true,"href":"https:\/\/stoic-curie.212-227-153-4.plesk.page\/hr\/wp-json\/wp\/v2\/product_brand?post=742610"},{"taxonomy":"product_cat","embeddable":true,"href":"https:\/\/stoic-curie.212-227-153-4.plesk.page\/hr\/wp-json\/wp\/v2\/product_cat?post=742610"},{"taxonomy":"product_tag","embeddable":true,"href":"https:\/\/stoic-curie.212-227-153-4.plesk.page\/hr\/wp-json\/wp\/v2\/product_tag?post=742610"}],"curies":[{"name":"wp","href":"https:\/\/api.w.org\/{rel}","templated":true}]}}