{"id":742611,"date":"2025-03-03T18:22:40","date_gmt":"2025-03-03T17:22:40","guid":{"rendered":"https:\/\/stoic-curie.212-227-153-4.plesk.page\/producto\/navishell-torba-za-pohranu-plava-46-x-30-cm\/"},"modified":"2026-02-25T00:01:01","modified_gmt":"2026-02-25T00:01:01","slug":"navishell-torba-za-pohranu-plava-46-x-30-cm","status":"publish","type":"product","link":"https:\/\/stoic-curie.212-227-153-4.plesk.page\/hr\/product\/navishell-torba-za-pohranu-plava-46-x-30-cm\/","title":{"rendered":"Navishell torba za pohranu plava 46 x 30 cm"},"content":{"rendered":"<p>Navishell torba za pohranu plava 46 x 30 cm &#8211; <\/p>\n<p>Torba od akrilnog materijala otporna na vodu. Otpornik na UV zrake. Stabilne, neizbrisive boje ostaju \u017eivopisne najmanje 3 godine kontinuirane upotrebe. Uklju\u010dena su dva opcijska sustava za pri\u010dvr\u0161\u0107ivanje: 1) Sa usisnim \u010da\u0161ama koje jam\u010de jednostavno i sigurno pri\u010dvr\u0161\u0107ivanje bez bu\u0161enja. 2) S kukama koje jam\u010de jednostavno i sigurno pri\u010dvr\u0161\u0107ivanje bu\u0161enjem. Opremljena je prednjim mre\u017enim d\u017eepom za pohranu sitnih predmeta i dodatnim dr\u017ea\u010dem za kolut.<\/p>\n","protected":false},"excerpt":{"rendered":"<p>Navishell torba za pohranu plava 46 x 30 cm &#8211; Torba od akrilnog materijala otporna na vodu. Otpornik na UV<\/p>\n","protected":false},"featured_media":5943953,"comment_status":"open","ping_status":"closed","template":"","meta":[],"product_brand":[3176],"product_cat":[1766,1644],"product_tag":[],"class_list":{"0":"post-742611","1":"product","2":"type-product","3":"status-publish","4":"has-post-thumbnail","6":"product_brand-navishell-hr","7":"product_cat-navlake-i-stitnici-za-jedrilice","8":"product_cat-pribor-za-spremista","10":"first","11":"instock","12":"shipping-taxable","13":"purchasable","14":"product-type-simple"},"_links":{"self":[{"href":"https:\/\/stoic-curie.212-227-153-4.plesk.page\/hr\/wp-json\/wp\/v2\/product\/742611","targetHints":{"allow":["GET"]}}],"collection":[{"href":"https:\/\/stoic-curie.212-227-153-4.plesk.page\/hr\/wp-json\/wp\/v2\/product"}],"about":[{"href":"https:\/\/stoic-curie.212-227-153-4.plesk.page\/hr\/wp-json\/wp\/v2\/types\/product"}],"replies":[{"embeddable":true,"href":"https:\/\/stoic-curie.212-227-153-4.plesk.page\/hr\/wp-json\/wp\/v2\/comments?post=742611"}],"version-history":[{"count":0,"href":"https:\/\/stoic-curie.212-227-153-4.plesk.page\/hr\/wp-json\/wp\/v2\/product\/742611\/revisions"}],"wp:featuredmedia":[{"embeddable":true,"href":"https:\/\/stoic-curie.212-227-153-4.plesk.page\/hr\/wp-json\/wp\/v2\/media\/5943953"}],"wp:attachment":[{"href":"https:\/\/stoic-curie.212-227-153-4.plesk.page\/hr\/wp-json\/wp\/v2\/media?parent=742611"}],"wp:term":[{"taxonomy":"product_brand","embeddable":true,"href":"https:\/\/stoic-curie.212-227-153-4.plesk.page\/hr\/wp-json\/wp\/v2\/product_brand?post=742611"},{"taxonomy":"product_cat","embeddable":true,"href":"https:\/\/stoic-curie.212-227-153-4.plesk.page\/hr\/wp-json\/wp\/v2\/product_cat?post=742611"},{"taxonomy":"product_tag","embeddable":true,"href":"https:\/\/stoic-curie.212-227-153-4.plesk.page\/hr\/wp-json\/wp\/v2\/product_tag?post=742611"}],"curies":[{"name":"wp","href":"https:\/\/api.w.org\/{rel}","templated":true}]}}