{"id":742620,"date":"2025-03-03T18:22:42","date_gmt":"2025-03-03T17:22:42","guid":{"rendered":"https:\/\/stoic-curie.212-227-153-4.plesk.page\/producto\/izvlacive-bitve-od-nehrdajuceg-celika-f-line-s-180-mm\/"},"modified":"2026-02-25T00:01:01","modified_gmt":"2026-02-25T00:01:01","slug":"izvlacive-bitve-od-nehrdajuceg-celika-f-line-s-180-mm","status":"publish","type":"product","link":"https:\/\/stoic-curie.212-227-153-4.plesk.page\/hr\/product\/izvlacive-bitve-od-nehrdajuceg-celika-f-line-s-180-mm\/","title":{"rendered":"Izvla\u010dive bitve od nehr\u0111aju\u0107eg \u010delika F-Line s 180 mm"},"content":{"rendered":"<p>Izvla\u010dive bitve od nehr\u0111aju\u0107eg \u010delika F-Line s 180 mm &#8211; <\/p>\n<p>Visokokvalitetni vuzni u\u017ee od poliranog nehr\u0111aju\u0107eg \u010delika. Talijanski dizajn i proizvodnja, opremljen mekanim i pr\u00e9ciznim mehanizmom s r\u1ecdrun, koji se mo\u017ee aktivirati samo jednim dodirom ruke. Unutarnje skrivene monta\u017ee vijaka.<\/p>\n","protected":false},"excerpt":{"rendered":"<p>Izvla\u010dive bitve od nehr\u0111aju\u0107eg \u010delika F-Line s 180 mm &#8211; Visokokvalitetni vuzni u\u017ee od poliranog nehr\u0111aju\u0107eg \u010delika. Talijanski dizajn i<\/p>\n","protected":false},"featured_media":5943990,"comment_status":"open","ping_status":"closed","template":"","meta":[],"product_brand":[2946],"product_cat":[1704],"product_tag":[],"class_list":{"0":"post-742620","1":"product","2":"type-product","3":"status-publish","4":"has-post-thumbnail","6":"product_brand-foresti-suardi-hr","7":"product_cat-palubne-kljune","9":"first","10":"instock","11":"shipping-taxable","12":"purchasable","13":"product-type-simple"},"_links":{"self":[{"href":"https:\/\/stoic-curie.212-227-153-4.plesk.page\/hr\/wp-json\/wp\/v2\/product\/742620","targetHints":{"allow":["GET"]}}],"collection":[{"href":"https:\/\/stoic-curie.212-227-153-4.plesk.page\/hr\/wp-json\/wp\/v2\/product"}],"about":[{"href":"https:\/\/stoic-curie.212-227-153-4.plesk.page\/hr\/wp-json\/wp\/v2\/types\/product"}],"replies":[{"embeddable":true,"href":"https:\/\/stoic-curie.212-227-153-4.plesk.page\/hr\/wp-json\/wp\/v2\/comments?post=742620"}],"version-history":[{"count":0,"href":"https:\/\/stoic-curie.212-227-153-4.plesk.page\/hr\/wp-json\/wp\/v2\/product\/742620\/revisions"}],"wp:featuredmedia":[{"embeddable":true,"href":"https:\/\/stoic-curie.212-227-153-4.plesk.page\/hr\/wp-json\/wp\/v2\/media\/5943990"}],"wp:attachment":[{"href":"https:\/\/stoic-curie.212-227-153-4.plesk.page\/hr\/wp-json\/wp\/v2\/media?parent=742620"}],"wp:term":[{"taxonomy":"product_brand","embeddable":true,"href":"https:\/\/stoic-curie.212-227-153-4.plesk.page\/hr\/wp-json\/wp\/v2\/product_brand?post=742620"},{"taxonomy":"product_cat","embeddable":true,"href":"https:\/\/stoic-curie.212-227-153-4.plesk.page\/hr\/wp-json\/wp\/v2\/product_cat?post=742620"},{"taxonomy":"product_tag","embeddable":true,"href":"https:\/\/stoic-curie.212-227-153-4.plesk.page\/hr\/wp-json\/wp\/v2\/product_tag?post=742620"}],"curies":[{"name":"wp","href":"https:\/\/api.w.org\/{rel}","templated":true}]}}