{"id":742622,"date":"2025-03-03T18:22:43","date_gmt":"2025-03-03T17:22:43","guid":{"rendered":"https:\/\/stoic-curie.212-227-153-4.plesk.page\/producto\/uvlaciva-bitva-model-f-line-l-350mm-nehrdajuceg-celika\/"},"modified":"2026-02-25T00:01:01","modified_gmt":"2026-02-25T00:01:01","slug":"uvlaciva-bitva-model-f-line-l-350mm-nehrdajuceg-celika","status":"publish","type":"product","link":"https:\/\/stoic-curie.212-227-153-4.plesk.page\/hr\/product\/uvlaciva-bitva-model-f-line-l-350mm-nehrdajuceg-celika\/","title":{"rendered":"Uvla\u010diva bitva model F-Line L 350mm nehr\u0111aju\u0107eg \u010delika"},"content":{"rendered":"<p>Uvla\u010diva bitva model F-Line L 350mm nehr\u0111aju\u0107eg \u010delika &#8211; <\/p>\n<p>Kvalitetni, visokopolirani sidreni u\u017ee od nehr\u0111aju\u0107eg \u010delika. Talijanski dizajn i proizvodnja, opremljen mekim i preciznim umetnutim mehanizmom, aktivira se jednim pritiskom ruke. Skrivena unutarnja monta\u017ea.<\/p>\n","protected":false},"excerpt":{"rendered":"<p>Uvla\u010diva bitva model F-Line L 350mm nehr\u0111aju\u0107eg \u010delika &#8211; Kvalitetni, visokopolirani sidreni u\u017ee od nehr\u0111aju\u0107eg \u010delika. Talijanski dizajn i proizvodnja,<\/p>\n","protected":false},"featured_media":5943994,"comment_status":"open","ping_status":"closed","template":"","meta":[],"product_brand":[2946],"product_cat":[1704],"product_tag":[],"class_list":{"0":"post-742622","1":"product","2":"type-product","3":"status-publish","4":"has-post-thumbnail","6":"product_brand-foresti-suardi-hr","7":"product_cat-palubne-kljune","9":"first","10":"instock","11":"shipping-taxable","12":"purchasable","13":"product-type-simple"},"_links":{"self":[{"href":"https:\/\/stoic-curie.212-227-153-4.plesk.page\/hr\/wp-json\/wp\/v2\/product\/742622","targetHints":{"allow":["GET"]}}],"collection":[{"href":"https:\/\/stoic-curie.212-227-153-4.plesk.page\/hr\/wp-json\/wp\/v2\/product"}],"about":[{"href":"https:\/\/stoic-curie.212-227-153-4.plesk.page\/hr\/wp-json\/wp\/v2\/types\/product"}],"replies":[{"embeddable":true,"href":"https:\/\/stoic-curie.212-227-153-4.plesk.page\/hr\/wp-json\/wp\/v2\/comments?post=742622"}],"version-history":[{"count":0,"href":"https:\/\/stoic-curie.212-227-153-4.plesk.page\/hr\/wp-json\/wp\/v2\/product\/742622\/revisions"}],"wp:featuredmedia":[{"embeddable":true,"href":"https:\/\/stoic-curie.212-227-153-4.plesk.page\/hr\/wp-json\/wp\/v2\/media\/5943994"}],"wp:attachment":[{"href":"https:\/\/stoic-curie.212-227-153-4.plesk.page\/hr\/wp-json\/wp\/v2\/media?parent=742622"}],"wp:term":[{"taxonomy":"product_brand","embeddable":true,"href":"https:\/\/stoic-curie.212-227-153-4.plesk.page\/hr\/wp-json\/wp\/v2\/product_brand?post=742622"},{"taxonomy":"product_cat","embeddable":true,"href":"https:\/\/stoic-curie.212-227-153-4.plesk.page\/hr\/wp-json\/wp\/v2\/product_cat?post=742622"},{"taxonomy":"product_tag","embeddable":true,"href":"https:\/\/stoic-curie.212-227-153-4.plesk.page\/hr\/wp-json\/wp\/v2\/product_tag?post=742622"}],"curies":[{"name":"wp","href":"https:\/\/api.w.org\/{rel}","templated":true}]}}