{"id":742624,"date":"2025-03-03T18:22:43","date_gmt":"2025-03-03T17:22:43","guid":{"rendered":"https:\/\/stoic-curie.212-227-153-4.plesk.page\/producto\/linearni-prigusivac-ispuha-vetus-mv-100\/"},"modified":"2026-02-25T00:01:01","modified_gmt":"2026-02-25T00:01:01","slug":"linearni-prigusivac-ispuha-vetus-mv-100","status":"publish","type":"product","link":"https:\/\/stoic-curie.212-227-153-4.plesk.page\/hr\/product\/linearni-prigusivac-ispuha-vetus-mv-100\/","title":{"rendered":"Prigu\u0161iva\u010d ispuha Vetus MV 100"},"content":{"rendered":"<p>Prigu\u0161iva\u010d ispuha Vetus MV 100 &#8211; <\/p>\n<p style=\"color: rgb(34, 34, 34); font-family: Arial, Helvetica, sans-serif; font-size: small;\">Ovaj plasti\u010dni auspuh s povratnim ventilom dizajniran je za brze plovila opremljena sna\u017enim motorima. Zna\u010dajno smanjuje ispu\u0161ne zvukove uz odr\u017eavanje niskog povratnog pritiska. Auspuh ima kapacitet od 11,5 litara.<\/p>\n<p style=\"color: rgb(34, 34, 34); font-family: Arial, Helvetica, sans-serif; font-size: small;\">Ovi kompaktni auspuhi u\u010dinkovito minimiziraju ispu\u0161ne zvukove i izra\u0111eni su od laganih, korozivno otpornog sinteti\u010dkog materijala. Veze za transom za ovaj sustav dostupne su u nehr\u0111aju\u0107em \u010deliku (AISI 316) ili oja\u010danoj crnoj plastici. I Tip MV auspuhi i spojka za transom sadr\u017ee povratni ventil koji sprje\u010dava ulazak morske vode u motor.<\/p>\n<p style=\"color: rgb(34, 34, 34); font-family: Arial, Helvetica, sans-serif; font-size: small;\"><strong>Tehni\u010dke specifikacije:<\/strong><\/p>\n<ul style=\"color: rgb(34, 34, 34); font-family: Arial, Helvetica, sans-serif; font-size: small;\">\n<li>Uklju\u010duje monta\u017ene nosa\u010de od nehr\u0111aju\u0107eg \u010delika (AISI 316)<\/li>\n<li>Preporu\u010duje se opcionalni senzor temperature za alarm na sirovoj vodi<\/li>\n<\/ul>\n<p style=\"color: rgb(34, 34, 34); font-family: Arial, Helvetica, sans-serif; font-size: small;\"><strong>Funkcija:<\/strong>&nbsp;Auspuh<br \/><strong>Kapacitet:<\/strong>&nbsp;11,5 litara<br \/><strong>Promjer ulazne cijevi:<\/strong>&nbsp;100 mm<br \/><strong>Promjer izlazne cijevi:<\/strong>&nbsp;100 mm<br \/><strong>Duljina:<\/strong>&nbsp;702 mm<br \/><strong>\u0160irina:<\/strong>&nbsp;210 mm<br \/><strong>Visina:<\/strong>&nbsp;210 mm<br \/><strong>Polo\u017eaj vodene bravice:<\/strong>&nbsp;Horizontalno<br \/><strong>Te\u0161ka verzija:<\/strong>&nbsp;Ne<br \/><strong>Rotiraju\u0107e povezivanje crijeva:<\/strong>&nbsp;Ne<br \/><strong>Rotiraju\u0107i dijelovi tijela:<\/strong>&nbsp;Ne<\/p>\n","protected":false},"excerpt":{"rendered":"<p>Prigu\u0161iva\u010d ispuha Vetus MV 100 &#8211; Ovaj plasti\u010dni auspuh s povratnim ventilom dizajniran je za brze plovila opremljena sna\u017enim motorima.<\/p>\n","protected":false},"featured_media":5943999,"comment_status":"open","ping_status":"closed","template":"","meta":[],"product_brand":[3521],"product_cat":[1794],"product_tag":[],"class_list":{"0":"post-742624","1":"product","2":"type-product","3":"status-publish","4":"has-post-thumbnail","6":"product_brand-vetus-hr","7":"product_cat-ispusne-vode-i-prigusivaci","9":"first","10":"instock","11":"shipping-taxable","12":"purchasable","13":"product-type-simple"},"_links":{"self":[{"href":"https:\/\/stoic-curie.212-227-153-4.plesk.page\/hr\/wp-json\/wp\/v2\/product\/742624","targetHints":{"allow":["GET"]}}],"collection":[{"href":"https:\/\/stoic-curie.212-227-153-4.plesk.page\/hr\/wp-json\/wp\/v2\/product"}],"about":[{"href":"https:\/\/stoic-curie.212-227-153-4.plesk.page\/hr\/wp-json\/wp\/v2\/types\/product"}],"replies":[{"embeddable":true,"href":"https:\/\/stoic-curie.212-227-153-4.plesk.page\/hr\/wp-json\/wp\/v2\/comments?post=742624"}],"version-history":[{"count":0,"href":"https:\/\/stoic-curie.212-227-153-4.plesk.page\/hr\/wp-json\/wp\/v2\/product\/742624\/revisions"}],"wp:featuredmedia":[{"embeddable":true,"href":"https:\/\/stoic-curie.212-227-153-4.plesk.page\/hr\/wp-json\/wp\/v2\/media\/5943999"}],"wp:attachment":[{"href":"https:\/\/stoic-curie.212-227-153-4.plesk.page\/hr\/wp-json\/wp\/v2\/media?parent=742624"}],"wp:term":[{"taxonomy":"product_brand","embeddable":true,"href":"https:\/\/stoic-curie.212-227-153-4.plesk.page\/hr\/wp-json\/wp\/v2\/product_brand?post=742624"},{"taxonomy":"product_cat","embeddable":true,"href":"https:\/\/stoic-curie.212-227-153-4.plesk.page\/hr\/wp-json\/wp\/v2\/product_cat?post=742624"},{"taxonomy":"product_tag","embeddable":true,"href":"https:\/\/stoic-curie.212-227-153-4.plesk.page\/hr\/wp-json\/wp\/v2\/product_tag?post=742624"}],"curies":[{"name":"wp","href":"https:\/\/api.w.org\/{rel}","templated":true}]}}