{"id":742625,"date":"2025-03-03T18:22:43","date_gmt":"2025-03-03T17:22:43","guid":{"rendered":"https:\/\/stoic-curie.212-227-153-4.plesk.page\/producto\/vetus-mv125mm\/"},"modified":"2026-02-25T00:01:01","modified_gmt":"2026-02-25T00:01:01","slug":"vetus-mv125mm","status":"publish","type":"product","link":"https:\/\/stoic-curie.212-227-153-4.plesk.page\/hr\/product\/vetus-mv125mm\/","title":{"rendered":"Izduvni prigu\u0161iva\u010d Vetus MV 125mm"},"content":{"rendered":"<p>Izduvni prigu\u0161iva\u010d Vetus MV 125mm &#8211; <\/p>\n<p style=\"color: rgb(34, 34, 34); font-family: Arial, Helvetica, sans-serif; font-size: small;\">Muffler za morski ispu\u0161ni sustav Vetus MV125 izra\u0111en je od robusne plastike i posebno je dizajniran za smanjenje buke iz ispu\u0161nog sustava. Izvrsno je prikladan za \u010damce koji nemaju dovoljno prostora za vodu ili gooseneck. Ovaj muffler je opremljen ugra\u0111enim povratnim ventilom na strani ulaza, koji efikasno sprje\u010dava povratak vode prema motoru, \u010dime se eliminira potreba za gooseneckom.<\/p>\n<p style=\"color: rgb(34, 34, 34); font-family: Arial, Helvetica, sans-serif; font-size: small;\">Plasti\u010dni muffler Vetus ima kompaktan i lagan dizajn, a isporu\u010duje se s metalnim steznim dr\u017ea\u010dima od nehr\u0111aju\u0107eg \u010delika za jednostavnu instalaciju. Tako\u0111er ima priklju\u010dak za senzor temperature koji mo\u017ee aktivirati alarm ako ispu\u0161ne plinove nadma\u0161e odre\u0111enu temperaturu.<\/p>\n<p style=\"color: rgb(34, 34, 34); font-family: Arial, Helvetica, sans-serif; font-size: small;\">Napomena: Vetus ispu\u0161ni dijelovi izra\u0111eni su od plastike i namijenjeni su isklju\u010divo za upotrebu u vla\u017enim ispu\u0161nim sustavima. Maksimalna dopu\u0161tena temperatura ne smije prelaziti 70\u00b0C, jer prekomjerno zagrijavanje mo\u017ee o\u0161tetiti ispu\u0161ne dijelove.<\/p>\n<p style=\"color: rgb(34, 34, 34); font-family: Arial, Helvetica, sans-serif; font-size: small;\"><strong>Specifikacije:<\/strong><\/p>\n<ul style=\"color: rgb(34, 34, 34); font-family: Arial, Helvetica, sans-serif; font-size: small;\">\n<li>Kapacitet: 37 litara<\/li>\n<li>Materijal: plastika<\/li>\n<li>Veli\u010dina priklju\u010dka: 127 mm<\/li>\n<li>Primarna konstrukcija: plastika<\/li>\n<li>Pogodno za: benzin\/dizel<\/li>\n<li>Veli\u010dina ulaznog\/izlaznog priklju\u010dka: 127 mm<\/li>\n<li>Marka: Vetus<\/li>\n<li>Visina: 320 mm<\/li>\n<li>Duljina: 910 mm<\/li>\n<\/ul>\n","protected":false},"excerpt":{"rendered":"<p>Izduvni prigu\u0161iva\u010d Vetus MV 125mm &#8211; Muffler za morski ispu\u0161ni sustav Vetus MV125 izra\u0111en je od robusne plastike i posebno<\/p>\n","protected":false},"featured_media":5943999,"comment_status":"open","ping_status":"closed","template":"","meta":[],"product_brand":[3521],"product_cat":[1794],"product_tag":[],"class_list":{"0":"post-742625","1":"product","2":"type-product","3":"status-publish","4":"has-post-thumbnail","6":"product_brand-vetus-hr","7":"product_cat-ispusne-vode-i-prigusivaci","9":"first","10":"instock","11":"shipping-taxable","12":"purchasable","13":"product-type-simple"},"_links":{"self":[{"href":"https:\/\/stoic-curie.212-227-153-4.plesk.page\/hr\/wp-json\/wp\/v2\/product\/742625","targetHints":{"allow":["GET"]}}],"collection":[{"href":"https:\/\/stoic-curie.212-227-153-4.plesk.page\/hr\/wp-json\/wp\/v2\/product"}],"about":[{"href":"https:\/\/stoic-curie.212-227-153-4.plesk.page\/hr\/wp-json\/wp\/v2\/types\/product"}],"replies":[{"embeddable":true,"href":"https:\/\/stoic-curie.212-227-153-4.plesk.page\/hr\/wp-json\/wp\/v2\/comments?post=742625"}],"version-history":[{"count":0,"href":"https:\/\/stoic-curie.212-227-153-4.plesk.page\/hr\/wp-json\/wp\/v2\/product\/742625\/revisions"}],"wp:featuredmedia":[{"embeddable":true,"href":"https:\/\/stoic-curie.212-227-153-4.plesk.page\/hr\/wp-json\/wp\/v2\/media\/5943999"}],"wp:attachment":[{"href":"https:\/\/stoic-curie.212-227-153-4.plesk.page\/hr\/wp-json\/wp\/v2\/media?parent=742625"}],"wp:term":[{"taxonomy":"product_brand","embeddable":true,"href":"https:\/\/stoic-curie.212-227-153-4.plesk.page\/hr\/wp-json\/wp\/v2\/product_brand?post=742625"},{"taxonomy":"product_cat","embeddable":true,"href":"https:\/\/stoic-curie.212-227-153-4.plesk.page\/hr\/wp-json\/wp\/v2\/product_cat?post=742625"},{"taxonomy":"product_tag","embeddable":true,"href":"https:\/\/stoic-curie.212-227-153-4.plesk.page\/hr\/wp-json\/wp\/v2\/product_tag?post=742625"}],"curies":[{"name":"wp","href":"https:\/\/api.w.org\/{rel}","templated":true}]}}