{"id":742626,"date":"2025-03-03T18:22:44","date_gmt":"2025-03-03T17:22:44","guid":{"rendered":"https:\/\/stoic-curie.212-227-153-4.plesk.page\/producto\/vetus-mv150mm\/"},"modified":"2026-02-25T00:01:01","modified_gmt":"2026-02-25T00:01:01","slug":"vetus-mv150mm","status":"publish","type":"product","link":"https:\/\/stoic-curie.212-227-153-4.plesk.page\/hr\/product\/vetus-mv150mm\/","title":{"rendered":"Izduvni lonac Vetus MV 150mm"},"content":{"rendered":"<p>Izduvni lonac Vetus MV 150mm &#8211; <\/p>\n<p style=\"color: rgb(34, 34, 34); font-family: Arial, Helvetica, sans-serif; font-size: small;\">S ponosom predstavljamo VETUS MV 150 prigu\u0161iva\u010d u na\u0161oj trgovini, posebno izra\u0111en za visokoperformantne plovila. Ovaj plasti\u010dni prigu\u0161iva\u010d promjera 150 mm opremljen je povratnim ventilom i dizajniran je za brze \u010damce s mo\u0107nim motorima. U\u010dinkovito smanjuje buku ispuha, pobolj\u0161avaju\u0107i va\u0161e cjelokupno iskustvo plovidbe. S kapacitetom od 37 litara, ovaj prigu\u0161iva\u010d ispuha savr\u0161en je za ve\u0107e motore i brze \u010damce.<\/p>\n<p style=\"color: rgb(34, 34, 34); font-family: Arial, Helvetica, sans-serif; font-size: small;\">Ovi kompaktni prigu\u0161iva\u010di ne samo da smanjuju buku ispuha nego tako\u0111er osiguravaju nizak povratni tlak. Svi dijelovi izra\u0111eni su od laganih, otpornih na koroziju sinteti\u010dkih materijala. Spojevi za ovaj sustav mogu biti izra\u0111eni od nehr\u0111aju\u0107eg \u010delika (AISI 316) ili oja\u010danog crnog plastike. MV tip prigu\u0161iva\u010di i spojevi za transom imaju povratni ventil koji sprje\u010dava ulazak morske vode u motor.<\/p>\n<p style=\"color: rgb(34, 34, 34); font-family: Arial, Helvetica, sans-serif; font-size: small;\"><strong>Specifikacije:<\/strong><\/p>\n<ul style=\"color: rgb(34, 34, 34); font-family: Arial, Helvetica, sans-serif; font-size: small;\">\n<li><strong>Funkcija:<\/strong>&nbsp;Prigu\u0161iva\u010d<\/li>\n<li><strong>Kapacitet:<\/strong>&nbsp;37 litara<\/li>\n<li><strong>Promjer spoja usisne cijevi:<\/strong>&nbsp;150 mm<\/li>\n<li><strong>Promjer spoja izlazne cijevi:<\/strong>&nbsp;150 mm<\/li>\n<li><strong>Duljina:<\/strong>&nbsp;910 mm<\/li>\n<li><strong>\u0160irina:<\/strong>&nbsp;320 mm<\/li>\n<li><strong>Visina:<\/strong>&nbsp;320 mm<\/li>\n<li><strong>Polo\u017eaj vodene brave:<\/strong>&nbsp;Horizontalno<\/li>\n<li><strong>Te\u0161ka upotreba:<\/strong>&nbsp;Ne<\/li>\n<li><strong>Rotiraju\u0107e cijevi:<\/strong>&nbsp;Ne<\/li>\n<li><strong>Rotiraju\u0107i dijelovi tijela:<\/strong>&nbsp;Ne<\/li>\n<\/ul>\n<p style=\"color: rgb(34, 34, 34); font-family: Arial, Helvetica, sans-serif; font-size: small;\">Dodatno, ovaj prigu\u0161iva\u010d uklju\u010duje nosa\u010de od nehr\u0111aju\u0107eg \u010delika (AISI 316). Opcionalni temperaturni senzor za alarm na sirovoj vodi dostupan je i toplo se preporu\u010duje za pobolj\u0161anu sigurnost.<\/p>\n","protected":false},"excerpt":{"rendered":"<p>Izduvni lonac Vetus MV 150mm &#8211; S ponosom predstavljamo VETUS MV 150 prigu\u0161iva\u010d u na\u0161oj trgovini, posebno izra\u0111en za visokoperformantne<\/p>\n","protected":false},"featured_media":5943999,"comment_status":"open","ping_status":"closed","template":"","meta":[],"product_brand":[3521],"product_cat":[1794],"product_tag":[],"class_list":{"0":"post-742626","1":"product","2":"type-product","3":"status-publish","4":"has-post-thumbnail","6":"product_brand-vetus-hr","7":"product_cat-ispusne-vode-i-prigusivaci","9":"first","10":"instock","11":"shipping-taxable","12":"purchasable","13":"product-type-simple"},"_links":{"self":[{"href":"https:\/\/stoic-curie.212-227-153-4.plesk.page\/hr\/wp-json\/wp\/v2\/product\/742626","targetHints":{"allow":["GET"]}}],"collection":[{"href":"https:\/\/stoic-curie.212-227-153-4.plesk.page\/hr\/wp-json\/wp\/v2\/product"}],"about":[{"href":"https:\/\/stoic-curie.212-227-153-4.plesk.page\/hr\/wp-json\/wp\/v2\/types\/product"}],"replies":[{"embeddable":true,"href":"https:\/\/stoic-curie.212-227-153-4.plesk.page\/hr\/wp-json\/wp\/v2\/comments?post=742626"}],"version-history":[{"count":0,"href":"https:\/\/stoic-curie.212-227-153-4.plesk.page\/hr\/wp-json\/wp\/v2\/product\/742626\/revisions"}],"wp:featuredmedia":[{"embeddable":true,"href":"https:\/\/stoic-curie.212-227-153-4.plesk.page\/hr\/wp-json\/wp\/v2\/media\/5943999"}],"wp:attachment":[{"href":"https:\/\/stoic-curie.212-227-153-4.plesk.page\/hr\/wp-json\/wp\/v2\/media?parent=742626"}],"wp:term":[{"taxonomy":"product_brand","embeddable":true,"href":"https:\/\/stoic-curie.212-227-153-4.plesk.page\/hr\/wp-json\/wp\/v2\/product_brand?post=742626"},{"taxonomy":"product_cat","embeddable":true,"href":"https:\/\/stoic-curie.212-227-153-4.plesk.page\/hr\/wp-json\/wp\/v2\/product_cat?post=742626"},{"taxonomy":"product_tag","embeddable":true,"href":"https:\/\/stoic-curie.212-227-153-4.plesk.page\/hr\/wp-json\/wp\/v2\/product_tag?post=742626"}],"curies":[{"name":"wp","href":"https:\/\/api.w.org\/{rel}","templated":true}]}}