{"id":742628,"date":"2025-03-03T18:22:44","date_gmt":"2025-03-03T17:22:44","guid":{"rendered":"https:\/\/stoic-curie.212-227-153-4.plesk.page\/producto\/navishell-torba-za-pohranu-siva-36-x-10-x-30-cm\/"},"modified":"2026-02-25T00:01:01","modified_gmt":"2026-02-25T00:01:01","slug":"navishell-torba-za-pohranu-siva-36-x-10-x-30-cm","status":"publish","type":"product","link":"https:\/\/stoic-curie.212-227-153-4.plesk.page\/hr\/product\/navishell-torba-za-pohranu-siva-36-x-10-x-30-cm\/","title":{"rendered":"Navishell torba za pohranu, siva 36 x 10 x 30 cm"},"content":{"rendered":"<p>Navishell torba za pohranu, siva 36 x 10 x 30 cm &#8211; <\/p>\n<p>Tkanina od pletenog akrila za kori\u0161tenje u kokpitu. Vodootporan i otporan na UV zrake. S prednjim mre\u017eastim d\u017eepom za pribor i drena\u017enim mre\u017eastim dnom. \u0160iroko otvaranje s oja\u010danim rubom za udobno i lako punjenje. Idealan za pohranu jedara, u\u017eadi, koljenica, cipela, rukavica, sunca, pi\u0107a itd. Uklju\u010dena su dva opcionalna sustava pri\u010dvr\u0161\u0107ivanja: 1) S usisnim \u010da\u0161ama za jednostavno i \u010dvrsto pri\u010dvr\u0161\u0107ivanje bez vijaka. 2) S kukama za jednostavno i \u010dvrsto pri\u010dvr\u0161\u0107ivanje s vijcima.<\/p>\n","protected":false},"excerpt":{"rendered":"<p>Navishell torba za pohranu, siva 36 x 10 x 30 cm &#8211; Tkanina od pletenog akrila za kori\u0161tenje u kokpitu.<\/p>\n","protected":false},"featured_media":5944002,"comment_status":"open","ping_status":"closed","template":"","meta":[],"product_brand":[3176],"product_cat":[1766,1644],"product_tag":[],"class_list":{"0":"post-742628","1":"product","2":"type-product","3":"status-publish","4":"has-post-thumbnail","6":"product_brand-navishell-hr","7":"product_cat-navlake-i-stitnici-za-jedrilice","8":"product_cat-pribor-za-spremista","10":"first","11":"instock","12":"shipping-taxable","13":"purchasable","14":"product-type-simple"},"_links":{"self":[{"href":"https:\/\/stoic-curie.212-227-153-4.plesk.page\/hr\/wp-json\/wp\/v2\/product\/742628","targetHints":{"allow":["GET"]}}],"collection":[{"href":"https:\/\/stoic-curie.212-227-153-4.plesk.page\/hr\/wp-json\/wp\/v2\/product"}],"about":[{"href":"https:\/\/stoic-curie.212-227-153-4.plesk.page\/hr\/wp-json\/wp\/v2\/types\/product"}],"replies":[{"embeddable":true,"href":"https:\/\/stoic-curie.212-227-153-4.plesk.page\/hr\/wp-json\/wp\/v2\/comments?post=742628"}],"version-history":[{"count":0,"href":"https:\/\/stoic-curie.212-227-153-4.plesk.page\/hr\/wp-json\/wp\/v2\/product\/742628\/revisions"}],"wp:featuredmedia":[{"embeddable":true,"href":"https:\/\/stoic-curie.212-227-153-4.plesk.page\/hr\/wp-json\/wp\/v2\/media\/5944002"}],"wp:attachment":[{"href":"https:\/\/stoic-curie.212-227-153-4.plesk.page\/hr\/wp-json\/wp\/v2\/media?parent=742628"}],"wp:term":[{"taxonomy":"product_brand","embeddable":true,"href":"https:\/\/stoic-curie.212-227-153-4.plesk.page\/hr\/wp-json\/wp\/v2\/product_brand?post=742628"},{"taxonomy":"product_cat","embeddable":true,"href":"https:\/\/stoic-curie.212-227-153-4.plesk.page\/hr\/wp-json\/wp\/v2\/product_cat?post=742628"},{"taxonomy":"product_tag","embeddable":true,"href":"https:\/\/stoic-curie.212-227-153-4.plesk.page\/hr\/wp-json\/wp\/v2\/product_tag?post=742628"}],"curies":[{"name":"wp","href":"https:\/\/api.w.org\/{rel}","templated":true}]}}