{"id":742629,"date":"2025-03-03T18:22:44","date_gmt":"2025-03-03T17:22:44","guid":{"rendered":"https:\/\/stoic-curie.212-227-153-4.plesk.page\/producto\/torba-za-pohranu-siva-navishell-za-jedrilice-40-x-20-x-h28cm\/"},"modified":"2026-02-25T00:01:01","modified_gmt":"2026-02-25T00:01:01","slug":"torba-za-pohranu-siva-navishell-za-jedrilice-40-x-20-x-h28cm","status":"publish","type":"product","link":"https:\/\/stoic-curie.212-227-153-4.plesk.page\/hr\/product\/torba-za-pohranu-siva-navishell-za-jedrilice-40-x-20-x-h28cm\/","title":{"rendered":"Torba za pohranu, siva, Navishell za jedrilice 40 x 20 x H28cm"},"content":{"rendered":"<p>Torba za pohranu, siva, Navishell za jedrilice 40 x 20 x H28cm &#8211; <\/p>\n<p>Woven akrilna tkanina za\u0161titna ograda i spremnik za kokpit. Vodonepropustan i otporan na UV zrake. S prednjim d\u017eepom za dodatke i drena\u017enom mre\u017eom na dnu. \u0160irok otvor s oja\u010danom ivicom za lako i udobno punjenje. Pogodno za pohranu u\u017eadi, juri\u0161nih konopa, dr\u0161ka za vitlo, cipela, pi\u0107a itd. Uklju\u010dena su tri opciona sustava pri\u010dvr\u0161\u0107ivanja: 1) Na za\u0161titnim ogradama, s \u010di\u010dkom za lako i sna\u017eno fiksiranje 2) Na kokpitu, s vakuumima za lako i sna\u017eno fiksiranje bez vijaka 3) Na kokpitu, s kukama za lako i sna\u017eno fiksiranje s vijcima.<\/p>\n","protected":false},"excerpt":{"rendered":"<p>Torba za pohranu, siva, Navishell za jedrilice 40 x 20 x H28cm &#8211; Woven akrilna tkanina za\u0161titna ograda i spremnik<\/p>\n","protected":false},"featured_media":5944003,"comment_status":"open","ping_status":"closed","template":"","meta":[],"product_brand":[3176],"product_cat":[1766,1644],"product_tag":[],"class_list":{"0":"post-742629","1":"product","2":"type-product","3":"status-publish","4":"has-post-thumbnail","6":"product_brand-navishell-hr","7":"product_cat-navlake-i-stitnici-za-jedrilice","8":"product_cat-pribor-za-spremista","10":"first","11":"instock","12":"shipping-taxable","13":"purchasable","14":"product-type-simple"},"_links":{"self":[{"href":"https:\/\/stoic-curie.212-227-153-4.plesk.page\/hr\/wp-json\/wp\/v2\/product\/742629","targetHints":{"allow":["GET"]}}],"collection":[{"href":"https:\/\/stoic-curie.212-227-153-4.plesk.page\/hr\/wp-json\/wp\/v2\/product"}],"about":[{"href":"https:\/\/stoic-curie.212-227-153-4.plesk.page\/hr\/wp-json\/wp\/v2\/types\/product"}],"replies":[{"embeddable":true,"href":"https:\/\/stoic-curie.212-227-153-4.plesk.page\/hr\/wp-json\/wp\/v2\/comments?post=742629"}],"version-history":[{"count":0,"href":"https:\/\/stoic-curie.212-227-153-4.plesk.page\/hr\/wp-json\/wp\/v2\/product\/742629\/revisions"}],"wp:featuredmedia":[{"embeddable":true,"href":"https:\/\/stoic-curie.212-227-153-4.plesk.page\/hr\/wp-json\/wp\/v2\/media\/5944003"}],"wp:attachment":[{"href":"https:\/\/stoic-curie.212-227-153-4.plesk.page\/hr\/wp-json\/wp\/v2\/media?parent=742629"}],"wp:term":[{"taxonomy":"product_brand","embeddable":true,"href":"https:\/\/stoic-curie.212-227-153-4.plesk.page\/hr\/wp-json\/wp\/v2\/product_brand?post=742629"},{"taxonomy":"product_cat","embeddable":true,"href":"https:\/\/stoic-curie.212-227-153-4.plesk.page\/hr\/wp-json\/wp\/v2\/product_cat?post=742629"},{"taxonomy":"product_tag","embeddable":true,"href":"https:\/\/stoic-curie.212-227-153-4.plesk.page\/hr\/wp-json\/wp\/v2\/product_tag?post=742629"}],"curies":[{"name":"wp","href":"https:\/\/api.w.org\/{rel}","templated":true}]}}