{"id":742634,"date":"2025-03-03T18:22:46","date_gmt":"2025-03-03T17:22:46","guid":{"rendered":"https:\/\/stoic-curie.212-227-153-4.plesk.page\/producto\/pumpa-za-cirkulaciju-vode-colflo-12v\/"},"modified":"2026-02-25T00:01:01","modified_gmt":"2026-02-25T00:01:01","slug":"pumpa-za-cirkulaciju-vode-colflo-12v","status":"publish","type":"product","link":"https:\/\/stoic-curie.212-227-153-4.plesk.page\/hr\/product\/pumpa-za-cirkulaciju-vode-colflo-12v\/","title":{"rendered":"Pumpa za cirkulaciju vode Colflo 12V"},"content":{"rendered":"<p>Pumpa za cirkulaciju vode Colflo 12V &#8211; <\/p>\n<p>Pumpa za cirkulaciju vode za ulaz i kontinuiranu cirkulaciju vode u sustavima hla\u0111enja, klimatizaciji i izmjenjiva\u010dima topline. Tiha, niske potro\u0161nje, s motorom s trajnim magnetskim le\u017eajem dizajniranim za kontinuirani rad.<\/p>\n","protected":false},"excerpt":{"rendered":"<p>Pumpa za cirkulaciju vode Colflo 12V &#8211; Pumpa za cirkulaciju vode za ulaz i kontinuiranu cirkulaciju vode u sustavima hla\u0111enja,<\/p>\n","protected":false},"featured_media":5944018,"comment_status":"open","ping_status":"closed","template":"","meta":[],"product_brand":[3326],"product_cat":[1671],"product_tag":[],"class_list":{"0":"post-742634","1":"product","2":"type-product","3":"status-publish","4":"has-post-thumbnail","6":"product_brand-rule-hr","7":"product_cat-cirkulacijske-crpke","9":"first","10":"instock","11":"shipping-taxable","12":"purchasable","13":"product-type-simple"},"_links":{"self":[{"href":"https:\/\/stoic-curie.212-227-153-4.plesk.page\/hr\/wp-json\/wp\/v2\/product\/742634","targetHints":{"allow":["GET"]}}],"collection":[{"href":"https:\/\/stoic-curie.212-227-153-4.plesk.page\/hr\/wp-json\/wp\/v2\/product"}],"about":[{"href":"https:\/\/stoic-curie.212-227-153-4.plesk.page\/hr\/wp-json\/wp\/v2\/types\/product"}],"replies":[{"embeddable":true,"href":"https:\/\/stoic-curie.212-227-153-4.plesk.page\/hr\/wp-json\/wp\/v2\/comments?post=742634"}],"version-history":[{"count":0,"href":"https:\/\/stoic-curie.212-227-153-4.plesk.page\/hr\/wp-json\/wp\/v2\/product\/742634\/revisions"}],"wp:featuredmedia":[{"embeddable":true,"href":"https:\/\/stoic-curie.212-227-153-4.plesk.page\/hr\/wp-json\/wp\/v2\/media\/5944018"}],"wp:attachment":[{"href":"https:\/\/stoic-curie.212-227-153-4.plesk.page\/hr\/wp-json\/wp\/v2\/media?parent=742634"}],"wp:term":[{"taxonomy":"product_brand","embeddable":true,"href":"https:\/\/stoic-curie.212-227-153-4.plesk.page\/hr\/wp-json\/wp\/v2\/product_brand?post=742634"},{"taxonomy":"product_cat","embeddable":true,"href":"https:\/\/stoic-curie.212-227-153-4.plesk.page\/hr\/wp-json\/wp\/v2\/product_cat?post=742634"},{"taxonomy":"product_tag","embeddable":true,"href":"https:\/\/stoic-curie.212-227-153-4.plesk.page\/hr\/wp-json\/wp\/v2\/product_tag?post=742634"}],"curies":[{"name":"wp","href":"https:\/\/api.w.org\/{rel}","templated":true}]}}