{"id":742636,"date":"2025-03-03T18:22:46","date_gmt":"2025-03-03T17:22:46","guid":{"rendered":"https:\/\/stoic-curie.212-227-153-4.plesk.page\/producto\/mreza-protiv-komaraca-za-stepenice-90-x-180-cm\/"},"modified":"2026-02-25T00:01:01","modified_gmt":"2026-02-25T00:01:01","slug":"mreza-protiv-komaraca-za-stepenice-90-x-180-cm","status":"publish","type":"product","link":"https:\/\/stoic-curie.212-227-153-4.plesk.page\/hr\/product\/mreza-protiv-komaraca-za-stepenice-90-x-180-cm\/","title":{"rendered":"Mre\u017ea protiv komaraca za stepenice 90 x 180 cm"},"content":{"rendered":"<p>Mre\u017ea protiv komaraca za stepenice 90 x 180 cm &#8211; <\/p>\n<p>Mre\u017ea protiv komaraca za prolaze. Omogu\u0107uje ventilaciju \u010damca bez propu\u0161tanja insekata i komaraca unutra. Jednostavno objesite mre\u017eu preko prolaza i u\u010dvrstite vrh konopcima. Te\u0161ka ivica dr\u017ei mre\u017eu na mestu. Omogu\u0107ava jednostavan pristup podizanjem ivice i spu\u0161tanjem nakon \u0161to ste u\u0161li ili iza\u0161li iz kokpita.<\/p>\n","protected":false},"excerpt":{"rendered":"<p>Mre\u017ea protiv komaraca za stepenice 90 x 180 cm &#8211; Mre\u017ea protiv komaraca za prolaze. Omogu\u0107uje ventilaciju \u010damca bez propu\u0161tanja<\/p>\n","protected":false},"featured_media":5944031,"comment_status":"open","ping_status":"closed","template":"","meta":[],"product_brand":[3176],"product_cat":[1766],"product_tag":[],"class_list":{"0":"post-742636","1":"product","2":"type-product","3":"status-publish","4":"has-post-thumbnail","6":"product_brand-navishell-hr","7":"product_cat-navlake-i-stitnici-za-jedrilice","9":"first","10":"instock","11":"shipping-taxable","12":"purchasable","13":"product-type-simple"},"_links":{"self":[{"href":"https:\/\/stoic-curie.212-227-153-4.plesk.page\/hr\/wp-json\/wp\/v2\/product\/742636","targetHints":{"allow":["GET"]}}],"collection":[{"href":"https:\/\/stoic-curie.212-227-153-4.plesk.page\/hr\/wp-json\/wp\/v2\/product"}],"about":[{"href":"https:\/\/stoic-curie.212-227-153-4.plesk.page\/hr\/wp-json\/wp\/v2\/types\/product"}],"replies":[{"embeddable":true,"href":"https:\/\/stoic-curie.212-227-153-4.plesk.page\/hr\/wp-json\/wp\/v2\/comments?post=742636"}],"version-history":[{"count":0,"href":"https:\/\/stoic-curie.212-227-153-4.plesk.page\/hr\/wp-json\/wp\/v2\/product\/742636\/revisions"}],"wp:featuredmedia":[{"embeddable":true,"href":"https:\/\/stoic-curie.212-227-153-4.plesk.page\/hr\/wp-json\/wp\/v2\/media\/5944031"}],"wp:attachment":[{"href":"https:\/\/stoic-curie.212-227-153-4.plesk.page\/hr\/wp-json\/wp\/v2\/media?parent=742636"}],"wp:term":[{"taxonomy":"product_brand","embeddable":true,"href":"https:\/\/stoic-curie.212-227-153-4.plesk.page\/hr\/wp-json\/wp\/v2\/product_brand?post=742636"},{"taxonomy":"product_cat","embeddable":true,"href":"https:\/\/stoic-curie.212-227-153-4.plesk.page\/hr\/wp-json\/wp\/v2\/product_cat?post=742636"},{"taxonomy":"product_tag","embeddable":true,"href":"https:\/\/stoic-curie.212-227-153-4.plesk.page\/hr\/wp-json\/wp\/v2\/product_tag?post=742636"}],"curies":[{"name":"wp","href":"https:\/\/api.w.org\/{rel}","templated":true}]}}