{"id":742648,"date":"2025-03-03T18:22:49","date_gmt":"2025-03-03T17:22:49","guid":{"rendered":"https:\/\/stoic-curie.212-227-153-4.plesk.page\/producto\/hidraulicki-cilindar-za-upravljanje-ultraflex-uc130-svs-2\/"},"modified":"2026-02-25T00:01:01","modified_gmt":"2026-02-25T00:01:01","slug":"hidraulicki-cilindar-za-upravljanje-ultraflex-uc130-svs-2","status":"publish","type":"product","link":"https:\/\/stoic-curie.212-227-153-4.plesk.page\/hr\/product\/hidraulicki-cilindar-za-upravljanje-ultraflex-uc130-svs-2\/","title":{"rendered":"Hidraulicki cilindar Ultraflex UC130 &#8211; SVS\/2"},"content":{"rendered":"<p>Hidraulicki cilindar Ultraflex UC130 &#8211; SVS\/2 &#8211; <\/p>\n<p style=\"color: rgb(34, 34, 34); font-family: Arial, Helvetica, sans-serif; font-size: small;\">Cilinder SilverSteer\u2122 UC130-SVS-2 savr\u0161eno je prilago\u0111en za visoke konjske snage, poput \u010damaca za bass ribolov i plovila koja se koriste na ribolovnim turnirima. UC130-SVS je projektiran za pru\u017eanje uravnote\u017eenog upravljanja, osiguravaju\u0107i jednak broj okretaja volana ulijevo i udesno.<\/p>\n<p style=\"color: rgb(34, 34, 34); font-family: Arial, Helvetica, sans-serif; font-size: small;\"><strong>Klju\u010dne karakteristike:<\/strong><\/p>\n<ul style=\"color: rgb(34, 34, 34); font-family: Arial, Helvetica, sans-serif; font-size: small;\">\n<li>Bo\u010dni priklju\u010dci za jednostavnu instalaciju<\/li>\n<li>Robusna povezna vijak od nehr\u0111aju\u0107eg \u010delika (ULTRABOLT)<\/li>\n<li>Zamjenjivi kapice za kraj cilindra<\/li>\n<li>Dizajniran za primjene s visokim konjskim snagama, \u010damce za bass ribolov i turnirski ribolov<\/li>\n<li>Izra\u0111en s robusnom \u0161ipkom cilindra od nehr\u0111aju\u0107eg \u010delika, brtvama i sklopovima<\/li>\n<li>Jednostavan za instalaciju i kompatibilan s gotovo svim vanbrodskim motorima s 2 i 4 takta. Molimo vas da konzultirate vodi\u010d za primjenu kako biste odabrali odgovaraju\u0107i cilindar (UC130-SVS\/1, UC130-SVS\/2 ili UC130-SVS\/3) za va\u0161e potrebe.<\/li>\n<li>Za konfiguracije s dva cilindra UC130-SVS, potrebno je kupiti jedan standardni cilindar UC130-SVS (s povezivim rukavom s desne strane) i jedan port cilindar UC130P-SVS (s povezivim rukavom s lijeve strane). A95 poveziva \u0161ipka je potrebna za primjene koje uklju\u010duju dva motora i dva cilindra.<\/li>\n<\/ul>\n<p style=\"color: rgb(34, 34, 34); font-family: Arial, Helvetica, sans-serif; font-size: small;\"><strong>Ograni\u010denja primjene:<\/strong><\/p>\n<p style=\"color: rgb(34, 34, 34); font-family: Arial, Helvetica, sans-serif; font-size: small;\">Prednji cilinder UC130-SVS nije preporu\u010dljiv za instalacije kada brzina \u010damca prelazi 69 mph (60 \u010dvorova) ili 75 mph (65 \u010dvorova) za konfiguracije s dva motora, dva cilindra i kontraretardantnim motorima. Ovaj cilindar nije dizajniran za natjecateljske svrhe.<\/p>\n<p style=\"color: rgb(34, 34, 34); font-family: Arial, Helvetica, sans-serif; font-size: small;\"><strong>Tehni\u010dke specifikacije:<\/strong><\/p>\n<ul style=\"color: rgb(34, 34, 34); font-family: Arial, Helvetica, sans-serif; font-size: small;\">\n<li>Prikladan za vanbrodske motore do 350 HP<\/li>\n<li>Uravnote\u017een dizajn: jednake rotacije volana od kraja do kraja<\/li>\n<li>Podesivi priklju\u010dci za jednostavnu instalaciju<\/li>\n<li>Izra\u0111en od visokokvalitetnih materijala za dugotrajnu izdr\u017eljivost<\/li>\n<li>Kompatibilan s ve\u0107inom vanbrodskih motora s 2 i 4 takta dostupnih na tr\u017ei\u0161tu<\/li>\n<\/ul>\n<p style=\"color: rgb(34, 34, 34); font-family: Arial, Helvetica, sans-serif; font-size: small;\"><strong>Specifikacije SilverSteer cilindra UC130-SVS:<\/strong><\/p>\n<ul style=\"color: rgb(34, 34, 34); font-family: Arial, Helvetica, sans-serif; font-size: small;\">\n<li>Zapremina: 130 cc (7.93 kubi\u010dnih in\u010da)<\/li>\n<li>Izlazna snaga: 492 kg (1085 lbs)<\/li>\n<li>Unutarnji promjer: 36 mm (1.42\u201d)<\/li>\n<li>Hod: 185 mm (7.28\u201d)<\/li>\n<li>Visokotla\u010dna fleksibilna cijev: 3\/8\u201d (9.5 mm)<\/li>\n<li>Ventili za ispuh: DN5 brzi spoj<\/li>\n<\/ul>\n<p style=\"color: rgb(34, 34, 34); font-family: Arial, Helvetica, sans-serif; font-size: small;\"><strong>Kompatibilnost s motorima:<\/strong><\/p>\n<ul style=\"color: rgb(34, 34, 34); font-family: Arial, Helvetica, sans-serif; font-size: small;\">\n<li><strong>Mercury\u00ae:<\/strong>&nbsp;Razli\u010diti modeli od 115 do 300 HP (1999. do danas)<\/li>\n<li><strong>Evinrude\u00ae:<\/strong>&nbsp;Modeli od E115 do E300 (1995. do danas)<\/li>\n<li><strong>Yamaha\u00ae:<\/strong>&nbsp;Modeli od 115 do 350 HP (1990. do danas)<\/li>\n<li><strong>Honda\u00ae:<\/strong>&nbsp;Modeli od BF135 do BF250 (2001. do danas)<\/li>\n<li><strong>Suzuki\u00ae:<\/strong>&nbsp;Modeli od DF100 do DF350 (2004. do danas)<\/li>\n<li><strong>Tohatsu\u00ae:<\/strong>&nbsp;Modeli od 70 do 140 HP (2004. do danas)<\/li>\n<li><strong>Selva\u00ae:<\/strong>&nbsp;Razli\u010diti modeli (1995. do danas)<\/li>\n<li><strong>Johnson\u00ae:<\/strong>&nbsp;Modeli od BJ90 do J225 (1995. do 2007)<\/li>\n<li><strong>OXE\u00ae:<\/strong>&nbsp;200HP Dizel (2018. do danas)<\/li>\n<\/ul>\n<p style=\"color: rgb(34, 34, 34); font-family: Arial, Helvetica, sans-serif; font-size: small;\">Za dodatnu pomo\u0107 ili kako biste odredili najbolju prilagodbu za va\u0161u specifi\u010dnu primjenu, molimo kontaktirajte na\u0161 tim za korisni\u010dku podr\u0161ku. Posve\u0107eni smo osiguranju va\u0161e zadovoljstva i pomo\u0107i vam u pronala\u017eenju pravih proizvoda za va\u0161e potrebe u plovidbi.<\/p>\n","protected":false},"excerpt":{"rendered":"<p>Hidraulicki cilindar Ultraflex UC130 &#8211; SVS\/2 &#8211; Cilinder SilverSteer\u2122 UC130-SVS-2 savr\u0161eno je prilago\u0111en za visoke konjske snage, poput \u010damaca za<\/p>\n","protected":false},"featured_media":5944064,"comment_status":"open","ping_status":"closed","template":"","meta":[],"product_brand":[3501],"product_cat":[1823],"product_tag":[],"class_list":{"0":"post-742648","1":"product","2":"type-product","3":"status-publish","4":"has-post-thumbnail","6":"product_brand-ultraflex-uflex-hr","7":"product_cat-hidraulicno-kormilarenje","9":"first","10":"instock","11":"shipping-taxable","12":"purchasable","13":"product-type-simple"},"_links":{"self":[{"href":"https:\/\/stoic-curie.212-227-153-4.plesk.page\/hr\/wp-json\/wp\/v2\/product\/742648","targetHints":{"allow":["GET"]}}],"collection":[{"href":"https:\/\/stoic-curie.212-227-153-4.plesk.page\/hr\/wp-json\/wp\/v2\/product"}],"about":[{"href":"https:\/\/stoic-curie.212-227-153-4.plesk.page\/hr\/wp-json\/wp\/v2\/types\/product"}],"replies":[{"embeddable":true,"href":"https:\/\/stoic-curie.212-227-153-4.plesk.page\/hr\/wp-json\/wp\/v2\/comments?post=742648"}],"version-history":[{"count":0,"href":"https:\/\/stoic-curie.212-227-153-4.plesk.page\/hr\/wp-json\/wp\/v2\/product\/742648\/revisions"}],"wp:featuredmedia":[{"embeddable":true,"href":"https:\/\/stoic-curie.212-227-153-4.plesk.page\/hr\/wp-json\/wp\/v2\/media\/5944064"}],"wp:attachment":[{"href":"https:\/\/stoic-curie.212-227-153-4.plesk.page\/hr\/wp-json\/wp\/v2\/media?parent=742648"}],"wp:term":[{"taxonomy":"product_brand","embeddable":true,"href":"https:\/\/stoic-curie.212-227-153-4.plesk.page\/hr\/wp-json\/wp\/v2\/product_brand?post=742648"},{"taxonomy":"product_cat","embeddable":true,"href":"https:\/\/stoic-curie.212-227-153-4.plesk.page\/hr\/wp-json\/wp\/v2\/product_cat?post=742648"},{"taxonomy":"product_tag","embeddable":true,"href":"https:\/\/stoic-curie.212-227-153-4.plesk.page\/hr\/wp-json\/wp\/v2\/product_tag?post=742648"}],"curies":[{"name":"wp","href":"https:\/\/api.w.org\/{rel}","templated":true}]}}