{"id":742649,"date":"2025-03-03T18:22:50","date_gmt":"2025-03-03T17:22:50","guid":{"rendered":"https:\/\/stoic-curie.212-227-153-4.plesk.page\/producto\/hidraulicki-cilindar-za-upravljanje-ultraflex-uc130-svs-1\/"},"modified":"2026-02-25T00:01:01","modified_gmt":"2026-02-25T00:01:01","slug":"hidraulicki-cilindar-za-upravljanje-ultraflex-uc130-svs-1","status":"publish","type":"product","link":"https:\/\/stoic-curie.212-227-153-4.plesk.page\/hr\/product\/hidraulicki-cilindar-za-upravljanje-ultraflex-uc130-svs-1\/","title":{"rendered":"Hidraulicki cilindar Ultraflex UC130 &#8211; SVS\/1"},"content":{"rendered":"<p>Hidraulicki cilindar Ultraflex UC130 &#8211; SVS\/1 &#8211; <\/p>\n<p style=\"color: rgb(34, 34, 34); font-family: Arial, Helvetica, sans-serif; font-size: small;\">Upravlja\u010dka cilindar SilverSteer\u2122 UC130-SVS-1 pa\u017eljivo je dizajniran za primjene s visokim prijenosnim snagama, uklju\u010duju\u0107i bass \u010damce i plovila koja se koriste na ribolovnim turnirima. UC130-SVS je konstruiran da osigura uravnote\u017eeno upravljanje, osiguravaju\u0107i jednak broj okretanja kota\u010da ulijevo i udesno.<\/p>\n<p style=\"color: rgb(34, 34, 34); font-family: Arial, Helvetica, sans-serif; font-size: small;\"><strong>Klju\u010dne zna\u010dajke:<\/strong><\/p>\n<ul style=\"color: rgb(34, 34, 34); font-family: Arial, Helvetica, sans-serif; font-size: small;\">\n<li>Bo\u010dne veze olak\u0161avaju jednostavnu instalaciju<\/li>\n<li>Izdr\u017eljivi vijak od nehr\u0111aju\u0107eg \u010delika (ULTRABOLT)<\/li>\n<li>Zamjenjive \u010depove cilindra<\/li>\n<li>Specijalno dizajniran za visoke snage, bass \u010damce i ribolovne turnire<\/li>\n<li>Konstrukcija s \u010deli\u010dnim stupovima, brtvama i sklopovima od nehr\u0111aju\u0107eg \u010delika<\/li>\n<li>Jednostavna instalacija i kompatibilnost sa svim 2 i 4-taktnim vanbrodskim motorima. Molimo vas da se konzultirate s vodi\u010dem za primjenu kako biste odabrali odgovaraju\u0107i cilindar (UC130-SVS\/1, UC130-SVS\/2 ili UC130-SVS\/3) prema va\u0161im specifi\u010dnim potrebama.<\/li>\n<li>Za konfiguracije koje koriste dva UC130-SVS cilindra, potrebno je nabaviti jedan standardni UC130-SVS cilindar (s povezivom ru\u010dkom na desnoj strani) i jedan lijevi UC130P-SVS cilindar (s povezivom ru\u010dkom na lijevoj strani). Za primjene koje uklju\u010duju dualne motore i dualne cilindre potreban je A95 povezni \u0161ipak.<\/li>\n<\/ul>\n<p style=\"color: rgb(34, 34, 34); font-family: Arial, Helvetica, sans-serif; font-size: small;\"><strong>Ograni\u010denja primjene:<\/strong><\/p>\n<p style=\"color: rgb(34, 34, 34); font-family: Arial, Helvetica, sans-serif; font-size: small;\">UC130-SVS prednja monta\u017ea cilindra nije preporu\u010dena za instalacije gdje brzina \u010damca prelazi 69 mph (60 \u010dvorova) ili 75 mph (65 \u010dvorova) za postavke s dualnim motorima, dualnim cilindrima i kontra-rotiraju\u0107im motorima. Ovaj cilindar nije namijenjen za utrke.<\/p>\n<p style=\"color: rgb(34, 34, 34); font-family: Arial, Helvetica, sans-serif; font-size: small;\"><strong>Specifikacije:<\/strong><\/p>\n<ul style=\"color: rgb(34, 34, 34); font-family: Arial, Helvetica, sans-serif; font-size: small;\">\n<li>Prikladno za vanbrodske motorne primjene do 350 HP<\/li>\n<li>Uravnote\u017een dizajn: jednaka okretanja kota\u010da od zaklju\u010davanja do zaklju\u010davanja<\/li>\n<li>Adjustibilne priklju\u010dke za jednostavnu instalaciju<\/li>\n<li>Konstrukcija s vrhunskim materijalima za dugotrajnu izdr\u017eljivost<\/li>\n<li>Kompatibilno s ve\u0107inom dostupnih 2 i 4-taktnih vanbrodskih motora na tr\u017ei\u0161tu<\/li>\n<\/ul>\n<p style=\"color: rgb(34, 34, 34); font-family: Arial, Helvetica, sans-serif; font-size: small;\"><strong>Specifikacije UC130-SVS SilverSteer Cilindra:<\/strong><\/p>\n<ul style=\"color: rgb(34, 34, 34); font-family: Arial, Helvetica, sans-serif; font-size: small;\">\n<li>Zapremina: 130 cc (7.93 cu. in)<\/li>\n<li>Izlazna snaga: 492 kg (1085 lbs)<\/li>\n<li>Unutarnji promjer: 36 mm (1.42\u201d)<\/li>\n<li>Hod: 185 mm (7.28\u201d)<\/li>\n<li>Visokotla\u010dna fleksibilna cijev: 3\/8\u201d (9.5 mm)<\/li>\n<li>Pritisne veze: DN5 brza povezivanja<\/li>\n<\/ul>\n<p style=\"color: rgb(34, 34, 34); font-family: Arial, Helvetica, sans-serif; font-size: small;\"><strong>Kompatibilnost motora:<\/strong><\/p>\n<ul style=\"color: rgb(34, 34, 34); font-family: Arial, Helvetica, sans-serif; font-size: small;\">\n<li><strong>Mercury\u00ae:<\/strong> Razli\u010diti modeli od 115 do 300 HP (1999. do danas)<\/li>\n<li><strong>Evinrude\u00ae:<\/strong> Modeli od E115 do E300 (1995. do danas)<\/li>\n<li><strong>Yamaha\u00ae:<\/strong> Modeli od 115 do 350 HP (1990. do danas)<\/li>\n<li><strong>Honda\u00ae:<\/strong> Modeli od BF135 do BF250 (2001. do danas)<\/li>\n<li><strong>Suzuki\u00ae:<\/strong> Modeli od DF100 do DF350 (2004. do danas)<\/li>\n<li><strong>Tohatsu\u00ae:<\/strong> Modeli od 70 do 140 HP (2004. do danas)<\/li>\n<li><strong>Selva\u00ae:<\/strong> Razli\u010diti modeli (1995. do danas)<\/li>\n<li><strong>Johnson\u00ae:<\/strong> Modeli od BJ90 do J225 (1995. do 2007.)<\/li>\n<li><strong>OXE\u00ae:<\/strong> 200HP Dizel (2018. do danas)<\/li>\n<\/ul>\n<p>Ukoliko trebate dodatnu pomo\u0107 ili \u017eelite odrediti najsveobuhvatniju opciju za va\u0161u specifi\u010dnu primjenu, slobodno se obratite na\u0161em timu za korisni\u010dku podr\u0161ku. Posve\u0107eni smo va\u0161em zadovoljstvu i pomo\u0107i vam da prona\u0111ete odgovaraju\u0107e proizvode za va\u0161e potrebe plovidbe.<\/p>\n","protected":false},"excerpt":{"rendered":"<p>Hidraulicki cilindar Ultraflex UC130 &#8211; SVS\/1 &#8211; Upravlja\u010dka cilindar SilverSteer\u2122 UC130-SVS-1 pa\u017eljivo je dizajniran za primjene s visokim prijenosnim snagama,<\/p>\n","protected":false},"featured_media":5944075,"comment_status":"open","ping_status":"closed","template":"","meta":[],"product_brand":[3501],"product_cat":[1823],"product_tag":[],"class_list":{"0":"post-742649","1":"product","2":"type-product","3":"status-publish","4":"has-post-thumbnail","6":"product_brand-ultraflex-uflex-hr","7":"product_cat-hidraulicno-kormilarenje","9":"first","10":"instock","11":"shipping-taxable","12":"purchasable","13":"product-type-simple"},"_links":{"self":[{"href":"https:\/\/stoic-curie.212-227-153-4.plesk.page\/hr\/wp-json\/wp\/v2\/product\/742649","targetHints":{"allow":["GET"]}}],"collection":[{"href":"https:\/\/stoic-curie.212-227-153-4.plesk.page\/hr\/wp-json\/wp\/v2\/product"}],"about":[{"href":"https:\/\/stoic-curie.212-227-153-4.plesk.page\/hr\/wp-json\/wp\/v2\/types\/product"}],"replies":[{"embeddable":true,"href":"https:\/\/stoic-curie.212-227-153-4.plesk.page\/hr\/wp-json\/wp\/v2\/comments?post=742649"}],"version-history":[{"count":0,"href":"https:\/\/stoic-curie.212-227-153-4.plesk.page\/hr\/wp-json\/wp\/v2\/product\/742649\/revisions"}],"wp:featuredmedia":[{"embeddable":true,"href":"https:\/\/stoic-curie.212-227-153-4.plesk.page\/hr\/wp-json\/wp\/v2\/media\/5944075"}],"wp:attachment":[{"href":"https:\/\/stoic-curie.212-227-153-4.plesk.page\/hr\/wp-json\/wp\/v2\/media?parent=742649"}],"wp:term":[{"taxonomy":"product_brand","embeddable":true,"href":"https:\/\/stoic-curie.212-227-153-4.plesk.page\/hr\/wp-json\/wp\/v2\/product_brand?post=742649"},{"taxonomy":"product_cat","embeddable":true,"href":"https:\/\/stoic-curie.212-227-153-4.plesk.page\/hr\/wp-json\/wp\/v2\/product_cat?post=742649"},{"taxonomy":"product_tag","embeddable":true,"href":"https:\/\/stoic-curie.212-227-153-4.plesk.page\/hr\/wp-json\/wp\/v2\/product_tag?post=742649"}],"curies":[{"name":"wp","href":"https:\/\/api.w.org\/{rel}","templated":true}]}}