{"id":742650,"date":"2025-03-03T18:22:50","date_gmt":"2025-03-03T17:22:50","guid":{"rendered":"https:\/\/stoic-curie.212-227-153-4.plesk.page\/producto\/kit-dva-hidraulicna-crijeva-ultraflex-silversteer-8mt\/"},"modified":"2026-02-25T00:01:01","modified_gmt":"2026-02-25T00:01:01","slug":"kit-dva-hidraulicna-crijeva-ultraflex-silversteer-8mt","status":"publish","type":"product","link":"https:\/\/stoic-curie.212-227-153-4.plesk.page\/hr\/product\/kit-dva-hidraulicna-crijeva-ultraflex-silversteer-8mt\/","title":{"rendered":"Kit dva hidraulicna crijeva Ultraflex SilverSteer 8mt"},"content":{"rendered":"<p>Kit dva hidraulicna crijeva Ultraflex SilverSteer 8mt &#8211; <\/p>\n<p style=\"color: rgb(34, 34, 34); font-family: Arial, Helvetica, sans-serif; font-size: small;\">KIT OB-SVS od Ultraflexa uklju\u010duje dvije fleksibilne cijevi visokog tlaka izra\u0111ene od Kevlara, s prednaprijenim spojnicama i ograni\u010diva\u010dima savijanja na oba kraja. Ove cijevi preporu\u010duju se za kori\u0161tenje sa svim Ultraflex SilverSteer\u2122 i MasterDrive\u2122 upravlja\u010dima koji imaju ventile za olak\u0161anje tlaka od 1500 psi.<\/p>\n<p style=\"color: rgb(34, 34, 34); font-family: Arial, Helvetica, sans-serif; font-size: small;\">Dostupne duljine za KIT OB-SVS su sljede\u0107e:<\/p>\n<ul style=\"color: rgb(34, 34, 34); font-family: Arial, Helvetica, sans-serif; font-size: small;\">\n<li>KIT OB-SVS-101: 1 m (3.3 ft)<\/li>\n<li>KIT OB-SVS-151: 1.5 m (4.9 ft)<\/li>\n<li>KIT OB-SVS-202: 2 m (6.6 ft)<\/li>\n<li>KIT OB-SVS-252: 2.5 m (8.2 ft)<\/li>\n<li>KIT OB-SVS-303: 3 m (9.8 ft)<\/li>\n<li>KIT OB-SVS-353: 3.5 m (11.5 ft)<\/li>\n<li>KIT OB-SVS-404: 4 m (13.1 ft)<\/li>\n<li>KIT OB-SVS-454: 4.5 m (14.8 ft)<\/li>\n<li>KIT OB-SVS-505: 5 m (16.4 ft)<\/li>\n<li>KIT OB-SVS-555: 5.5 m (18 ft)<\/li>\n<li>KIT OB-SVS-606: 6 m (19.7 ft)<\/li>\n<li>KIT OB-SVS-656: 6.5 m (21.3 ft)<\/li>\n<li>KIT OB-SVS-707: 7 m (22.9 ft)<\/li>\n<li>KIT OB-SVS-757: 7.5 m (24.6 ft)<\/li>\n<li>KIT OB-SVS-808: 8 m (26.3 ft)<\/li>\n<\/ul>\n<p style=\"color: rgb(34, 34, 34); font-family: Arial, Helvetica, sans-serif; font-size: small;\">Hidrauli\u010dna upravlja\u010dka cijev Ultraflex Silversteer izra\u0111ena od Kevlara posebno je osmi\u0161ljena za visokou\u010dinkovite upravlja\u010dke sustave na \u010damcima. Izra\u0111ena od Kevlara, materijala poznatog po svojoj izvanrednoj \u010dvrsto\u0107i (\u010desto se koristi u neprobojnim prslucima), ova cijev mo\u017ee izdr\u017eati ekstremne pritiske s kojima se susre\u0107e u pomorskom okru\u017eenju. Dizajnirana je da odoli tro\u0161enju i izgra\u0111ena je za dugotrajnost, osiguravaju\u0107i da va\u0161 upravlja\u010dki sustav radi nesmetano dugi niz godina.<\/p>\n<p style=\"color: rgb(34, 34, 34); font-family: Arial, Helvetica, sans-serif; font-size: small;\">Klju\u010dne zna\u010dajke:<\/p>\n<ul style=\"color: rgb(34, 34, 34); font-family: Arial, Helvetica, sans-serif; font-size: small;\">\n<li><strong>Robustan Kevlar materijal<\/strong>: \u010cvrsto\u0107a Kevlara jam\u010di da cijev mo\u017ee izdr\u017eati visoki tlak i odoljeti tro\u0161enju u izazovnim morskim uvjetima.<\/li>\n<li><strong>Pre-uzlazno za jednostavnu instalaciju<\/strong>: Cijev dolazi u potpunosti sastavljena, \u0161to omogu\u0107uje brzu i jednostavnu instalaciju bez dodatnih koraka.<\/li>\n<li><strong>Otpornost na visoki tlak<\/strong>: Dizajnirana za upravljanje zna\u010dajnim tlakovima tipi\u010dnim za pomorske upravlja\u010dke sustave, osiguravaju\u0107i pouzdanu izvedbu \u010dak i u zahtjevnim situacijama.<\/li>\n<li><strong>Dugotrajna izdr\u017eljivost<\/strong>: Iznimna izdr\u017eljivost Kevlara zna\u010di da \u0107e cijev ostati funkcionalna godinama, \u010dak i u najrigoroznijim morskim okru\u017eenjima.<\/li>\n<\/ul>\n","protected":false},"excerpt":{"rendered":"<p>Kit dva hidraulicna crijeva Ultraflex SilverSteer 8mt &#8211; KIT OB-SVS od Ultraflexa uklju\u010duje dvije fleksibilne cijevi visokog tlaka izra\u0111ene od<\/p>\n","protected":false},"featured_media":5944076,"comment_status":"open","ping_status":"closed","template":"","meta":[],"product_brand":[3501],"product_cat":[1823],"product_tag":[],"class_list":{"0":"post-742650","1":"product","2":"type-product","3":"status-publish","4":"has-post-thumbnail","6":"product_brand-ultraflex-uflex-hr","7":"product_cat-hidraulicno-kormilarenje","9":"first","10":"instock","11":"shipping-taxable","12":"purchasable","13":"product-type-simple"},"_links":{"self":[{"href":"https:\/\/stoic-curie.212-227-153-4.plesk.page\/hr\/wp-json\/wp\/v2\/product\/742650","targetHints":{"allow":["GET"]}}],"collection":[{"href":"https:\/\/stoic-curie.212-227-153-4.plesk.page\/hr\/wp-json\/wp\/v2\/product"}],"about":[{"href":"https:\/\/stoic-curie.212-227-153-4.plesk.page\/hr\/wp-json\/wp\/v2\/types\/product"}],"replies":[{"embeddable":true,"href":"https:\/\/stoic-curie.212-227-153-4.plesk.page\/hr\/wp-json\/wp\/v2\/comments?post=742650"}],"version-history":[{"count":0,"href":"https:\/\/stoic-curie.212-227-153-4.plesk.page\/hr\/wp-json\/wp\/v2\/product\/742650\/revisions"}],"wp:featuredmedia":[{"embeddable":true,"href":"https:\/\/stoic-curie.212-227-153-4.plesk.page\/hr\/wp-json\/wp\/v2\/media\/5944076"}],"wp:attachment":[{"href":"https:\/\/stoic-curie.212-227-153-4.plesk.page\/hr\/wp-json\/wp\/v2\/media?parent=742650"}],"wp:term":[{"taxonomy":"product_brand","embeddable":true,"href":"https:\/\/stoic-curie.212-227-153-4.plesk.page\/hr\/wp-json\/wp\/v2\/product_brand?post=742650"},{"taxonomy":"product_cat","embeddable":true,"href":"https:\/\/stoic-curie.212-227-153-4.plesk.page\/hr\/wp-json\/wp\/v2\/product_cat?post=742650"},{"taxonomy":"product_tag","embeddable":true,"href":"https:\/\/stoic-curie.212-227-153-4.plesk.page\/hr\/wp-json\/wp\/v2\/product_tag?post=742650"}],"curies":[{"name":"wp","href":"https:\/\/api.w.org\/{rel}","templated":true}]}}