{"id":742660,"date":"2025-03-03T18:22:52","date_gmt":"2025-03-03T17:22:52","guid":{"rendered":"https:\/\/stoic-curie.212-227-153-4.plesk.page\/producto\/sirius-led-navigacijska-svjetla-crno-kuciste-crvena-zarulja-h95mm\/"},"modified":"2026-02-25T00:01:02","modified_gmt":"2026-02-25T00:01:02","slug":"sirius-led-navigacijska-svjetla-crno-kuciste-crvena-zarulja-h95mm","status":"publish","type":"product","link":"https:\/\/stoic-curie.212-227-153-4.plesk.page\/hr\/product\/sirius-led-navigacijska-svjetla-crno-kuciste-crvena-zarulja-h95mm\/","title":{"rendered":"Sirius LED Navigacijska svjetla crno ku\u0107i\u0161te crvena \u017earulja H95mm"},"content":{"rendered":"<p>Sirius LED Navigacijska svjetla crno ku\u0107i\u0161te crvena \u017earulja H95mm &#8211; <\/p>\n<p>Oja\u010dano ku\u0107i\u0161te od polykarbonata s LED svjetlima 12\/24V. Ispunjava CE\/COLREG 72\/ABYC\/USCG zahtjeve. Dimenzije: 82 x 63 x H95 mm.<\/p>\n","protected":false},"excerpt":{"rendered":"<p>Sirius LED Navigacijska svjetla crno ku\u0107i\u0161te crvena \u017earulja H95mm &#8211; Oja\u010dano ku\u0107i\u0161te od polykarbonata s LED svjetlima 12\/24V. Ispunjava CE\/COLREG<\/p>\n","protected":false},"featured_media":5944085,"comment_status":"open","ping_status":"closed","template":"","meta":[],"product_brand":[2166,3236],"product_cat":[1736],"product_tag":[],"class_list":{"0":"post-742660","1":"product","2":"type-product","3":"status-publish","4":"has-post-thumbnail","6":"product_brand-osculati","7":"product_brand-osculati-hr","8":"product_cat-led-navigacijska-svjetla","10":"first","11":"instock","12":"shipping-taxable","13":"purchasable","14":"product-type-simple"},"_links":{"self":[{"href":"https:\/\/stoic-curie.212-227-153-4.plesk.page\/hr\/wp-json\/wp\/v2\/product\/742660","targetHints":{"allow":["GET"]}}],"collection":[{"href":"https:\/\/stoic-curie.212-227-153-4.plesk.page\/hr\/wp-json\/wp\/v2\/product"}],"about":[{"href":"https:\/\/stoic-curie.212-227-153-4.plesk.page\/hr\/wp-json\/wp\/v2\/types\/product"}],"replies":[{"embeddable":true,"href":"https:\/\/stoic-curie.212-227-153-4.plesk.page\/hr\/wp-json\/wp\/v2\/comments?post=742660"}],"version-history":[{"count":0,"href":"https:\/\/stoic-curie.212-227-153-4.plesk.page\/hr\/wp-json\/wp\/v2\/product\/742660\/revisions"}],"wp:featuredmedia":[{"embeddable":true,"href":"https:\/\/stoic-curie.212-227-153-4.plesk.page\/hr\/wp-json\/wp\/v2\/media\/5944085"}],"wp:attachment":[{"href":"https:\/\/stoic-curie.212-227-153-4.plesk.page\/hr\/wp-json\/wp\/v2\/media?parent=742660"}],"wp:term":[{"taxonomy":"product_brand","embeddable":true,"href":"https:\/\/stoic-curie.212-227-153-4.plesk.page\/hr\/wp-json\/wp\/v2\/product_brand?post=742660"},{"taxonomy":"product_cat","embeddable":true,"href":"https:\/\/stoic-curie.212-227-153-4.plesk.page\/hr\/wp-json\/wp\/v2\/product_cat?post=742660"},{"taxonomy":"product_tag","embeddable":true,"href":"https:\/\/stoic-curie.212-227-153-4.plesk.page\/hr\/wp-json\/wp\/v2\/product_tag?post=742660"}],"curies":[{"name":"wp","href":"https:\/\/api.w.org\/{rel}","templated":true}]}}