{"id":742664,"date":"2025-03-03T18:22:53","date_gmt":"2025-03-03T17:22:53","guid":{"rendered":"https:\/\/stoic-curie.212-227-153-4.plesk.page\/producto\/sirius-led-navigacijska-svjetiljka-dvobojna-h63-mm-crna-kutija\/"},"modified":"2026-02-25T00:01:02","modified_gmt":"2026-02-25T00:01:02","slug":"sirius-led-navigacijska-svjetiljka-dvobojna-h63-mm-crna-kutija","status":"publish","type":"product","link":"https:\/\/stoic-curie.212-227-153-4.plesk.page\/hr\/product\/sirius-led-navigacijska-svjetiljka-dvobojna-h63-mm-crna-kutija\/","title":{"rendered":"Sirius LED Navigacijska Svjetiljka Dvobojna H63 Mm Crna Kutija"},"content":{"rendered":"<p>Sirius LED Navigacijska Svjetiljka Dvobojna H63 Mm Crna Kutija &#8211; <\/p>\n<p>Oja\u010dano ku\u0107i\u0161te od polikarbonata za navigaciju s LED svjetlima 12\/24V. U skladu s CE\/COLREG 72\/ABYC\/USCG zahtjevima. Dimenzije: 82 x 63 x H95 mm.<\/p>\n","protected":false},"excerpt":{"rendered":"<p>Sirius LED Navigacijska Svjetiljka Dvobojna H63 Mm Crna Kutija &#8211; Oja\u010dano ku\u0107i\u0161te od polikarbonata za navigaciju s LED svjetlima 12\/24V.<\/p>\n","protected":false},"featured_media":5944089,"comment_status":"open","ping_status":"closed","template":"","meta":[],"product_brand":[3236],"product_cat":[1736],"product_tag":[],"class_list":{"0":"post-742664","1":"product","2":"type-product","3":"status-publish","4":"has-post-thumbnail","6":"product_brand-osculati-hr","7":"product_cat-led-navigacijska-svjetla","9":"first","10":"instock","11":"shipping-taxable","12":"purchasable","13":"product-type-simple"},"_links":{"self":[{"href":"https:\/\/stoic-curie.212-227-153-4.plesk.page\/hr\/wp-json\/wp\/v2\/product\/742664","targetHints":{"allow":["GET"]}}],"collection":[{"href":"https:\/\/stoic-curie.212-227-153-4.plesk.page\/hr\/wp-json\/wp\/v2\/product"}],"about":[{"href":"https:\/\/stoic-curie.212-227-153-4.plesk.page\/hr\/wp-json\/wp\/v2\/types\/product"}],"replies":[{"embeddable":true,"href":"https:\/\/stoic-curie.212-227-153-4.plesk.page\/hr\/wp-json\/wp\/v2\/comments?post=742664"}],"version-history":[{"count":0,"href":"https:\/\/stoic-curie.212-227-153-4.plesk.page\/hr\/wp-json\/wp\/v2\/product\/742664\/revisions"}],"wp:featuredmedia":[{"embeddable":true,"href":"https:\/\/stoic-curie.212-227-153-4.plesk.page\/hr\/wp-json\/wp\/v2\/media\/5944089"}],"wp:attachment":[{"href":"https:\/\/stoic-curie.212-227-153-4.plesk.page\/hr\/wp-json\/wp\/v2\/media?parent=742664"}],"wp:term":[{"taxonomy":"product_brand","embeddable":true,"href":"https:\/\/stoic-curie.212-227-153-4.plesk.page\/hr\/wp-json\/wp\/v2\/product_brand?post=742664"},{"taxonomy":"product_cat","embeddable":true,"href":"https:\/\/stoic-curie.212-227-153-4.plesk.page\/hr\/wp-json\/wp\/v2\/product_cat?post=742664"},{"taxonomy":"product_tag","embeddable":true,"href":"https:\/\/stoic-curie.212-227-153-4.plesk.page\/hr\/wp-json\/wp\/v2\/product_tag?post=742664"}],"curies":[{"name":"wp","href":"https:\/\/api.w.org\/{rel}","templated":true}]}}