{"id":742668,"date":"2025-03-03T18:22:54","date_gmt":"2025-03-03T17:22:54","guid":{"rendered":"https:\/\/stoic-curie.212-227-153-4.plesk.page\/producto\/sirius-bijela-led-navigacijska-svjetiljka-od-nehrdajuceg-celika-135o-h95mm\/"},"modified":"2026-02-25T00:01:02","modified_gmt":"2026-02-25T00:01:02","slug":"sirius-bijela-led-navigacijska-svjetiljka-od-nehrdajuceg-celika-135o-h95mm","status":"publish","type":"product","link":"https:\/\/stoic-curie.212-227-153-4.plesk.page\/hr\/product\/sirius-bijela-led-navigacijska-svjetiljka-od-nehrdajuceg-celika-135o-h95mm\/","title":{"rendered":"Sirius bijela LED navigacijska svjetiljka od nehr\u0111aju\u0107eg \u010delika 135\u00ba H95mm"},"content":{"rendered":"<p>Sirius bijela LED navigacijska svjetiljka od nehr\u0111aju\u0107eg \u010delika 135\u00ba H95mm &#8211; <\/p>\n<p>Navigacijska svjetla od nehr\u0111aju\u0107eg \u010delika za 12\/24V. Ispunjava CE\/COLREG 72\/ABYC\/USCG zahtjeve. Dimenzije: 82 x 63 x H95 mm.<\/p>\n","protected":false},"excerpt":{"rendered":"<p>Sirius bijela LED navigacijska svjetiljka od nehr\u0111aju\u0107eg \u010delika 135\u00ba H95mm &#8211; Navigacijska svjetla od nehr\u0111aju\u0107eg \u010delika za 12\/24V. Ispunjava CE\/COLREG<\/p>\n","protected":false},"featured_media":5944082,"comment_status":"open","ping_status":"closed","template":"","meta":[],"product_brand":[3236],"product_cat":[1736],"product_tag":[],"class_list":{"0":"post-742668","1":"product","2":"type-product","3":"status-publish","4":"has-post-thumbnail","6":"product_brand-osculati-hr","7":"product_cat-led-navigacijska-svjetla","9":"first","10":"instock","11":"shipping-taxable","12":"purchasable","13":"product-type-simple"},"_links":{"self":[{"href":"https:\/\/stoic-curie.212-227-153-4.plesk.page\/hr\/wp-json\/wp\/v2\/product\/742668","targetHints":{"allow":["GET"]}}],"collection":[{"href":"https:\/\/stoic-curie.212-227-153-4.plesk.page\/hr\/wp-json\/wp\/v2\/product"}],"about":[{"href":"https:\/\/stoic-curie.212-227-153-4.plesk.page\/hr\/wp-json\/wp\/v2\/types\/product"}],"replies":[{"embeddable":true,"href":"https:\/\/stoic-curie.212-227-153-4.plesk.page\/hr\/wp-json\/wp\/v2\/comments?post=742668"}],"version-history":[{"count":0,"href":"https:\/\/stoic-curie.212-227-153-4.plesk.page\/hr\/wp-json\/wp\/v2\/product\/742668\/revisions"}],"wp:featuredmedia":[{"embeddable":true,"href":"https:\/\/stoic-curie.212-227-153-4.plesk.page\/hr\/wp-json\/wp\/v2\/media\/5944082"}],"wp:attachment":[{"href":"https:\/\/stoic-curie.212-227-153-4.plesk.page\/hr\/wp-json\/wp\/v2\/media?parent=742668"}],"wp:term":[{"taxonomy":"product_brand","embeddable":true,"href":"https:\/\/stoic-curie.212-227-153-4.plesk.page\/hr\/wp-json\/wp\/v2\/product_brand?post=742668"},{"taxonomy":"product_cat","embeddable":true,"href":"https:\/\/stoic-curie.212-227-153-4.plesk.page\/hr\/wp-json\/wp\/v2\/product_cat?post=742668"},{"taxonomy":"product_tag","embeddable":true,"href":"https:\/\/stoic-curie.212-227-153-4.plesk.page\/hr\/wp-json\/wp\/v2\/product_tag?post=742668"}],"curies":[{"name":"wp","href":"https:\/\/api.w.org\/{rel}","templated":true}]}}