{"id":742669,"date":"2025-03-03T18:22:55","date_gmt":"2025-03-03T17:22:55","guid":{"rendered":"https:\/\/stoic-curie.212-227-153-4.plesk.page\/producto\/sirius-dvobojna-led-navigacijska-svjetiljka-od-nehrdajuceg-celika-h95mm\/"},"modified":"2026-02-25T00:01:02","modified_gmt":"2026-02-25T00:01:02","slug":"sirius-dvobojna-led-navigacijska-svjetiljka-od-nehrdajuceg-celika-h95mm","status":"publish","type":"product","link":"https:\/\/stoic-curie.212-227-153-4.plesk.page\/hr\/product\/sirius-dvobojna-led-navigacijska-svjetiljka-od-nehrdajuceg-celika-h95mm\/","title":{"rendered":"Sirius dvobojna LED navigacijska svjetiljka od nehr\u0111aju\u0107eg \u010delika H95mm"},"content":{"rendered":"<p>Sirius dvobojna LED navigacijska svjetiljka od nehr\u0111aju\u0107eg \u010delika H95mm &#8211; <\/p>\n<p>Navigacijska svjetla od nehr\u0111aju\u0107eg \u010delika za 12\/24V. Zadovoljava CE\/COLREG 72\/ABYC\/USCG zahtjeve. Dimenzije: 82 x 63 x H95 mm.<\/p>\n","protected":false},"excerpt":{"rendered":"<p>Sirius dvobojna LED navigacijska svjetiljka od nehr\u0111aju\u0107eg \u010delika H95mm &#8211; Navigacijska svjetla od nehr\u0111aju\u0107eg \u010delika za 12\/24V. Zadovoljava CE\/COLREG 72\/ABYC\/USCG<\/p>\n","protected":false},"featured_media":5944084,"comment_status":"open","ping_status":"closed","template":"","meta":[],"product_brand":[3236],"product_cat":[1736],"product_tag":[],"class_list":{"0":"post-742669","1":"product","2":"type-product","3":"status-publish","4":"has-post-thumbnail","6":"product_brand-osculati-hr","7":"product_cat-led-navigacijska-svjetla","9":"first","10":"instock","11":"shipping-taxable","12":"purchasable","13":"product-type-simple"},"_links":{"self":[{"href":"https:\/\/stoic-curie.212-227-153-4.plesk.page\/hr\/wp-json\/wp\/v2\/product\/742669","targetHints":{"allow":["GET"]}}],"collection":[{"href":"https:\/\/stoic-curie.212-227-153-4.plesk.page\/hr\/wp-json\/wp\/v2\/product"}],"about":[{"href":"https:\/\/stoic-curie.212-227-153-4.plesk.page\/hr\/wp-json\/wp\/v2\/types\/product"}],"replies":[{"embeddable":true,"href":"https:\/\/stoic-curie.212-227-153-4.plesk.page\/hr\/wp-json\/wp\/v2\/comments?post=742669"}],"version-history":[{"count":0,"href":"https:\/\/stoic-curie.212-227-153-4.plesk.page\/hr\/wp-json\/wp\/v2\/product\/742669\/revisions"}],"wp:featuredmedia":[{"embeddable":true,"href":"https:\/\/stoic-curie.212-227-153-4.plesk.page\/hr\/wp-json\/wp\/v2\/media\/5944084"}],"wp:attachment":[{"href":"https:\/\/stoic-curie.212-227-153-4.plesk.page\/hr\/wp-json\/wp\/v2\/media?parent=742669"}],"wp:term":[{"taxonomy":"product_brand","embeddable":true,"href":"https:\/\/stoic-curie.212-227-153-4.plesk.page\/hr\/wp-json\/wp\/v2\/product_brand?post=742669"},{"taxonomy":"product_cat","embeddable":true,"href":"https:\/\/stoic-curie.212-227-153-4.plesk.page\/hr\/wp-json\/wp\/v2\/product_cat?post=742669"},{"taxonomy":"product_tag","embeddable":true,"href":"https:\/\/stoic-curie.212-227-153-4.plesk.page\/hr\/wp-json\/wp\/v2\/product_tag?post=742669"}],"curies":[{"name":"wp","href":"https:\/\/api.w.org\/{rel}","templated":true}]}}