{"id":742670,"date":"2025-03-03T18:22:55","date_gmt":"2025-03-03T17:22:55","guid":{"rendered":"https:\/\/stoic-curie.212-227-153-4.plesk.page\/producto\/3m-perfect-it-gelcoat-tesko-sredstvo-za-poliranje-1lt\/"},"modified":"2026-02-25T00:01:02","modified_gmt":"2026-02-25T00:01:02","slug":"3m-perfect-it-gelcoat-tesko-sredstvo-za-poliranje-1lt","status":"publish","type":"product","link":"https:\/\/stoic-curie.212-227-153-4.plesk.page\/hr\/product\/3m-perfect-it-gelcoat-tesko-sredstvo-za-poliranje-1lt\/","title":{"rendered":"3m perfect-it gelcoat te\u0161ko sredstvo za poliranje 1lt"},"content":{"rendered":"<p>3m perfect-it gelcoat te\u0161ko sredstvo za poliranje 1lt &#8211; <\/p>\n<p>3M Perfect-it Heavy polish s niskim sadr\u017eajem VOC-a, specifi\u010dan za gelcoat i fiberglas. Idealno za sna\u017eno oksidirane povr\u0161ine; ne isu\u0161uje se i \u010dini proces lak\u0161im i br\u017eim.<\/p>\n","protected":false},"excerpt":{"rendered":"<p>3m perfect-it gelcoat te\u0161ko sredstvo za poliranje 1lt &#8211; 3M Perfect-it Heavy polish s niskim sadr\u017eajem VOC-a, specifi\u010dan za gelcoat<\/p>\n","protected":false},"featured_media":5944092,"comment_status":"open","ping_status":"closed","template":"","meta":[],"product_brand":[2771],"product_cat":[1628,1626],"product_tag":[],"class_list":{"0":"post-742670","1":"product","2":"type-product","3":"status-publish","4":"has-post-thumbnail","6":"product_brand-3m-marine-hr","7":"product_cat-proizvodi-za-ciscenje","8":"product_cat-proizvodi-za-odrzavanje","10":"first","11":"instock","12":"shipping-taxable","13":"purchasable","14":"product-type-simple"},"_links":{"self":[{"href":"https:\/\/stoic-curie.212-227-153-4.plesk.page\/hr\/wp-json\/wp\/v2\/product\/742670","targetHints":{"allow":["GET"]}}],"collection":[{"href":"https:\/\/stoic-curie.212-227-153-4.plesk.page\/hr\/wp-json\/wp\/v2\/product"}],"about":[{"href":"https:\/\/stoic-curie.212-227-153-4.plesk.page\/hr\/wp-json\/wp\/v2\/types\/product"}],"replies":[{"embeddable":true,"href":"https:\/\/stoic-curie.212-227-153-4.plesk.page\/hr\/wp-json\/wp\/v2\/comments?post=742670"}],"version-history":[{"count":0,"href":"https:\/\/stoic-curie.212-227-153-4.plesk.page\/hr\/wp-json\/wp\/v2\/product\/742670\/revisions"}],"wp:featuredmedia":[{"embeddable":true,"href":"https:\/\/stoic-curie.212-227-153-4.plesk.page\/hr\/wp-json\/wp\/v2\/media\/5944092"}],"wp:attachment":[{"href":"https:\/\/stoic-curie.212-227-153-4.plesk.page\/hr\/wp-json\/wp\/v2\/media?parent=742670"}],"wp:term":[{"taxonomy":"product_brand","embeddable":true,"href":"https:\/\/stoic-curie.212-227-153-4.plesk.page\/hr\/wp-json\/wp\/v2\/product_brand?post=742670"},{"taxonomy":"product_cat","embeddable":true,"href":"https:\/\/stoic-curie.212-227-153-4.plesk.page\/hr\/wp-json\/wp\/v2\/product_cat?post=742670"},{"taxonomy":"product_tag","embeddable":true,"href":"https:\/\/stoic-curie.212-227-153-4.plesk.page\/hr\/wp-json\/wp\/v2\/product_tag?post=742670"}],"curies":[{"name":"wp","href":"https:\/\/api.w.org\/{rel}","templated":true}]}}