{"id":742674,"date":"2025-03-03T18:22:56","date_gmt":"2025-03-03T17:22:56","guid":{"rendered":"https:\/\/stoic-curie.212-227-153-4.plesk.page\/producto\/samoljepljive-protuklizne-trake-3m-safety-walk-50mm-x-18mt-prozirna\/"},"modified":"2026-02-25T00:01:02","modified_gmt":"2026-02-25T00:01:02","slug":"samoljepljive-protuklizne-trake-3m-safety-walk-50mm-x-18mt-prozirna","status":"publish","type":"product","link":"https:\/\/stoic-curie.212-227-153-4.plesk.page\/hr\/product\/samoljepljive-protuklizne-trake-3m-safety-walk-50mm-x-18mt-prozirna\/","title":{"rendered":"Samoljepljive protuklizne trake &#8220;3M Safety-Walk&#8221;; 50mm x 18mt prozirna"},"content":{"rendered":"<p>Samoljepljive protuklizne trake &#8220;3M Safety-Walk&#8221;; 50mm x 18mt prozirna &#8211; <\/p>\n<p>3M Safety-Walk trakciona samoljepljiva traka. Udobna i higijenska, idealna za sve hodne povr\u0161ine. Izra\u0111ena od finih struktura smole na \u010dvrstoj poliesterskoj podlozi.<\/p>\n","protected":false},"excerpt":{"rendered":"<p>Samoljepljive protuklizne trake &#8220;3M Safety-Walk&#8221;; 50mm x 18mt prozirna &#8211; 3M Safety-Walk trakciona samoljepljiva traka. Udobna i higijenska, idealna za<\/p>\n","protected":false},"featured_media":5944097,"comment_status":"open","ping_status":"closed","template":"","meta":[],"product_brand":[2771],"product_cat":[1629],"product_tag":[],"class_list":{"0":"post-742674","1":"product","2":"type-product","3":"status-publish","4":"has-post-thumbnail","6":"product_brand-3m-marine-hr","7":"product_cat-protuklizne-trake-i-podovi","9":"first","10":"instock","11":"shipping-taxable","12":"purchasable","13":"product-type-simple"},"_links":{"self":[{"href":"https:\/\/stoic-curie.212-227-153-4.plesk.page\/hr\/wp-json\/wp\/v2\/product\/742674","targetHints":{"allow":["GET"]}}],"collection":[{"href":"https:\/\/stoic-curie.212-227-153-4.plesk.page\/hr\/wp-json\/wp\/v2\/product"}],"about":[{"href":"https:\/\/stoic-curie.212-227-153-4.plesk.page\/hr\/wp-json\/wp\/v2\/types\/product"}],"replies":[{"embeddable":true,"href":"https:\/\/stoic-curie.212-227-153-4.plesk.page\/hr\/wp-json\/wp\/v2\/comments?post=742674"}],"version-history":[{"count":0,"href":"https:\/\/stoic-curie.212-227-153-4.plesk.page\/hr\/wp-json\/wp\/v2\/product\/742674\/revisions"}],"wp:featuredmedia":[{"embeddable":true,"href":"https:\/\/stoic-curie.212-227-153-4.plesk.page\/hr\/wp-json\/wp\/v2\/media\/5944097"}],"wp:attachment":[{"href":"https:\/\/stoic-curie.212-227-153-4.plesk.page\/hr\/wp-json\/wp\/v2\/media?parent=742674"}],"wp:term":[{"taxonomy":"product_brand","embeddable":true,"href":"https:\/\/stoic-curie.212-227-153-4.plesk.page\/hr\/wp-json\/wp\/v2\/product_brand?post=742674"},{"taxonomy":"product_cat","embeddable":true,"href":"https:\/\/stoic-curie.212-227-153-4.plesk.page\/hr\/wp-json\/wp\/v2\/product_cat?post=742674"},{"taxonomy":"product_tag","embeddable":true,"href":"https:\/\/stoic-curie.212-227-153-4.plesk.page\/hr\/wp-json\/wp\/v2\/product_tag?post=742674"}],"curies":[{"name":"wp","href":"https:\/\/api.w.org\/{rel}","templated":true}]}}