{"id":742679,"date":"2025-03-03T18:22:58","date_gmt":"2025-03-03T17:22:58","guid":{"rendered":"https:\/\/stoic-curie.212-227-153-4.plesk.page\/producto\/velcro-3m-dvostruko-zakljucavanje-25mm-x-5m-crno\/"},"modified":"2026-02-25T00:01:02","modified_gmt":"2026-02-25T00:01:02","slug":"velcro-3m-dvostruko-zakljucavanje-25mm-x-5m-crno","status":"publish","type":"product","link":"https:\/\/stoic-curie.212-227-153-4.plesk.page\/hr\/product\/velcro-3m-dvostruko-zakljucavanje-25mm-x-5m-crno\/","title":{"rendered":"Velcro 3M dvostruko zakljucavanje 25mm x 5m crno"},"content":{"rendered":"<p>Velcro 3M dvostruko zakljucavanje 25mm x 5m crno &#8211; <\/p>\n<p>3M Dual Lock samoljepljivi ponovno zatvorivi sustav u\u010dvr\u0161\u0107ivanja s VHB akrilnim ljepilom. Za razliku od \u010di\u010dak trake, podnosi tisu\u0107e otvaranja s izuzetnom snagom zadr\u017eavanja. Idealan za pokriva\u010de, biminije, tkanine, zatvaranje, termo torbe itd.<\/p>\n","protected":false},"excerpt":{"rendered":"<p>Velcro 3M dvostruko zakljucavanje 25mm x 5m crno &#8211; 3M Dual Lock samoljepljivi ponovno zatvorivi sustav u\u010dvr\u0161\u0107ivanja s VHB akrilnim<\/p>\n","protected":false},"featured_media":5944115,"comment_status":"open","ping_status":"closed","template":"","meta":[],"product_brand":[2771],"product_cat":[1627],"product_tag":[],"class_list":{"0":"post-742679","1":"product","2":"type-product","3":"status-publish","4":"has-post-thumbnail","6":"product_brand-3m-marine-hr","7":"product_cat-vrpce-za-popravak","9":"first","10":"instock","11":"shipping-taxable","12":"purchasable","13":"product-type-simple"},"_links":{"self":[{"href":"https:\/\/stoic-curie.212-227-153-4.plesk.page\/hr\/wp-json\/wp\/v2\/product\/742679","targetHints":{"allow":["GET"]}}],"collection":[{"href":"https:\/\/stoic-curie.212-227-153-4.plesk.page\/hr\/wp-json\/wp\/v2\/product"}],"about":[{"href":"https:\/\/stoic-curie.212-227-153-4.plesk.page\/hr\/wp-json\/wp\/v2\/types\/product"}],"replies":[{"embeddable":true,"href":"https:\/\/stoic-curie.212-227-153-4.plesk.page\/hr\/wp-json\/wp\/v2\/comments?post=742679"}],"version-history":[{"count":0,"href":"https:\/\/stoic-curie.212-227-153-4.plesk.page\/hr\/wp-json\/wp\/v2\/product\/742679\/revisions"}],"wp:featuredmedia":[{"embeddable":true,"href":"https:\/\/stoic-curie.212-227-153-4.plesk.page\/hr\/wp-json\/wp\/v2\/media\/5944115"}],"wp:attachment":[{"href":"https:\/\/stoic-curie.212-227-153-4.plesk.page\/hr\/wp-json\/wp\/v2\/media?parent=742679"}],"wp:term":[{"taxonomy":"product_brand","embeddable":true,"href":"https:\/\/stoic-curie.212-227-153-4.plesk.page\/hr\/wp-json\/wp\/v2\/product_brand?post=742679"},{"taxonomy":"product_cat","embeddable":true,"href":"https:\/\/stoic-curie.212-227-153-4.plesk.page\/hr\/wp-json\/wp\/v2\/product_cat?post=742679"},{"taxonomy":"product_tag","embeddable":true,"href":"https:\/\/stoic-curie.212-227-153-4.plesk.page\/hr\/wp-json\/wp\/v2\/product_tag?post=742679"}],"curies":[{"name":"wp","href":"https:\/\/api.w.org\/{rel}","templated":true}]}}