{"id":742683,"date":"2025-03-03T18:22:59","date_gmt":"2025-03-03T17:22:59","guid":{"rendered":"https:\/\/stoic-curie.212-227-153-4.plesk.page\/producto\/traka-za-popravak-3m-389-50mm-x-25m\/"},"modified":"2026-02-25T00:01:02","modified_gmt":"2026-02-25T00:01:02","slug":"traka-za-popravak-3m-389-50mm-x-25m","status":"publish","type":"product","link":"https:\/\/stoic-curie.212-227-153-4.plesk.page\/hr\/product\/traka-za-popravak-3m-389-50mm-x-25m\/","title":{"rendered":"Traka za popravak 3M 389 (50mm x 25m)"},"content":{"rendered":"<p>Traka za popravak 3M 389 (50mm x 25m) &#8211; <\/p>\n<p>3M 389 vodootporna platnena traka s vrlo jakim vodootpornim ljepilom od 9 N\/cm, idealna za sve pomorske primjene koje zahtijevaju otpornost na morsku okolinu. Mo\u017ee se koristiti za za\u0161titu, odr\u017eavanje i u\u010dvr\u0161\u0107ivanje \u017eica, pogodna za sve vrste povr\u0161ina. Debljina: 0,260 mm.<\/p>\n","protected":false},"excerpt":{"rendered":"<p>Traka za popravak 3M 389 (50mm x 25m) &#8211; 3M 389 vodootporna platnena traka s vrlo jakim vodootpornim ljepilom od<\/p>\n","protected":false},"featured_media":5944122,"comment_status":"open","ping_status":"closed","template":"","meta":[],"product_brand":[2260,2771],"product_cat":[1627],"product_tag":[],"class_list":{"0":"post-742683","1":"product","2":"type-product","3":"status-publish","4":"has-post-thumbnail","6":"product_brand-3m-marine","7":"product_brand-3m-marine-hr","8":"product_cat-vrpce-za-popravak","10":"first","11":"instock","12":"shipping-taxable","13":"purchasable","14":"product-type-simple"},"_links":{"self":[{"href":"https:\/\/stoic-curie.212-227-153-4.plesk.page\/hr\/wp-json\/wp\/v2\/product\/742683","targetHints":{"allow":["GET"]}}],"collection":[{"href":"https:\/\/stoic-curie.212-227-153-4.plesk.page\/hr\/wp-json\/wp\/v2\/product"}],"about":[{"href":"https:\/\/stoic-curie.212-227-153-4.plesk.page\/hr\/wp-json\/wp\/v2\/types\/product"}],"replies":[{"embeddable":true,"href":"https:\/\/stoic-curie.212-227-153-4.plesk.page\/hr\/wp-json\/wp\/v2\/comments?post=742683"}],"version-history":[{"count":0,"href":"https:\/\/stoic-curie.212-227-153-4.plesk.page\/hr\/wp-json\/wp\/v2\/product\/742683\/revisions"}],"wp:featuredmedia":[{"embeddable":true,"href":"https:\/\/stoic-curie.212-227-153-4.plesk.page\/hr\/wp-json\/wp\/v2\/media\/5944122"}],"wp:attachment":[{"href":"https:\/\/stoic-curie.212-227-153-4.plesk.page\/hr\/wp-json\/wp\/v2\/media?parent=742683"}],"wp:term":[{"taxonomy":"product_brand","embeddable":true,"href":"https:\/\/stoic-curie.212-227-153-4.plesk.page\/hr\/wp-json\/wp\/v2\/product_brand?post=742683"},{"taxonomy":"product_cat","embeddable":true,"href":"https:\/\/stoic-curie.212-227-153-4.plesk.page\/hr\/wp-json\/wp\/v2\/product_cat?post=742683"},{"taxonomy":"product_tag","embeddable":true,"href":"https:\/\/stoic-curie.212-227-153-4.plesk.page\/hr\/wp-json\/wp\/v2\/product_tag?post=742683"}],"curies":[{"name":"wp","href":"https:\/\/api.w.org\/{rel}","templated":true}]}}