{"id":742684,"date":"2025-03-03T18:22:59","date_gmt":"2025-03-03T17:22:59","guid":{"rendered":"https:\/\/stoic-curie.212-227-153-4.plesk.page\/producto\/amortizer-sidermarine-mpp-k-20-do-90-tona\/"},"modified":"2026-02-25T00:01:02","modified_gmt":"2026-02-25T00:01:02","slug":"amortizer-sidermarine-mpp-k-20-do-90-tona","status":"publish","type":"product","link":"https:\/\/stoic-curie.212-227-153-4.plesk.page\/hr\/product\/amortizer-sidermarine-mpp-k-20-do-90-tona\/","title":{"rendered":"SiderMarine MK55 hibrid za 30 do 90 tona"},"content":{"rendered":"<p>SiderMarine MK55 hibrid za 30 do 90 tona &#8211; <\/p>\n<p style=\"color: rgb(34, 34, 34); font-family: Arial, Helvetica, sans-serif; font-size: small;\">Predstavljamo MK 55 hibridno vezno opruge, dizajniranu za \u010damce te\u017eine izme\u0111u 30 i 90 tona. Ova inovativna opruga sadr\u017ei cilindri\u010dne elastomere koji pobolj\u0161avaju njezinu inercijalnu optere\u0107enost i pru\u017eaju progresivnu silu.<\/p>\n<p style=\"color: rgb(34, 34, 34); font-family: Arial, Helvetica, sans-serif; font-size: small;\">Klju\u010dne zna\u010dajke:<\/p>\n<ul style=\"color: rgb(34, 34, 34); font-family: Arial, Helvetica, sans-serif; font-size: small;\">\n<li>Progresivna sila prigu\u0161enja<\/li>\n<li>Tiha operacija i otpornost na stres<\/li>\n<li>Unutarnje komponente izra\u0111ene od 316 nehr\u0111aju\u0107eg \u010delika, bez zavarivanih spojeva<\/li>\n<li>U\u010dinkovit rad u \u0161irokom temperaturnom rasponu, od -20\u00b0 do +80\u00b0<\/li>\n<\/ul>\n<p style=\"color: rgb(34, 34, 34); font-family: Arial, Helvetica, sans-serif; font-size: small;\">Patentirani MK hibridni amortizeri koriste elastomere s visokom inercijalnom optere\u0107enosti. Kada se kombiniraju s oprugom &#8211; bilo da je rije\u010d o jednoj sredi\u0161njoj opruzi ili \u010detiri na svakom kraju &#8211; ovi elastomeri pobolj\u0161avaju sposobnost sustava da izdr\u017ei zna\u010dajne naprezanja. Ovaj dizajn omogu\u0107ava progresivno kretanje koje se prilago\u0111ava pokretu \u010damca.<\/p>\n<p style=\"color: rgb(34, 34, 34); font-family: Arial, Helvetica, sans-serif; font-size: small;\">Vezne opruge su esencijalne za smanjenje napetosti u veznim utezima. One su jedino u\u010dinkovito rje\u0161enje za minimiziranje oscilacija \u010damca dok je vezan, osiguravaju\u0107i sigurnost pravilnim prigu\u0161enjem napetosti u utezima. To zna\u010dajno smanjuje sile koje djeluju na stra\u017enje bove, stvaraju\u0107i stabilnije i ugodnije okru\u017eenje za korisnike.<\/p>\n<p style=\"color: rgb(34, 34, 34); font-family: Arial, Helvetica, sans-serif; font-size: small;\">Specifikacije:<\/p>\n<ul style=\"color: rgb(34, 34, 34); font-family: Arial, Helvetica, sans-serif; font-size: small;\">\n<li>Dimenzije: 108 x 474 mm (4.25 x 1.66 in\u010da)<\/li>\n<li>Te\u017eina: 5.40 kg (11.91 lbs)<\/li>\n<li>Pogodno za \u010damce te\u017eine od 30 do 90 tona.<\/li>\n<\/ul>\n","protected":false},"excerpt":{"rendered":"<p>SiderMarine MK55 hibrid za 30 do 90 tona &#8211; Predstavljamo MK 55 hibridno vezno opruge, dizajniranu za \u010damce te\u017eine izme\u0111u<\/p>\n","protected":false},"featured_media":5944132,"comment_status":"open","ping_status":"closed","template":"","meta":[],"product_brand":[3386],"product_cat":[1624],"product_tag":[],"class_list":{"0":"post-742684","1":"product","2":"type-product","3":"status-publish","4":"has-post-thumbnail","6":"product_brand-sidermarine-hr","7":"product_cat-amortizeri-za-konope-za-vez","9":"first","10":"instock","11":"shipping-taxable","12":"purchasable","13":"product-type-simple"},"_links":{"self":[{"href":"https:\/\/stoic-curie.212-227-153-4.plesk.page\/hr\/wp-json\/wp\/v2\/product\/742684","targetHints":{"allow":["GET"]}}],"collection":[{"href":"https:\/\/stoic-curie.212-227-153-4.plesk.page\/hr\/wp-json\/wp\/v2\/product"}],"about":[{"href":"https:\/\/stoic-curie.212-227-153-4.plesk.page\/hr\/wp-json\/wp\/v2\/types\/product"}],"replies":[{"embeddable":true,"href":"https:\/\/stoic-curie.212-227-153-4.plesk.page\/hr\/wp-json\/wp\/v2\/comments?post=742684"}],"version-history":[{"count":0,"href":"https:\/\/stoic-curie.212-227-153-4.plesk.page\/hr\/wp-json\/wp\/v2\/product\/742684\/revisions"}],"wp:featuredmedia":[{"embeddable":true,"href":"https:\/\/stoic-curie.212-227-153-4.plesk.page\/hr\/wp-json\/wp\/v2\/media\/5944132"}],"wp:attachment":[{"href":"https:\/\/stoic-curie.212-227-153-4.plesk.page\/hr\/wp-json\/wp\/v2\/media?parent=742684"}],"wp:term":[{"taxonomy":"product_brand","embeddable":true,"href":"https:\/\/stoic-curie.212-227-153-4.plesk.page\/hr\/wp-json\/wp\/v2\/product_brand?post=742684"},{"taxonomy":"product_cat","embeddable":true,"href":"https:\/\/stoic-curie.212-227-153-4.plesk.page\/hr\/wp-json\/wp\/v2\/product_cat?post=742684"},{"taxonomy":"product_tag","embeddable":true,"href":"https:\/\/stoic-curie.212-227-153-4.plesk.page\/hr\/wp-json\/wp\/v2\/product_tag?post=742684"}],"curies":[{"name":"wp","href":"https:\/\/api.w.org\/{rel}","templated":true}]}}