{"id":742691,"date":"2025-03-03T18:23:01","date_gmt":"2025-03-03T17:23:01","guid":{"rendered":"https:\/\/stoic-curie.212-227-153-4.plesk.page\/producto\/gps-brzinomjer-60-cvorova-85mm-uflex-ultra-bijela-12-24v\/"},"modified":"2026-02-25T00:01:02","modified_gmt":"2026-02-25T00:01:02","slug":"gps-brzinomjer-60-cvorova-85mm-uflex-ultra-bijela-12-24v","status":"publish","type":"product","link":"https:\/\/stoic-curie.212-227-153-4.plesk.page\/hr\/product\/gps-brzinomjer-60-cvorova-85mm-uflex-ultra-bijela-12-24v\/","title":{"rendered":"GPS brzinomjer 60 \u010dvorova 85mm Uflex Ultra bijela 12\/24V"},"content":{"rendered":"<p>GPS brzinomjer 60 \u010dvorova 85mm Uflex Ultra bijela 12\/24V &#8211; <\/p>\n<p>Uflex IP67 vodootporni instrumenti s dvostrukim oja\u010danim anti-kondenzacijskim le\u0107ama. Crni plasti\u010dni okvir i bijeli broj\u010danik. Univerzalni napon 12\/24V s prilagodljivim crvenim ili \u017eutim pozadinskim osvjetljenjem. Instalacija plug and play s uklju\u010denim \u017ei\u010danim Molex priklju\u010dkom. Svi indikatori tlaka, temperature, razine i kuta moraju biti opremljeni senzorima. GPS indikator brzine dolazi s prijemnikom i antenom.<\/p>\n","protected":false},"excerpt":{"rendered":"<p>GPS brzinomjer 60 \u010dvorova 85mm Uflex Ultra bijela 12\/24V &#8211; Uflex IP67 vodootporni instrumenti s dvostrukim oja\u010danim anti-kondenzacijskim le\u0107ama. Crni<\/p>\n","protected":false},"featured_media":5939511,"comment_status":"open","ping_status":"closed","template":"","meta":[],"product_brand":[3501],"product_cat":[1807],"product_tag":[],"class_list":{"0":"post-742691","1":"product","2":"type-product","3":"status-publish","4":"has-post-thumbnail","6":"product_brand-ultraflex-uflex-hr","7":"product_cat-uflex-instrumenti","9":"first","10":"instock","11":"shipping-taxable","12":"purchasable","13":"product-type-simple"},"_links":{"self":[{"href":"https:\/\/stoic-curie.212-227-153-4.plesk.page\/hr\/wp-json\/wp\/v2\/product\/742691","targetHints":{"allow":["GET"]}}],"collection":[{"href":"https:\/\/stoic-curie.212-227-153-4.plesk.page\/hr\/wp-json\/wp\/v2\/product"}],"about":[{"href":"https:\/\/stoic-curie.212-227-153-4.plesk.page\/hr\/wp-json\/wp\/v2\/types\/product"}],"replies":[{"embeddable":true,"href":"https:\/\/stoic-curie.212-227-153-4.plesk.page\/hr\/wp-json\/wp\/v2\/comments?post=742691"}],"version-history":[{"count":0,"href":"https:\/\/stoic-curie.212-227-153-4.plesk.page\/hr\/wp-json\/wp\/v2\/product\/742691\/revisions"}],"wp:featuredmedia":[{"embeddable":true,"href":"https:\/\/stoic-curie.212-227-153-4.plesk.page\/hr\/wp-json\/wp\/v2\/media\/5939511"}],"wp:attachment":[{"href":"https:\/\/stoic-curie.212-227-153-4.plesk.page\/hr\/wp-json\/wp\/v2\/media?parent=742691"}],"wp:term":[{"taxonomy":"product_brand","embeddable":true,"href":"https:\/\/stoic-curie.212-227-153-4.plesk.page\/hr\/wp-json\/wp\/v2\/product_brand?post=742691"},{"taxonomy":"product_cat","embeddable":true,"href":"https:\/\/stoic-curie.212-227-153-4.plesk.page\/hr\/wp-json\/wp\/v2\/product_cat?post=742691"},{"taxonomy":"product_tag","embeddable":true,"href":"https:\/\/stoic-curie.212-227-153-4.plesk.page\/hr\/wp-json\/wp\/v2\/product_tag?post=742691"}],"curies":[{"name":"wp","href":"https:\/\/api.w.org\/{rel}","templated":true}]}}