{"id":742693,"date":"2025-03-03T18:23:02","date_gmt":"2025-03-03T17:23:02","guid":{"rendered":"https:\/\/stoic-curie.212-227-153-4.plesk.page\/producto\/brzinomjer-s-brojacem-sati-uflex-ultra-black-8000-okr-min-85-mm\/"},"modified":"2026-02-25T00:01:02","modified_gmt":"2026-02-25T00:01:02","slug":"brzinomjer-s-brojacem-sati-uflex-ultra-black-8000-okr-min-85-mm","status":"publish","type":"product","link":"https:\/\/stoic-curie.212-227-153-4.plesk.page\/hr\/product\/brzinomjer-s-brojacem-sati-uflex-ultra-black-8000-okr-min-85-mm\/","title":{"rendered":"Brzinomjer s broja\u010dem sati Uflex Ultra Black 8000 okr \/ min 85 mm"},"content":{"rendered":"<p>Brzinomjer s broja\u010dem sati Uflex Ultra Black 8000 okr \/ min 85 mm &#8211; <\/p>\n<p>Uflex IP67 vodootporni instrumenti s dvostruko oja\u010danim anti-kondenzacijskim le\u0107ama. Crni plasti\u010dni okvir i crna plo\u010da. Univerzalni napon 12\/24V s prilagodljivim crvenim ili \u017eutim pozadinskim osvjetljenjem. Plug and play instalacija s uklju\u010denim \u017ei\u010danim Molex priklju\u010dkom. Svi indikatori pritiska, temperature, razine i kuta moraju biti opremljeni senzorima. GPS brzinomjer dolazi s prijemnikom i antenom.<\/p>\n","protected":false},"excerpt":{"rendered":"<p>Brzinomjer s broja\u010dem sati Uflex Ultra Black 8000 okr \/ min 85 mm &#8211; Uflex IP67 vodootporni instrumenti s dvostruko<\/p>\n","protected":false},"featured_media":5943400,"comment_status":"open","ping_status":"closed","template":"","meta":[],"product_brand":[3501],"product_cat":[1788,1807],"product_tag":[],"class_list":{"0":"post-742693","1":"product","2":"type-product","3":"status-publish","4":"has-post-thumbnail","6":"product_brand-ultraflex-uflex-hr","7":"product_cat-instrumenti-brojaca-okretaja","8":"product_cat-uflex-instrumenti","10":"first","11":"instock","12":"shipping-taxable","13":"purchasable","14":"product-type-simple"},"_links":{"self":[{"href":"https:\/\/stoic-curie.212-227-153-4.plesk.page\/hr\/wp-json\/wp\/v2\/product\/742693","targetHints":{"allow":["GET"]}}],"collection":[{"href":"https:\/\/stoic-curie.212-227-153-4.plesk.page\/hr\/wp-json\/wp\/v2\/product"}],"about":[{"href":"https:\/\/stoic-curie.212-227-153-4.plesk.page\/hr\/wp-json\/wp\/v2\/types\/product"}],"replies":[{"embeddable":true,"href":"https:\/\/stoic-curie.212-227-153-4.plesk.page\/hr\/wp-json\/wp\/v2\/comments?post=742693"}],"version-history":[{"count":0,"href":"https:\/\/stoic-curie.212-227-153-4.plesk.page\/hr\/wp-json\/wp\/v2\/product\/742693\/revisions"}],"wp:featuredmedia":[{"embeddable":true,"href":"https:\/\/stoic-curie.212-227-153-4.plesk.page\/hr\/wp-json\/wp\/v2\/media\/5943400"}],"wp:attachment":[{"href":"https:\/\/stoic-curie.212-227-153-4.plesk.page\/hr\/wp-json\/wp\/v2\/media?parent=742693"}],"wp:term":[{"taxonomy":"product_brand","embeddable":true,"href":"https:\/\/stoic-curie.212-227-153-4.plesk.page\/hr\/wp-json\/wp\/v2\/product_brand?post=742693"},{"taxonomy":"product_cat","embeddable":true,"href":"https:\/\/stoic-curie.212-227-153-4.plesk.page\/hr\/wp-json\/wp\/v2\/product_cat?post=742693"},{"taxonomy":"product_tag","embeddable":true,"href":"https:\/\/stoic-curie.212-227-153-4.plesk.page\/hr\/wp-json\/wp\/v2\/product_tag?post=742693"}],"curies":[{"name":"wp","href":"https:\/\/api.w.org\/{rel}","templated":true}]}}