{"id":742694,"date":"2025-03-03T18:23:03","date_gmt":"2025-03-03T17:23:03","guid":{"rendered":"https:\/\/stoic-curie.212-227-153-4.plesk.page\/producto\/brzinomjer-brojac-sati-uflex-ultra-bijeli-8000-okretaja-u-minuti-85-mm\/"},"modified":"2026-02-25T00:01:02","modified_gmt":"2026-02-25T00:01:02","slug":"brzinomjer-brojac-sati-uflex-ultra-bijeli-8000-okretaja-u-minuti-85-mm","status":"publish","type":"product","link":"https:\/\/stoic-curie.212-227-153-4.plesk.page\/hr\/product\/brzinomjer-brojac-sati-uflex-ultra-bijeli-8000-okretaja-u-minuti-85-mm\/","title":{"rendered":"Brzinomjer\/broja\u010d sati  Uflex Ultra bijeli 8000 okretaja u minuti, 85 mm"},"content":{"rendered":"<p>Brzinomjer\/broja\u010d sati  Uflex Ultra bijeli 8000 okretaja u minuti, 85 mm &#8211; <\/p>\n<p>Uflex IP67 vodootporni instrumenti s dvostrukom oja\u010danom le\u0107om protiv kondenzacije. Crni plasti\u010dni okvir i bijeli broj\u010danik. Univerzalni napon 12\/24V s prilagodljivim crvenim ili \u017eutim pozadinskim osvjetljenjem. Plug-and-play instalacija s kabelskim Molex konektorom. Svi indikatori pritiska, temperature, razine i kuta moraju se dovr\u0161iti senzorima. GPS indikator brzine dolazi s prijamnikom i antenom.<\/p>\n","protected":false},"excerpt":{"rendered":"<p>Brzinomjer\/broja\u010d sati Uflex Ultra bijeli 8000 okretaja u minuti, 85 mm &#8211; Uflex IP67 vodootporni instrumenti s dvostrukom oja\u010danom le\u0107om<\/p>\n","protected":false},"featured_media":5943401,"comment_status":"open","ping_status":"closed","template":"","meta":[],"product_brand":[3501],"product_cat":[1788,1807],"product_tag":[],"class_list":{"0":"post-742694","1":"product","2":"type-product","3":"status-publish","4":"has-post-thumbnail","6":"product_brand-ultraflex-uflex-hr","7":"product_cat-instrumenti-brojaca-okretaja","8":"product_cat-uflex-instrumenti","10":"first","11":"instock","12":"shipping-taxable","13":"purchasable","14":"product-type-simple"},"_links":{"self":[{"href":"https:\/\/stoic-curie.212-227-153-4.plesk.page\/hr\/wp-json\/wp\/v2\/product\/742694","targetHints":{"allow":["GET"]}}],"collection":[{"href":"https:\/\/stoic-curie.212-227-153-4.plesk.page\/hr\/wp-json\/wp\/v2\/product"}],"about":[{"href":"https:\/\/stoic-curie.212-227-153-4.plesk.page\/hr\/wp-json\/wp\/v2\/types\/product"}],"replies":[{"embeddable":true,"href":"https:\/\/stoic-curie.212-227-153-4.plesk.page\/hr\/wp-json\/wp\/v2\/comments?post=742694"}],"version-history":[{"count":0,"href":"https:\/\/stoic-curie.212-227-153-4.plesk.page\/hr\/wp-json\/wp\/v2\/product\/742694\/revisions"}],"wp:featuredmedia":[{"embeddable":true,"href":"https:\/\/stoic-curie.212-227-153-4.plesk.page\/hr\/wp-json\/wp\/v2\/media\/5943401"}],"wp:attachment":[{"href":"https:\/\/stoic-curie.212-227-153-4.plesk.page\/hr\/wp-json\/wp\/v2\/media?parent=742694"}],"wp:term":[{"taxonomy":"product_brand","embeddable":true,"href":"https:\/\/stoic-curie.212-227-153-4.plesk.page\/hr\/wp-json\/wp\/v2\/product_brand?post=742694"},{"taxonomy":"product_cat","embeddable":true,"href":"https:\/\/stoic-curie.212-227-153-4.plesk.page\/hr\/wp-json\/wp\/v2\/product_cat?post=742694"},{"taxonomy":"product_tag","embeddable":true,"href":"https:\/\/stoic-curie.212-227-153-4.plesk.page\/hr\/wp-json\/wp\/v2\/product_tag?post=742694"}],"curies":[{"name":"wp","href":"https:\/\/api.w.org\/{rel}","templated":true}]}}