{"id":742695,"date":"2025-03-03T18:23:04","date_gmt":"2025-03-03T17:23:04","guid":{"rendered":"https:\/\/stoic-curie.212-227-153-4.plesk.page\/producto\/antena-glomex-wi-fi-webboat-4g-lite-evo\/"},"modified":"2026-02-25T00:01:02","modified_gmt":"2026-02-25T00:01:02","slug":"antena-glomex-wi-fi-webboat-4g-lite-evo","status":"publish","type":"product","link":"https:\/\/stoic-curie.212-227-153-4.plesk.page\/hr\/product\/antena-glomex-wi-fi-webboat-4g-lite-evo\/","title":{"rendered":"Antena Glomex Wi-fi Webboat 4g Lite EVO"},"content":{"rendered":"<p>Antena Glomex Wi-fi Webboat 4g Lite EVO &#8211; <\/p>\n<p>Webboat Lite Evo Wi-Fi i GSM\/GPRS\/EDGE\/UMTS &#8211; 3G\/4G\/LTE Glomex antena<\/p>\n<p>Glomex Webboat Lite Evo antena radi na 10-30V i pru\u017ea internet i GSM signale do 15 milja od obale. Djeluje kao Wi-Fi pristupna to\u010dka i brodski usmjeriva\u010d s \u010detiri Ethernet porta. Dodatno, uklju\u010duje \u010detiri 4G prijemnika za mobilnu povezanost. Ure\u0111aj ima dva SIM utora za GSM veze i dvije Wi-Fi antene, omogu\u0107avaju\u0107i pristup internetu za sve ure\u0111aje na brodu, uklju\u010duju\u0107i pametne telefone, ra\u010dunala i tablete. Automatski se prebacuje izme\u0111u GSM-a i Wi-Fi-a kako bi smanjio tro\u0161kove interneta. Sustav dolazi s besplatnim Android i iPhone aplikacijama i nudi jednostavnu Plug&amp;Play instalaciju za lako postavljanje i kontrolu.<\/p>\n<p>Detalji proizvoda<\/p>\n<p>Jednostavni mobilni podaci i Wi-Fi<\/p>\n<p>Uz GLOMEX weBBoat\u00ae 4G Lite Evo antenu, lako mo\u017eete pregledavati internet bez kompliciranih instalacija. Jednostavno umetnite svoju SIM karticu i spojite antenu na izvor napajanja od 10-30V DC. Nakon brzog postavljanja putem GLOMEX weBBoat\u00ae aplikacije, bit \u0107ete spremni za surfanje internetom.<\/p>\n<p>Jednostavna povezanost<\/p>\n<p>GLOMEX weBBoat\u00ae 4G Lite Evo mo\u017ee se povezati s Wi-Fi mre\u017eama do otprilike 15 nauti\u010dkih milja, ovisno o okoli\u0161u i instalaciji. Ovu povezanost mo\u017eete dijeliti s do 24 ure\u0111aja. Ako Wi-Fi hotspot nije dostupan, mo\u017eete koristiti 4G (LTE) ili 3G mobilnu mre\u017eu svog davatelja usluga (SIM kartica opcionalno), ovisno o dostupnosti. GLOMEX weBBoat\u00ae 4G Lite Evo je tako\u0111er prikladan za ve\u0107e jahte ili plovila gdje metalni trupovi i nadgradnje mogu ometati prijem. U takvim slu\u010dajevima, pristupna to\u010dka u anteni mo\u017ee se povezati s unutra\u0161njosti plovila putem Ethernet kabela. Osim weBBoat\u00ae Wi-Fi hotspot-a, dostupna je i \u017ei\u010dana Ethernet priklju\u010dnica (RJ45).<\/p>\n<p>U\u0161tedite mobilne podatke<\/p>\n<p>GLOMEX weBBoat\u00ae 4G Lite Evo automatski se prebacuje izme\u0111u mobilnih podataka i Wi-Fi-a. Ako koristite svoju mobilnu vezu tijekom putovanja i stignete u svoj doma\u0107i luku, ure\u0111aj \u0107e se odjaviti iz mobilne mre\u017ee i automatski povezati s poznatom Wi-Fi mre\u017eom.<\/p>\n<hr>\n<p>GLOMEX weBBoat\u00ae 4G Lite Evo &#8211; Karakteristike<\/p>\n<ul>\n<li>Jednostavna Plug and Play instalacija: Spojite weBBoat\u00ae antenu na izvor napajanja od 10-30V DC, a nakon kratke konfiguracije, spremni ste za surfanje internetom.<\/li>\n<li>Domet mobilnih podataka: U\u017eivajte u pokrivenosti mobilnim podacima do 15 nauti\u010dkih milja (ovisno o okoli\u0161u i instalaciji).<\/li>\n<li>Pristup 3G i 4G (LTE): Surfajte mobilnom mre\u017eom svog davatelja dok ste u pokretu.<\/li>\n<li>U\u0161teda podataka: Smanjite kori\u0161tenje mobilnih podataka automatskim prebacivanjem na poznate be\u017ei\u010dne mre\u017ee.<\/li>\n<li>Povezivanje vi\u0161e ure\u0111aja: Do 24 ure\u0111aja mo\u017ee istovremeno koristiti GLOMEX weBBoat\u00ae antenu za pristup internetu.<\/li>\n<li>Korisni\u010dka aplikacija: Intuitivna GLOMEX weBBoat\u00ae aplikacija omogu\u0107ava brzu konfiguraciju i upravljanje antenom.<\/li>\n<li>Izdr\u017eljiv dizajn: Ku\u0107i\u0161te antene otporno na UV zrake \u0161titi unutra\u0161njost od morskih uvjeta.<\/li>\n<\/ul>\n<hr>\n<p>Jednostavna instalacija<\/p>\n<p>GLOMEX weBBoat\u00ae 4G Lite Evo dolazi s monta\u017enim dr\u017ea\u010dima koji omogu\u0107uju postavljanje na ravnu povr\u0161inu ili na standardni nosa\u010d antene s vanjskim navojem 1&#8243;-14. Alternativno, dostupna je originalna GLOMEX TM002 monta\u017ea za postavljanje na blago zakrivljene povr\u0161ine.<\/p>\n<p>Za optimalan prijem, postavite antenu na visinu u\u017ee (maksimum 8-10 metara od palube). Za motorne brodove preporu\u010damo monta\u017eu weBBoat\u00ae 4G Lite Evo na prostor za opremu.<\/p>\n","protected":false},"excerpt":{"rendered":"<p>Antena Glomex Wi-fi Webboat 4g Lite EVO &#8211; Webboat Lite Evo Wi-Fi i GSM\/GPRS\/EDGE\/UMTS &#8211; 3G\/4G\/LTE Glomex antena Glomex Webboat<\/p>\n","protected":false},"featured_media":5944153,"comment_status":"open","ping_status":"closed","template":"","meta":[],"product_brand":[2981],"product_cat":[1754],"product_tag":[],"class_list":{"0":"post-742695","1":"product","2":"type-product","3":"status-publish","4":"has-post-thumbnail","6":"product_brand-glomex-hr","7":"product_cat-tv-antene","9":"first","10":"instock","11":"shipping-taxable","12":"purchasable","13":"product-type-simple"},"_links":{"self":[{"href":"https:\/\/stoic-curie.212-227-153-4.plesk.page\/hr\/wp-json\/wp\/v2\/product\/742695","targetHints":{"allow":["GET"]}}],"collection":[{"href":"https:\/\/stoic-curie.212-227-153-4.plesk.page\/hr\/wp-json\/wp\/v2\/product"}],"about":[{"href":"https:\/\/stoic-curie.212-227-153-4.plesk.page\/hr\/wp-json\/wp\/v2\/types\/product"}],"replies":[{"embeddable":true,"href":"https:\/\/stoic-curie.212-227-153-4.plesk.page\/hr\/wp-json\/wp\/v2\/comments?post=742695"}],"version-history":[{"count":0,"href":"https:\/\/stoic-curie.212-227-153-4.plesk.page\/hr\/wp-json\/wp\/v2\/product\/742695\/revisions"}],"wp:featuredmedia":[{"embeddable":true,"href":"https:\/\/stoic-curie.212-227-153-4.plesk.page\/hr\/wp-json\/wp\/v2\/media\/5944153"}],"wp:attachment":[{"href":"https:\/\/stoic-curie.212-227-153-4.plesk.page\/hr\/wp-json\/wp\/v2\/media?parent=742695"}],"wp:term":[{"taxonomy":"product_brand","embeddable":true,"href":"https:\/\/stoic-curie.212-227-153-4.plesk.page\/hr\/wp-json\/wp\/v2\/product_brand?post=742695"},{"taxonomy":"product_cat","embeddable":true,"href":"https:\/\/stoic-curie.212-227-153-4.plesk.page\/hr\/wp-json\/wp\/v2\/product_cat?post=742695"},{"taxonomy":"product_tag","embeddable":true,"href":"https:\/\/stoic-curie.212-227-153-4.plesk.page\/hr\/wp-json\/wp\/v2\/product_tag?post=742695"}],"curies":[{"name":"wp","href":"https:\/\/api.w.org\/{rel}","templated":true}]}}