{"id":742699,"date":"2025-03-03T18:23:05","date_gmt":"2025-03-03T17:23:05","guid":{"rendered":"https:\/\/stoic-curie.212-227-153-4.plesk.page\/producto\/set-2-zvucnika-boss-marine-mr52b\/"},"modified":"2026-02-25T00:01:02","modified_gmt":"2026-02-25T00:01:02","slug":"set-2-zvucnika-boss-marine-mr52b","status":"publish","type":"product","link":"https:\/\/stoic-curie.212-227-153-4.plesk.page\/hr\/product\/set-2-zvucnika-boss-marine-mr52b\/","title":{"rendered":"Set 2 zvu\u010dnika Boss Marine Mr52b"},"content":{"rendered":"<p>Set 2 zvu\u010dnika Boss Marine Mr52b &#8211; <\/p>\n<p>2-smerni BOSS MR52 zvu\u010dnici pru\u017eaju izvrstan izlaz kroz cijeli frekvencijski spektar, osiguravaju\u0107i izvrstan zvu\u010dni difuzor. Opremljeni wooferom od polipropilenskog platna za ograni\u010davanje rezonantne buke i 25 mm Mylar visokotonacom.<\/p>\n","protected":false},"excerpt":{"rendered":"<p>Set 2 zvu\u010dnika Boss Marine Mr52b &#8211; 2-smerni BOSS MR52 zvu\u010dnici pru\u017eaju izvrstan izlaz kroz cijeli frekvencijski spektar, osiguravaju\u0107i izvrstan<\/p>\n","protected":false},"featured_media":5944155,"comment_status":"open","ping_status":"closed","template":"","meta":[],"product_brand":[2841],"product_cat":[1733],"product_tag":[],"class_list":{"0":"post-742699","1":"product","2":"type-product","3":"status-publish","4":"has-post-thumbnail","6":"product_brand-boss-marine-hr","7":"product_cat-stereo-i-zvucnici","9":"first","10":"outofstock","11":"shipping-taxable","12":"purchasable","13":"product-type-simple"},"_links":{"self":[{"href":"https:\/\/stoic-curie.212-227-153-4.plesk.page\/hr\/wp-json\/wp\/v2\/product\/742699","targetHints":{"allow":["GET"]}}],"collection":[{"href":"https:\/\/stoic-curie.212-227-153-4.plesk.page\/hr\/wp-json\/wp\/v2\/product"}],"about":[{"href":"https:\/\/stoic-curie.212-227-153-4.plesk.page\/hr\/wp-json\/wp\/v2\/types\/product"}],"replies":[{"embeddable":true,"href":"https:\/\/stoic-curie.212-227-153-4.plesk.page\/hr\/wp-json\/wp\/v2\/comments?post=742699"}],"version-history":[{"count":0,"href":"https:\/\/stoic-curie.212-227-153-4.plesk.page\/hr\/wp-json\/wp\/v2\/product\/742699\/revisions"}],"wp:featuredmedia":[{"embeddable":true,"href":"https:\/\/stoic-curie.212-227-153-4.plesk.page\/hr\/wp-json\/wp\/v2\/media\/5944155"}],"wp:attachment":[{"href":"https:\/\/stoic-curie.212-227-153-4.plesk.page\/hr\/wp-json\/wp\/v2\/media?parent=742699"}],"wp:term":[{"taxonomy":"product_brand","embeddable":true,"href":"https:\/\/stoic-curie.212-227-153-4.plesk.page\/hr\/wp-json\/wp\/v2\/product_brand?post=742699"},{"taxonomy":"product_cat","embeddable":true,"href":"https:\/\/stoic-curie.212-227-153-4.plesk.page\/hr\/wp-json\/wp\/v2\/product_cat?post=742699"},{"taxonomy":"product_tag","embeddable":true,"href":"https:\/\/stoic-curie.212-227-153-4.plesk.page\/hr\/wp-json\/wp\/v2\/product_tag?post=742699"}],"curies":[{"name":"wp","href":"https:\/\/api.w.org\/{rel}","templated":true}]}}