{"id":742703,"date":"2025-03-03T18:23:07","date_gmt":"2025-03-03T17:23:07","guid":{"rendered":"https:\/\/stoic-curie.212-227-153-4.plesk.page\/producto\/wichard-sigurnosni-remen-2-x-16-mt\/"},"modified":"2026-02-25T00:01:02","modified_gmt":"2026-02-25T00:01:02","slug":"wichard-sigurnosni-remen-2-x-16-mt","status":"publish","type":"product","link":"https:\/\/stoic-curie.212-227-153-4.plesk.page\/hr\/product\/wichard-sigurnosni-remen-2-x-16-mt\/","title":{"rendered":"Wichard sigurnosni remen 2 x 16 mt"},"content":{"rendered":"<p>Wichard sigurnosni remen 2 x 16 mt &#8211; <\/p>\n<p>Par podesivih sigurnosnih traka koje omogu\u0107uju sigurno kretanje po palubi. Dizajnirane za dr\u017eanje dvije osobe od 100 kg koje vise s ruba, \u010dak i u uzburkanom moru. Vrlo izdr\u017eljive, izra\u0111ene s reflektiraju\u0107om trakom i rubom otpornim na habanje s obje strane. Mogu se lako pri\u010dvrstiti za bilo koju bovu, uho ili to\u010dku vezivanja zahvaljuju\u0107i brtvi i antiskliznoj kop\u010di koja dolazi s fotoluminiscentnom kutijom. \u0160irina traka je 25 mm. Ocijenjena prekidna optere\u0107enja iznosi 3000 kg.<\/p>\n","protected":false},"excerpt":{"rendered":"<p>Wichard sigurnosni remen 2 x 16 mt &#8211; Par podesivih sigurnosnih traka koje omogu\u0107uju sigurno kretanje po palubi. Dizajnirane za<\/p>\n","protected":false},"featured_media":5944157,"comment_status":"open","ping_status":"closed","template":"","meta":[],"product_brand":[3536],"product_cat":[1771,1604],"product_tag":[],"class_list":{"0":"post-742703","1":"product","2":"type-product","3":"status-publish","4":"has-post-thumbnail","6":"product_brand-wichard-hr","7":"product_cat-oprema-za-jedrilice-oprema-za-jedrilice","8":"product_cat-pojasevi-za-spasavanje-i-remenje","10":"first","11":"instock","12":"shipping-taxable","13":"purchasable","14":"product-type-simple"},"_links":{"self":[{"href":"https:\/\/stoic-curie.212-227-153-4.plesk.page\/hr\/wp-json\/wp\/v2\/product\/742703","targetHints":{"allow":["GET"]}}],"collection":[{"href":"https:\/\/stoic-curie.212-227-153-4.plesk.page\/hr\/wp-json\/wp\/v2\/product"}],"about":[{"href":"https:\/\/stoic-curie.212-227-153-4.plesk.page\/hr\/wp-json\/wp\/v2\/types\/product"}],"replies":[{"embeddable":true,"href":"https:\/\/stoic-curie.212-227-153-4.plesk.page\/hr\/wp-json\/wp\/v2\/comments?post=742703"}],"version-history":[{"count":0,"href":"https:\/\/stoic-curie.212-227-153-4.plesk.page\/hr\/wp-json\/wp\/v2\/product\/742703\/revisions"}],"wp:featuredmedia":[{"embeddable":true,"href":"https:\/\/stoic-curie.212-227-153-4.plesk.page\/hr\/wp-json\/wp\/v2\/media\/5944157"}],"wp:attachment":[{"href":"https:\/\/stoic-curie.212-227-153-4.plesk.page\/hr\/wp-json\/wp\/v2\/media?parent=742703"}],"wp:term":[{"taxonomy":"product_brand","embeddable":true,"href":"https:\/\/stoic-curie.212-227-153-4.plesk.page\/hr\/wp-json\/wp\/v2\/product_brand?post=742703"},{"taxonomy":"product_cat","embeddable":true,"href":"https:\/\/stoic-curie.212-227-153-4.plesk.page\/hr\/wp-json\/wp\/v2\/product_cat?post=742703"},{"taxonomy":"product_tag","embeddable":true,"href":"https:\/\/stoic-curie.212-227-153-4.plesk.page\/hr\/wp-json\/wp\/v2\/product_tag?post=742703"}],"curies":[{"name":"wp","href":"https:\/\/api.w.org\/{rel}","templated":true}]}}