{"id":742704,"date":"2025-03-03T18:23:07","date_gmt":"2025-03-03T17:23:07","guid":{"rendered":"https:\/\/stoic-curie.212-227-153-4.plesk.page\/producto\/cistac-trupa-set-scrubbis\/"},"modified":"2026-02-25T00:01:02","modified_gmt":"2026-02-25T00:01:02","slug":"cistac-trupa-set-scrubbis","status":"publish","type":"product","link":"https:\/\/stoic-curie.212-227-153-4.plesk.page\/hr\/product\/cistac-trupa-set-scrubbis\/","title":{"rendered":"\u010cista\u010d trupa Set &#8220;Scrubbis&#8221;"},"content":{"rendered":"<p>\u010cista\u010d trupa Set &#8220;Scrubbis&#8221; &#8211; <\/p>\n<p>Inovativni i jednostavni set za \u010di\u0161\u0107enje Scrubbis Hull Scraper koji vam omogu\u0107uje \u010di\u0161\u0107enje cijele trupa dok je brod u vodi. Koristi plovnost glave (2 kg) kako bi primijenio pritisak putem struga\u010da na trup. Lagano mo\u017eete ukloniti alge, naslage, \u0161koljke i rakove jednostavnim pokretom ruke. Set uklju\u010duje:<\/p>\n","protected":false},"excerpt":{"rendered":"<p>\u010cista\u010d trupa Set &#8220;Scrubbis&#8221; &#8211; Inovativni i jednostavni set za \u010di\u0161\u0107enje Scrubbis Hull Scraper koji vam omogu\u0107uje \u010di\u0161\u0107enje cijele trupa<\/p>\n","protected":false},"featured_media":5944161,"comment_status":"open","ping_status":"closed","template":"","meta":[],"product_brand":[3341],"product_cat":[1633],"product_tag":[],"class_list":{"0":"post-742704","1":"product","2":"type-product","3":"status-publish","4":"has-post-thumbnail","6":"product_brand-scrubbis-hr","7":"product_cat-cetke-za-ciscenje","9":"first","10":"instock","11":"shipping-taxable","12":"purchasable","13":"product-type-simple"},"_links":{"self":[{"href":"https:\/\/stoic-curie.212-227-153-4.plesk.page\/hr\/wp-json\/wp\/v2\/product\/742704","targetHints":{"allow":["GET"]}}],"collection":[{"href":"https:\/\/stoic-curie.212-227-153-4.plesk.page\/hr\/wp-json\/wp\/v2\/product"}],"about":[{"href":"https:\/\/stoic-curie.212-227-153-4.plesk.page\/hr\/wp-json\/wp\/v2\/types\/product"}],"replies":[{"embeddable":true,"href":"https:\/\/stoic-curie.212-227-153-4.plesk.page\/hr\/wp-json\/wp\/v2\/comments?post=742704"}],"version-history":[{"count":0,"href":"https:\/\/stoic-curie.212-227-153-4.plesk.page\/hr\/wp-json\/wp\/v2\/product\/742704\/revisions"}],"wp:featuredmedia":[{"embeddable":true,"href":"https:\/\/stoic-curie.212-227-153-4.plesk.page\/hr\/wp-json\/wp\/v2\/media\/5944161"}],"wp:attachment":[{"href":"https:\/\/stoic-curie.212-227-153-4.plesk.page\/hr\/wp-json\/wp\/v2\/media?parent=742704"}],"wp:term":[{"taxonomy":"product_brand","embeddable":true,"href":"https:\/\/stoic-curie.212-227-153-4.plesk.page\/hr\/wp-json\/wp\/v2\/product_brand?post=742704"},{"taxonomy":"product_cat","embeddable":true,"href":"https:\/\/stoic-curie.212-227-153-4.plesk.page\/hr\/wp-json\/wp\/v2\/product_cat?post=742704"},{"taxonomy":"product_tag","embeddable":true,"href":"https:\/\/stoic-curie.212-227-153-4.plesk.page\/hr\/wp-json\/wp\/v2\/product_tag?post=742704"}],"curies":[{"name":"wp","href":"https:\/\/api.w.org\/{rel}","templated":true}]}}