{"id":742706,"date":"2025-03-03T18:23:08","date_gmt":"2025-03-03T17:23:08","guid":{"rendered":"https:\/\/stoic-curie.212-227-153-4.plesk.page\/producto\/scrubbis-kuka-za-hvatanje-veza\/"},"modified":"2026-02-25T00:01:02","modified_gmt":"2026-02-25T00:01:02","slug":"scrubbis-kuka-za-hvatanje-veza","status":"publish","type":"product","link":"https:\/\/stoic-curie.212-227-153-4.plesk.page\/hr\/product\/scrubbis-kuka-za-hvatanje-veza\/","title":{"rendered":"Scrubbis kuka za hvatanje veza"},"content":{"rendered":"<p>Scrubbis kuka za hvatanje veza &#8211; <\/p>\n<p>Vi\u0161enamjenski sidri\u0161ni kuka Scrubbis mo\u017ee se koristiti kao kuka za \u010damce za provo\u0111enje sidrenog u\u017eeta kroz uho pluta ili kroz uho na doku. Sastoji se od kuka i teleskopske ru\u010dke, koja se mora kupiti odvojeno.<\/p>\n","protected":false},"excerpt":{"rendered":"<p>Scrubbis kuka za hvatanje veza &#8211; Vi\u0161enamjenski sidri\u0161ni kuka Scrubbis mo\u017ee se koristiti kao kuka za \u010damce za provo\u0111enje sidrenog<\/p>\n","protected":false},"featured_media":5944174,"comment_status":"open","ping_status":"closed","template":"","meta":[],"product_brand":[3341],"product_cat":[1616],"product_tag":[],"class_list":{"0":"post-742706","1":"product","2":"type-product","3":"status-publish","4":"has-post-thumbnail","6":"product_brand-scrubbis-hr","7":"product_cat-kuke-za-privez-i-pristajanje","9":"first","10":"instock","11":"shipping-taxable","12":"purchasable","13":"product-type-simple"},"_links":{"self":[{"href":"https:\/\/stoic-curie.212-227-153-4.plesk.page\/hr\/wp-json\/wp\/v2\/product\/742706","targetHints":{"allow":["GET"]}}],"collection":[{"href":"https:\/\/stoic-curie.212-227-153-4.plesk.page\/hr\/wp-json\/wp\/v2\/product"}],"about":[{"href":"https:\/\/stoic-curie.212-227-153-4.plesk.page\/hr\/wp-json\/wp\/v2\/types\/product"}],"replies":[{"embeddable":true,"href":"https:\/\/stoic-curie.212-227-153-4.plesk.page\/hr\/wp-json\/wp\/v2\/comments?post=742706"}],"version-history":[{"count":0,"href":"https:\/\/stoic-curie.212-227-153-4.plesk.page\/hr\/wp-json\/wp\/v2\/product\/742706\/revisions"}],"wp:featuredmedia":[{"embeddable":true,"href":"https:\/\/stoic-curie.212-227-153-4.plesk.page\/hr\/wp-json\/wp\/v2\/media\/5944174"}],"wp:attachment":[{"href":"https:\/\/stoic-curie.212-227-153-4.plesk.page\/hr\/wp-json\/wp\/v2\/media?parent=742706"}],"wp:term":[{"taxonomy":"product_brand","embeddable":true,"href":"https:\/\/stoic-curie.212-227-153-4.plesk.page\/hr\/wp-json\/wp\/v2\/product_brand?post=742706"},{"taxonomy":"product_cat","embeddable":true,"href":"https:\/\/stoic-curie.212-227-153-4.plesk.page\/hr\/wp-json\/wp\/v2\/product_cat?post=742706"},{"taxonomy":"product_tag","embeddable":true,"href":"https:\/\/stoic-curie.212-227-153-4.plesk.page\/hr\/wp-json\/wp\/v2\/product_tag?post=742706"}],"curies":[{"name":"wp","href":"https:\/\/api.w.org\/{rel}","templated":true}]}}