{"id":742707,"date":"2025-03-03T18:23:08","date_gmt":"2025-03-03T17:23:08","guid":{"rendered":"https:\/\/stoic-curie.212-227-153-4.plesk.page\/producto\/liros-konop-za-vez-sa-upletkom-i-zastitom-10mm-x10mt\/"},"modified":"2026-02-25T00:01:02","modified_gmt":"2026-02-25T00:01:02","slug":"liros-konop-za-vez-sa-upletkom-i-zastitom-10mm-x10mt","status":"publish","type":"product","link":"https:\/\/stoic-curie.212-227-153-4.plesk.page\/hr\/product\/liros-konop-za-vez-sa-upletkom-i-zastitom-10mm-x10mt\/","title":{"rendered":"Liros konop za vez sa upletkom i za\u0161titom 10mm x10mt"},"content":{"rendered":"<p>Liros konop za vez sa upletkom i za\u0161titom 10mm x10mt &#8211; <\/p>\n<p> Spreman za upotrebu prethodno pleteni konopac za privezanstvo 40 cm s poliester za\u0161titnom navlakom. Mekan, lako se handluje, s visokom \u010dvrsto\u0107om na kidanje i visokom rastezljivo\u0161\u0107u.<\/p>\n","protected":false},"excerpt":{"rendered":"<p>Liros konop za vez sa upletkom i za\u0161titom 10mm x10mt &#8211; Spreman za upotrebu prethodno pleteni konopac za privezanstvo 40<\/p>\n","protected":false},"featured_media":5944178,"comment_status":"open","ping_status":"closed","template":"","meta":[],"product_brand":[3066],"product_cat":[1623],"product_tag":[],"class_list":{"0":"post-742707","1":"product","2":"type-product","3":"status-publish","4":"has-post-thumbnail","6":"product_brand-liros-hr","7":"product_cat-prethodno-spojena-uzad","9":"first","10":"instock","11":"shipping-taxable","12":"purchasable","13":"product-type-simple"},"_links":{"self":[{"href":"https:\/\/stoic-curie.212-227-153-4.plesk.page\/hr\/wp-json\/wp\/v2\/product\/742707","targetHints":{"allow":["GET"]}}],"collection":[{"href":"https:\/\/stoic-curie.212-227-153-4.plesk.page\/hr\/wp-json\/wp\/v2\/product"}],"about":[{"href":"https:\/\/stoic-curie.212-227-153-4.plesk.page\/hr\/wp-json\/wp\/v2\/types\/product"}],"replies":[{"embeddable":true,"href":"https:\/\/stoic-curie.212-227-153-4.plesk.page\/hr\/wp-json\/wp\/v2\/comments?post=742707"}],"version-history":[{"count":0,"href":"https:\/\/stoic-curie.212-227-153-4.plesk.page\/hr\/wp-json\/wp\/v2\/product\/742707\/revisions"}],"wp:featuredmedia":[{"embeddable":true,"href":"https:\/\/stoic-curie.212-227-153-4.plesk.page\/hr\/wp-json\/wp\/v2\/media\/5944178"}],"wp:attachment":[{"href":"https:\/\/stoic-curie.212-227-153-4.plesk.page\/hr\/wp-json\/wp\/v2\/media?parent=742707"}],"wp:term":[{"taxonomy":"product_brand","embeddable":true,"href":"https:\/\/stoic-curie.212-227-153-4.plesk.page\/hr\/wp-json\/wp\/v2\/product_brand?post=742707"},{"taxonomy":"product_cat","embeddable":true,"href":"https:\/\/stoic-curie.212-227-153-4.plesk.page\/hr\/wp-json\/wp\/v2\/product_cat?post=742707"},{"taxonomy":"product_tag","embeddable":true,"href":"https:\/\/stoic-curie.212-227-153-4.plesk.page\/hr\/wp-json\/wp\/v2\/product_tag?post=742707"}],"curies":[{"name":"wp","href":"https:\/\/api.w.org\/{rel}","templated":true}]}}